{"id":145,"date":"2015-11-14T13:44:47","date_gmt":"2015-11-14T12:44:47","guid":{"rendered":"http:\/\/rosendalshonung.se\/de\/?page_id=145"},"modified":"2015-11-14T16:26:31","modified_gmt":"2015-11-14T15:26:31","slug":"das-bienenjahr","status":"publish","type":"page","link":"https:\/\/rosendalshonung.se\/de\/firma\/das-bienenjahr\/","title":{"rendered":"Das Bienenjahr"},"content":{"rendered":"<p>Unsere Bieneng\u00e4rten befinden sich an verschiedenen Standorten in Markaryd, Ljungby und in der Gemeinde \u00c4lmhult. Die Beuten sind an ihrer gelben Farbe und den rotbraunen Blechd\u00e4chern zu erkennen.<\/p>\n<div class=\"csRow\">\n<div class=\"csColumnGap\" style=\"margin: 0px; padding: 0px; float: left; width: 1.04%;\"><img decoding=\"async\" src=\"https:\/\/rosendalshonung.se\/wp-content\/plugins\/advanced-wp-columns\/assets\/js\/plugins\/views\/img\/1x1-pixel.png\" alt=\"\" \/><\/div>\n<div class=\"csColumn\" style=\"margin: 0px; padding: 0px; float: left; width: 46.9%;\" data-csid=\"4eed7975-41f2-6478-9d9c-d88fd8c8ee23\" data-cswidth=\"46.9%\" data-csendpoint=\"460\" data-csstartpoint=\"10\">\n<p><img loading=\"lazy\" decoding=\"async\" class=\"alignnone size-full wp-image-127\" src=\"https:\/\/rosendalshonung.se\/wp-content\/uploads\/2015\/04\/biaret11.jpg\" alt=\"biaret1\" width=\"640\" height=\"480\" \/>Fr\u00fchlingsdurchsicht\u00a0 und Futtergabe mit Apifonda.<\/p>\n<p><img loading=\"lazy\" decoding=\"async\" class=\"alignnone size-full wp-image-125\" src=\"https:\/\/rosendalshonung.se\/wp-content\/uploads\/2015\/04\/biaret3.jpg\" alt=\"biaret3\" width=\"640\" height=\"480\" \/>Kontrolle der Rahmen.<\/p>\n<p><img loading=\"lazy\" decoding=\"async\" class=\"alignleft wp-image-340 size-full\" src=\"https:\/\/rosendalshonung.se\/wp-content\/uploads\/sites\/1\/2015\/04\/biaret5.jpg\" alt=\"\" width=\"640\" height=\"480\" \/>Kontrolle der Rahmen.<\/p>\n<p><img loading=\"lazy\" decoding=\"async\" class=\"alignnone size-full wp-image-650\" src=\"https:\/\/rosendalshonung.se\/wp-content\/uploads\/2015\/04\/ramtillverkning.jpg\" alt=\"ramtillverkning\" width=\"640\" height=\"480\" \/><a href=\"https:\/\/rosendalshonung.se\/wp-content\/uploads\/2015\/04\/ramtillverkning.jpg\"><br \/>\n<\/a>Herstellung der R\u00e4hmchen f\u00fcr die kommende Saison.<\/p>\n<p><img loading=\"lazy\" decoding=\"async\" class=\"alignnone size-full wp-image-653\" src=\"https:\/\/rosendalshonung.se\/wp-content\/uploads\/2015\/04\/bikupor.jpg\" alt=\"bikupor\" width=\"640\" height=\"480\" \/>Zeit unsere K\u00f6niginnen mit unseren Ablegern zu paaren.<\/p>\n<p><img loading=\"lazy\" decoding=\"async\" class=\"alignnone size-full wp-image-655\" src=\"https:\/\/rosendalshonung.se\/wp-content\/uploads\/2015\/04\/svarmplockning.jpg\" alt=\"svarmplockning\" width=\"640\" height=\"480\" \/>Einfangen eines Schwarms. Die K\u00fche beobachten neugierig, was da vor sich geht.<\/p>\n<\/div>\n<div class=\"csColumnGap\" style=\"margin: 0px; padding: 0px; float: left; width: 4.17%;\"><img decoding=\"async\" src=\"https:\/\/rosendalshonung.se\/wp-content\/plugins\/advanced-wp-columns\/assets\/js\/plugins\/views\/img\/1x1-pixel.png\" alt=\"\" \/><\/div>\n<div class=\"csColumn\" style=\"margin: 0px; padding: 0px; float: left; width: 46.9%;\" data-csid=\"512fd7e8-6cfe-ba47-a1d6-dab6a0d0c784\" data-cswidth=\"46.9%\" data-csendpoint=\"950\" data-csstartpoint=\"500\">\n<p><img loading=\"lazy\" decoding=\"async\" class=\"alignnone size-full wp-image-124\" src=\"https:\/\/rosendalshonung.se\/wp-content\/uploads\/2015\/04\/biaret2.jpg\" alt=\"biaret2\" width=\"640\" height=\"480\" \/>Die sch\u00f6ne Natur Sm\u00e5lands.<\/p>\n<p><img loading=\"lazy\" decoding=\"async\" class=\"alignnone size-full wp-image-122\" src=\"https:\/\/rosendalshonung.se\/wp-content\/uploads\/2015\/04\/biaret5.jpg\" alt=\"biaret5\" width=\"640\" height=\"480\" \/>Kontrolle der Rahmen.<\/p>\n<p><img loading=\"lazy\" decoding=\"async\" class=\"alignleft size-full wp-image-339\" src=\"https:\/\/rosendalshonung.se\/wp-content\/uploads\/sites\/1\/2015\/04\/biaret6.jpg\" alt=\"biaret6\" width=\"640\" height=\"480\" \/><\/p>\n<p>Bienenbeuten<\/p>\n<p><img loading=\"lazy\" decoding=\"async\" class=\"alignnone size-full wp-image-651\" src=\"https:\/\/rosendalshonung.se\/wp-content\/uploads\/2015\/04\/utkorning-sockerlosning.jpg\" alt=\"utkorning-sockerlosning\" width=\"640\" height=\"480\" \/>Ausliefern der Zuckerl\u00f6sung in unserem speziell gebauten Anh\u00e4nger (ca 1200l).<\/p>\n<p><img loading=\"lazy\" decoding=\"async\" class=\"alignnone size-full wp-image-652\" src=\"https:\/\/rosendalshonung.se\/wp-content\/uploads\/2015\/04\/kontroll.jpg\" alt=\"kontroll\" width=\"640\" height=\"480\" \/>Kontrolle ob die Paarung erfolgreich war.<\/p>\n<\/div>\n<div class=\"csColumnGap\" style=\"margin: 0px; padding: 0px; float: left; width: 1.04%;\"><img decoding=\"async\" src=\"https:\/\/rosendalshonung.se\/wp-content\/plugins\/advanced-wp-columns\/assets\/js\/plugins\/views\/img\/1x1-pixel.png\" alt=\"\" \/><\/div>\n<div style=\"clear: both; float: none; display: block; visibility: hidden; width: 0px; font-size: 0px; line-height: 0;\"><\/div>\n<\/div>\n<p>&nbsp;<\/p>\n","protected":false},"excerpt":{"rendered":"<p>Unsere Bieneng\u00e4rten befinden sich an verschiedenen Standorten in Markaryd, Ljungby und in der Gemeinde \u00c4lmhult. Die Beuten sind an ihrer gelben Farbe und den rotbraunen Blechd\u00e4chern zu erkennen. Fr\u00fchlingsdurchsicht\u00a0 und Futtergabe mit Apifonda. Kontrolle der Rahmen. Kontrolle der Rahmen. Herstellung<span class=\"ellipsis\">&hellip;<\/span><\/p>\n<div class=\"read-more\"><a href=\"https:\/\/rosendalshonung.se\/de\/firma\/das-bienenjahr\/\">Weiterlesen \u203a<\/a><\/div>\n<p><!-- end of .read-more --><\/p>\n","protected":false},"author":1,"featured_media":0,"parent":41,"menu_order":30,"comment_status":"closed","ping_status":"closed","template":"full-width-page.php","meta":{"footnotes":""},"class_list":["post-145","page","type-page","status-publish","hentry"],"yoast_head":"<!-- This site is optimized with the Yoast SEO plugin v26.0 - https:\/\/yoast.com\/wordpress\/plugins\/seo\/ -->\n<title>Das Bienenjahr - Webview German Site<\/title>\n<meta name=\"robots\" content=\"index, follow, max-snippet:-1, max-image-preview:large, max-video-preview:-1\" \/>\n<link rel=\"canonical\" href=\"https:\/\/rosendalshonung.se\/de\/firma\/das-bienenjahr\/\" \/>\n<meta property=\"og:locale\" content=\"de_DE\" \/>\n<meta property=\"og:type\" content=\"article\" \/>\n<meta property=\"og:title\" content=\"Das Bienenjahr - Webview German Site\" \/>\n<meta property=\"og:description\" content=\"Unsere Bieneng\u00e4rten befinden sich an verschiedenen Standorten in Markaryd, Ljungby und in der Gemeinde \u00c4lmhult. Die Beuten sind an ihrer gelben Farbe und den rotbraunen Blechd\u00e4chern zu erkennen. Fr\u00fchlingsdurchsicht\u00a0 und Futtergabe mit Apifonda. Kontrolle der Rahmen. Kontrolle der Rahmen. Herstellung&hellip;Weiterlesen \u203a\" \/>\n<meta property=\"og:url\" content=\"https:\/\/rosendalshonung.se\/de\/firma\/das-bienenjahr\/\" \/>\n<meta property=\"og:site_name\" content=\"Webview German Site\" \/>\n<meta property=\"article:modified_time\" content=\"2015-11-14T15:26:31+00:00\" \/>\n<meta property=\"og:image\" content=\"https:\/\/rosendalshonung.se\/wp-content\/plugins\/advanced-wp-columns\/assets\/js\/plugins\/views\/img\/1x1-pixel.png\" \/>\n<meta name=\"twitter:card\" content=\"summary_large_image\" \/>\n<meta name=\"twitter:label1\" content=\"Gesch\u00e4tzte Lesezeit\" \/>\n\t<meta name=\"twitter:data1\" content=\"1\u00a0Minute\" \/>\n<script type=\"application\/ld+json\" class=\"yoast-schema-graph\">{\"@context\":\"https:\/\/schema.org\",\"@graph\":[{\"@type\":\"WebPage\",\"@id\":\"https:\/\/rosendalshonung.se\/de\/firma\/das-bienenjahr\/\",\"url\":\"https:\/\/rosendalshonung.se\/de\/firma\/das-bienenjahr\/\",\"name\":\"Das Bienenjahr - Webview German Site\",\"isPartOf\":{\"@id\":\"https:\/\/rosendalshonung.se\/de\/#website\"},\"primaryImageOfPage\":{\"@id\":\"https:\/\/rosendalshonung.se\/de\/firma\/das-bienenjahr\/#primaryimage\"},\"image\":{\"@id\":\"https:\/\/rosendalshonung.se\/de\/firma\/das-bienenjahr\/#primaryimage\"},\"thumbnailUrl\":\"https:\/\/rosendalshonung.se\/wp-content\/plugins\/advanced-wp-columns\/assets\/js\/plugins\/views\/img\/1x1-pixel.png\",\"datePublished\":\"2015-11-14T12:44:47+00:00\",\"dateModified\":\"2015-11-14T15:26:31+00:00\",\"breadcrumb\":{\"@id\":\"https:\/\/rosendalshonung.se\/de\/firma\/das-bienenjahr\/#breadcrumb\"},\"inLanguage\":\"de\",\"potentialAction\":[{\"@type\":\"ReadAction\",\"target\":[\"https:\/\/rosendalshonung.se\/de\/firma\/das-bienenjahr\/\"]}]},{\"@type\":\"ImageObject\",\"inLanguage\":\"de\",\"@id\":\"https:\/\/rosendalshonung.se\/de\/firma\/das-bienenjahr\/#primaryimage\",\"url\":\"https:\/\/rosendalshonung.se\/wp-content\/plugins\/advanced-wp-columns\/assets\/js\/plugins\/views\/img\/1x1-pixel.png\",\"contentUrl\":\"https:\/\/rosendalshonung.se\/wp-content\/plugins\/advanced-wp-columns\/assets\/js\/plugins\/views\/img\/1x1-pixel.png\"},{\"@type\":\"BreadcrumbList\",\"@id\":\"https:\/\/rosendalshonung.se\/de\/firma\/das-bienenjahr\/#breadcrumb\",\"itemListElement\":[{\"@type\":\"ListItem\",\"position\":1,\"name\":\"Hem\",\"item\":\"https:\/\/rosendalshonung.se\/de\/\"},{\"@type\":\"ListItem\",\"position\":2,\"name\":\"Firma\",\"item\":\"https:\/\/rosendalshonung.se\/de\/firma\/\"},{\"@type\":\"ListItem\",\"position\":3,\"name\":\"Das Bienenjahr\"}]},{\"@type\":\"WebSite\",\"@id\":\"https:\/\/rosendalshonung.se\/de\/#website\",\"url\":\"https:\/\/rosendalshonung.se\/de\/\",\"name\":\"Webview German Site\",\"description\":\"En till Webview Sites webbplats\",\"potentialAction\":[{\"@type\":\"SearchAction\",\"target\":{\"@type\":\"EntryPoint\",\"urlTemplate\":\"https:\/\/rosendalshonung.se\/de\/?s={search_term_string}\"},\"query-input\":{\"@type\":\"PropertyValueSpecification\",\"valueRequired\":true,\"valueName\":\"search_term_string\"}}],\"inLanguage\":\"de\"}]}<\/script>\n<!-- \/ Yoast SEO plugin. -->","yoast_head_json":{"title":"Das Bienenjahr - Webview German Site","robots":{"index":"index","follow":"follow","max-snippet":"max-snippet:-1","max-image-preview":"max-image-preview:large","max-video-preview":"max-video-preview:-1"},"canonical":"https:\/\/rosendalshonung.se\/de\/firma\/das-bienenjahr\/","og_locale":"de_DE","og_type":"article","og_title":"Das Bienenjahr - Webview German Site","og_description":"Unsere Bieneng\u00e4rten befinden sich an verschiedenen Standorten in Markaryd, Ljungby und in der Gemeinde \u00c4lmhult. Die Beuten sind an ihrer gelben Farbe und den rotbraunen Blechd\u00e4chern zu erkennen. Fr\u00fchlingsdurchsicht\u00a0 und Futtergabe mit Apifonda. Kontrolle der Rahmen. Kontrolle der Rahmen. Herstellung&hellip;Weiterlesen \u203a","og_url":"https:\/\/rosendalshonung.se\/de\/firma\/das-bienenjahr\/","og_site_name":"Webview German Site","article_modified_time":"2015-11-14T15:26:31+00:00","og_image":[{"url":"https:\/\/rosendalshonung.se\/wp-content\/plugins\/advanced-wp-columns\/assets\/js\/plugins\/views\/img\/1x1-pixel.png","type":"","width":"","height":""}],"twitter_card":"summary_large_image","twitter_misc":{"Gesch\u00e4tzte Lesezeit":"1\u00a0Minute"},"schema":{"@context":"https:\/\/schema.org","@graph":[{"@type":"WebPage","@id":"https:\/\/rosendalshonung.se\/de\/firma\/das-bienenjahr\/","url":"https:\/\/rosendalshonung.se\/de\/firma\/das-bienenjahr\/","name":"Das Bienenjahr - Webview German Site","isPartOf":{"@id":"https:\/\/rosendalshonung.se\/de\/#website"},"primaryImageOfPage":{"@id":"https:\/\/rosendalshonung.se\/de\/firma\/das-bienenjahr\/#primaryimage"},"image":{"@id":"https:\/\/rosendalshonung.se\/de\/firma\/das-bienenjahr\/#primaryimage"},"thumbnailUrl":"https:\/\/rosendalshonung.se\/wp-content\/plugins\/advanced-wp-columns\/assets\/js\/plugins\/views\/img\/1x1-pixel.png","datePublished":"2015-11-14T12:44:47+00:00","dateModified":"2015-11-14T15:26:31+00:00","breadcrumb":{"@id":"https:\/\/rosendalshonung.se\/de\/firma\/das-bienenjahr\/#breadcrumb"},"inLanguage":"de","potentialAction":[{"@type":"ReadAction","target":["https:\/\/rosendalshonung.se\/de\/firma\/das-bienenjahr\/"]}]},{"@type":"ImageObject","inLanguage":"de","@id":"https:\/\/rosendalshonung.se\/de\/firma\/das-bienenjahr\/#primaryimage","url":"https:\/\/rosendalshonung.se\/wp-content\/plugins\/advanced-wp-columns\/assets\/js\/plugins\/views\/img\/1x1-pixel.png","contentUrl":"https:\/\/rosendalshonung.se\/wp-content\/plugins\/advanced-wp-columns\/assets\/js\/plugins\/views\/img\/1x1-pixel.png"},{"@type":"BreadcrumbList","@id":"https:\/\/rosendalshonung.se\/de\/firma\/das-bienenjahr\/#breadcrumb","itemListElement":[{"@type":"ListItem","position":1,"name":"Hem","item":"https:\/\/rosendalshonung.se\/de\/"},{"@type":"ListItem","position":2,"name":"Firma","item":"https:\/\/rosendalshonung.se\/de\/firma\/"},{"@type":"ListItem","position":3,"name":"Das Bienenjahr"}]},{"@type":"WebSite","@id":"https:\/\/rosendalshonung.se\/de\/#website","url":"https:\/\/rosendalshonung.se\/de\/","name":"Webview German Site","description":"En till Webview Sites webbplats","potentialAction":[{"@type":"SearchAction","target":{"@type":"EntryPoint","urlTemplate":"https:\/\/rosendalshonung.se\/de\/?s={search_term_string}"},"query-input":{"@type":"PropertyValueSpecification","valueRequired":true,"valueName":"search_term_string"}}],"inLanguage":"de"}]}},"_links":{"self":[{"href":"https:\/\/rosendalshonung.se\/de\/wp-json\/wp\/v2\/pages\/145","targetHints":{"allow":["GET"]}}],"collection":[{"href":"https:\/\/rosendalshonung.se\/de\/wp-json\/wp\/v2\/pages"}],"about":[{"href":"https:\/\/rosendalshonung.se\/de\/wp-json\/wp\/v2\/types\/page"}],"author":[{"embeddable":true,"href":"https:\/\/rosendalshonung.se\/de\/wp-json\/wp\/v2\/users\/1"}],"replies":[{"embeddable":true,"href":"https:\/\/rosendalshonung.se\/de\/wp-json\/wp\/v2\/comments?post=145"}],"version-history":[{"count":1,"href":"https:\/\/rosendalshonung.se\/de\/wp-json\/wp\/v2\/pages\/145\/revisions"}],"predecessor-version":[{"id":146,"href":"https:\/\/rosendalshonung.se\/de\/wp-json\/wp\/v2\/pages\/145\/revisions\/146"}],"up":[{"embeddable":true,"href":"https:\/\/rosendalshonung.se\/de\/wp-json\/wp\/v2\/pages\/41"}],"wp:attachment":[{"href":"https:\/\/rosendalshonung.se\/de\/wp-json\/wp\/v2\/media?parent=145"}],"curies":[{"name":"wp","href":"https:\/\/api.w.org\/{rel}","templated":true}]}}