{"id":153,"date":"2015-11-14T14:54:03","date_gmt":"2015-11-14T13:54:03","guid":{"rendered":"http:\/\/rosendalshonung.se\/de\/?page_id=153"},"modified":"2017-04-18T13:22:17","modified_gmt":"2017-04-18T11:22:17","slug":"bienen","status":"publish","type":"page","link":"https:\/\/rosendalshonung.se\/de\/produkten\/bienen\/","title":{"rendered":"Bienen"},"content":{"rendered":"<p>Ableger werden im Laufe der Saison verkauft. Buckfast-Bienen, R\u00e4hmchenformat L\u00e5gnormal. Kontaktieren Sie uns bez\u00fcglich des Preises und der Verf\u00fcgbarkeit. Melden Sie sich bitte rechtzeitig. Wenn Sie Ableger mit dem R\u00e4hmchenformat Dadant oder\u00a0\u00be Langstroth wollen, melden Sie sich bei Monica Larsson vom Honungsg\u00e5rd<br \/>\n<strong><strong>Folgen Sie dem Link<\/strong>:<\/strong>\u00a0<a href=\"http:\/\/www.honungsgarden.com\/biodlingen\/avl%C3%A4ggare-15322557\" target=\"_blank\">Honungsg\u00e5rden, avl\u00e4ggare<\/a><\/p>\n<div class=\"csRow\">\n<div class=\"csColumnGap\" style=\"margin: 0px;padding: 0px;float: left;width: 1.5%\"><img decoding=\"async\" style=\"border: none\" src=\"https:\/\/rosendalshonung.se\/wp-content\/plugins\/advanced-wp-columns\/assets\/js\/plugins\/views\/img\/1x1-pixel.png\" alt=\"\" \/><\/div>\n<div class=\"csColumn\" style=\"margin: 0px;padding: 0px;float: left;width: 31.3%\">\n<p><img loading=\"lazy\" decoding=\"async\" class=\"alignnone size-full wp-image-234\" src=\"https:\/\/rosendalshonung.se\/wp-content\/uploads\/2015\/04\/biforsaljning2.jpg\" alt=\"biforsaljning2\" width=\"400\" height=\"300\" \/>Unsere Bienen<\/p>\n<p><img loading=\"lazy\" decoding=\"async\" class=\"alignnone size-full wp-image-661\" src=\"https:\/\/rosendalshonung.se\/wp-content\/uploads\/2015\/04\/bin.jpg\" alt=\"bin\" width=\"400\" height=\"300\" \/><\/p>\n<\/div>\n<div class=\"csColumnGap\" style=\"margin: 0px;padding: 0px;float: left;width: 1.5%\"><img decoding=\"async\" style=\"border: none\" src=\"https:\/\/rosendalshonung.se\/wp-content\/plugins\/advanced-wp-columns\/assets\/js\/plugins\/views\/img\/1x1-pixel.png\" alt=\"\" \/><\/div>\n<div class=\"csColumn\" style=\"margin: 0px;padding: 0px;float: left;width: 31.3%\">\n<p><img loading=\"lazy\" decoding=\"async\" class=\"alignnone size-full wp-image-233\" src=\"https:\/\/rosendalshonung.se\/wp-content\/uploads\/2015\/04\/biforsaljning1.jpg\" alt=\"biforsaljning1\" width=\"400\" height=\"300\" \/>Kinderstube<\/p>\n<p><img loading=\"lazy\" decoding=\"async\" class=\"alignnone size-full wp-image-660\" src=\"https:\/\/rosendalshonung.se\/wp-content\/uploads\/2015\/04\/binsamhallen.jpg\" alt=\"binsamhallen\" width=\"400\" height=\"300\" \/><\/p>\n<\/div>\n<div class=\"csColumnGap\" style=\"margin: 0px;padding: 0px;float: left;width: 1.5%\"><img decoding=\"async\" style=\"border: none\" src=\"https:\/\/rosendalshonung.se\/wp-content\/plugins\/advanced-wp-columns\/assets\/js\/plugins\/views\/img\/1x1-pixel.png\" alt=\"\" \/><\/div>\n<div class=\"csColumn\" style=\"margin: 0px;padding: 0px;float: left;width: 31.4%\">\n<p><img loading=\"lazy\" decoding=\"async\" class=\"alignnone size-full wp-image-232\" src=\"https:\/\/rosendalshonung.se\/wp-content\/uploads\/2015\/04\/biforsaljning3.jpg\" alt=\"biforsaljning3\" width=\"400\" height=\"300\" \/><br \/>\nPer kontrolliert im Fr\u00fchling ein Volk .<\/p>\n<\/div>\n<\/div>\n","protected":false},"excerpt":{"rendered":"<p>Ableger werden im Laufe der Saison verkauft. Buckfast-Bienen, R\u00e4hmchenformat L\u00e5gnormal. Kontaktieren Sie uns bez\u00fcglich des Preises und der Verf\u00fcgbarkeit. Melden Sie sich bitte rechtzeitig. Wenn Sie Ableger mit dem R\u00e4hmchenformat Dadant oder\u00a0\u00be Langstroth wollen, melden Sie sich bei Monica Larsson<span class=\"ellipsis\">&hellip;<\/span><\/p>\n<div class=\"read-more\"><a href=\"https:\/\/rosendalshonung.se\/de\/produkten\/bienen\/\">Weiterlesen \u203a<\/a><\/div>\n<p><!-- end of .read-more --><\/p>\n","protected":false},"author":1,"featured_media":0,"parent":22,"menu_order":40,"comment_status":"closed","ping_status":"closed","template":"full-width-page.php","meta":{"footnotes":""},"class_list":["post-153","page","type-page","status-publish","hentry"],"yoast_head":"<!-- This site is optimized with the Yoast SEO plugin v26.0 - https:\/\/yoast.com\/wordpress\/plugins\/seo\/ -->\n<title>Bienen - Webview German Site<\/title>\n<meta name=\"robots\" content=\"index, follow, max-snippet:-1, max-image-preview:large, max-video-preview:-1\" \/>\n<link rel=\"canonical\" href=\"https:\/\/rosendalshonung.se\/de\/produkten\/bienen\/\" \/>\n<meta property=\"og:locale\" content=\"de_DE\" \/>\n<meta property=\"og:type\" content=\"article\" \/>\n<meta property=\"og:title\" content=\"Bienen - Webview German Site\" \/>\n<meta property=\"og:description\" content=\"Ableger werden im Laufe der Saison verkauft. Buckfast-Bienen, R\u00e4hmchenformat L\u00e5gnormal. Kontaktieren Sie uns bez\u00fcglich des Preises und der Verf\u00fcgbarkeit. Melden Sie sich bitte rechtzeitig. Wenn Sie Ableger mit dem R\u00e4hmchenformat Dadant oder\u00a0\u00be Langstroth wollen, melden Sie sich bei Monica Larsson&hellip;Weiterlesen \u203a\" \/>\n<meta property=\"og:url\" content=\"https:\/\/rosendalshonung.se\/de\/produkten\/bienen\/\" \/>\n<meta property=\"og:site_name\" content=\"Webview German Site\" \/>\n<meta property=\"article:modified_time\" content=\"2017-04-18T11:22:17+00:00\" \/>\n<meta property=\"og:image\" content=\"https:\/\/rosendalshonung.se\/wp-content\/plugins\/advanced-wp-columns\/assets\/js\/plugins\/views\/img\/1x1-pixel.png\" \/>\n<meta name=\"twitter:card\" content=\"summary_large_image\" \/>\n<script type=\"application\/ld+json\" class=\"yoast-schema-graph\">{\"@context\":\"https:\/\/schema.org\",\"@graph\":[{\"@type\":\"WebPage\",\"@id\":\"https:\/\/rosendalshonung.se\/de\/produkten\/bienen\/\",\"url\":\"https:\/\/rosendalshonung.se\/de\/produkten\/bienen\/\",\"name\":\"Bienen - Webview German Site\",\"isPartOf\":{\"@id\":\"https:\/\/rosendalshonung.se\/de\/#website\"},\"primaryImageOfPage\":{\"@id\":\"https:\/\/rosendalshonung.se\/de\/produkten\/bienen\/#primaryimage\"},\"image\":{\"@id\":\"https:\/\/rosendalshonung.se\/de\/produkten\/bienen\/#primaryimage\"},\"thumbnailUrl\":\"https:\/\/rosendalshonung.se\/wp-content\/plugins\/advanced-wp-columns\/assets\/js\/plugins\/views\/img\/1x1-pixel.png\",\"datePublished\":\"2015-11-14T13:54:03+00:00\",\"dateModified\":\"2017-04-18T11:22:17+00:00\",\"breadcrumb\":{\"@id\":\"https:\/\/rosendalshonung.se\/de\/produkten\/bienen\/#breadcrumb\"},\"inLanguage\":\"de\",\"potentialAction\":[{\"@type\":\"ReadAction\",\"target\":[\"https:\/\/rosendalshonung.se\/de\/produkten\/bienen\/\"]}]},{\"@type\":\"ImageObject\",\"inLanguage\":\"de\",\"@id\":\"https:\/\/rosendalshonung.se\/de\/produkten\/bienen\/#primaryimage\",\"url\":\"https:\/\/rosendalshonung.se\/wp-content\/plugins\/advanced-wp-columns\/assets\/js\/plugins\/views\/img\/1x1-pixel.png\",\"contentUrl\":\"https:\/\/rosendalshonung.se\/wp-content\/plugins\/advanced-wp-columns\/assets\/js\/plugins\/views\/img\/1x1-pixel.png\"},{\"@type\":\"BreadcrumbList\",\"@id\":\"https:\/\/rosendalshonung.se\/de\/produkten\/bienen\/#breadcrumb\",\"itemListElement\":[{\"@type\":\"ListItem\",\"position\":1,\"name\":\"Hem\",\"item\":\"https:\/\/rosendalshonung.se\/de\/\"},{\"@type\":\"ListItem\",\"position\":2,\"name\":\"Produkten\",\"item\":\"https:\/\/rosendalshonung.se\/de\/produkten\/\"},{\"@type\":\"ListItem\",\"position\":3,\"name\":\"Bienen\"}]},{\"@type\":\"WebSite\",\"@id\":\"https:\/\/rosendalshonung.se\/de\/#website\",\"url\":\"https:\/\/rosendalshonung.se\/de\/\",\"name\":\"Webview German Site\",\"description\":\"En till Webview Sites webbplats\",\"potentialAction\":[{\"@type\":\"SearchAction\",\"target\":{\"@type\":\"EntryPoint\",\"urlTemplate\":\"https:\/\/rosendalshonung.se\/de\/?s={search_term_string}\"},\"query-input\":{\"@type\":\"PropertyValueSpecification\",\"valueRequired\":true,\"valueName\":\"search_term_string\"}}],\"inLanguage\":\"de\"}]}<\/script>\n<!-- \/ Yoast SEO plugin. -->","yoast_head_json":{"title":"Bienen - Webview German Site","robots":{"index":"index","follow":"follow","max-snippet":"max-snippet:-1","max-image-preview":"max-image-preview:large","max-video-preview":"max-video-preview:-1"},"canonical":"https:\/\/rosendalshonung.se\/de\/produkten\/bienen\/","og_locale":"de_DE","og_type":"article","og_title":"Bienen - Webview German Site","og_description":"Ableger werden im Laufe der Saison verkauft. Buckfast-Bienen, R\u00e4hmchenformat L\u00e5gnormal. Kontaktieren Sie uns bez\u00fcglich des Preises und der Verf\u00fcgbarkeit. Melden Sie sich bitte rechtzeitig. Wenn Sie Ableger mit dem R\u00e4hmchenformat Dadant oder\u00a0\u00be Langstroth wollen, melden Sie sich bei Monica Larsson&hellip;Weiterlesen \u203a","og_url":"https:\/\/rosendalshonung.se\/de\/produkten\/bienen\/","og_site_name":"Webview German Site","article_modified_time":"2017-04-18T11:22:17+00:00","og_image":[{"url":"https:\/\/rosendalshonung.se\/wp-content\/plugins\/advanced-wp-columns\/assets\/js\/plugins\/views\/img\/1x1-pixel.png","type":"","width":"","height":""}],"twitter_card":"summary_large_image","schema":{"@context":"https:\/\/schema.org","@graph":[{"@type":"WebPage","@id":"https:\/\/rosendalshonung.se\/de\/produkten\/bienen\/","url":"https:\/\/rosendalshonung.se\/de\/produkten\/bienen\/","name":"Bienen - Webview German Site","isPartOf":{"@id":"https:\/\/rosendalshonung.se\/de\/#website"},"primaryImageOfPage":{"@id":"https:\/\/rosendalshonung.se\/de\/produkten\/bienen\/#primaryimage"},"image":{"@id":"https:\/\/rosendalshonung.se\/de\/produkten\/bienen\/#primaryimage"},"thumbnailUrl":"https:\/\/rosendalshonung.se\/wp-content\/plugins\/advanced-wp-columns\/assets\/js\/plugins\/views\/img\/1x1-pixel.png","datePublished":"2015-11-14T13:54:03+00:00","dateModified":"2017-04-18T11:22:17+00:00","breadcrumb":{"@id":"https:\/\/rosendalshonung.se\/de\/produkten\/bienen\/#breadcrumb"},"inLanguage":"de","potentialAction":[{"@type":"ReadAction","target":["https:\/\/rosendalshonung.se\/de\/produkten\/bienen\/"]}]},{"@type":"ImageObject","inLanguage":"de","@id":"https:\/\/rosendalshonung.se\/de\/produkten\/bienen\/#primaryimage","url":"https:\/\/rosendalshonung.se\/wp-content\/plugins\/advanced-wp-columns\/assets\/js\/plugins\/views\/img\/1x1-pixel.png","contentUrl":"https:\/\/rosendalshonung.se\/wp-content\/plugins\/advanced-wp-columns\/assets\/js\/plugins\/views\/img\/1x1-pixel.png"},{"@type":"BreadcrumbList","@id":"https:\/\/rosendalshonung.se\/de\/produkten\/bienen\/#breadcrumb","itemListElement":[{"@type":"ListItem","position":1,"name":"Hem","item":"https:\/\/rosendalshonung.se\/de\/"},{"@type":"ListItem","position":2,"name":"Produkten","item":"https:\/\/rosendalshonung.se\/de\/produkten\/"},{"@type":"ListItem","position":3,"name":"Bienen"}]},{"@type":"WebSite","@id":"https:\/\/rosendalshonung.se\/de\/#website","url":"https:\/\/rosendalshonung.se\/de\/","name":"Webview German Site","description":"En till Webview Sites webbplats","potentialAction":[{"@type":"SearchAction","target":{"@type":"EntryPoint","urlTemplate":"https:\/\/rosendalshonung.se\/de\/?s={search_term_string}"},"query-input":{"@type":"PropertyValueSpecification","valueRequired":true,"valueName":"search_term_string"}}],"inLanguage":"de"}]}},"_links":{"self":[{"href":"https:\/\/rosendalshonung.se\/de\/wp-json\/wp\/v2\/pages\/153","targetHints":{"allow":["GET"]}}],"collection":[{"href":"https:\/\/rosendalshonung.se\/de\/wp-json\/wp\/v2\/pages"}],"about":[{"href":"https:\/\/rosendalshonung.se\/de\/wp-json\/wp\/v2\/types\/page"}],"author":[{"embeddable":true,"href":"https:\/\/rosendalshonung.se\/de\/wp-json\/wp\/v2\/users\/1"}],"replies":[{"embeddable":true,"href":"https:\/\/rosendalshonung.se\/de\/wp-json\/wp\/v2\/comments?post=153"}],"version-history":[{"count":4,"href":"https:\/\/rosendalshonung.se\/de\/wp-json\/wp\/v2\/pages\/153\/revisions"}],"predecessor-version":[{"id":237,"href":"https:\/\/rosendalshonung.se\/de\/wp-json\/wp\/v2\/pages\/153\/revisions\/237"}],"up":[{"embeddable":true,"href":"https:\/\/rosendalshonung.se\/de\/wp-json\/wp\/v2\/pages\/22"}],"wp:attachment":[{"href":"https:\/\/rosendalshonung.se\/de\/wp-json\/wp\/v2\/media?parent=153"}],"curies":[{"name":"wp","href":"https:\/\/api.w.org\/{rel}","templated":true}]}}