{"id":161,"date":"2015-11-14T15:14:04","date_gmt":"2015-11-14T14:14:04","guid":{"rendered":"http:\/\/rosendalshonung.se\/de\/?page_id=161"},"modified":"2015-11-14T16:28:04","modified_gmt":"2015-11-14T15:28:04","slug":"ausbildung","status":"publish","type":"page","link":"https:\/\/rosendalshonung.se\/de\/angebote\/ausbildung\/","title":{"rendered":"Ausbildung"},"content":{"rendered":"<h3>Die Lage ist ernst und alle m\u00fcssen mithelfen<\/h3>\n<div class=\"csRow\">\n<div class=\"csColumn\" style=\"margin: 0px; padding: 0px; float: left; width: 66%;\" data-csstartpoint=\"0\" data-csendpoint=\"660\" data-cswidth=\"66.0%\" data-csid=\"4e301071-ed9e-33f6-a421-accddc213062\">\n<p>Wir leben in einer unruhigen Welt und Gegens\u00e4tzlichkeiten geh\u00f6ren f\u00fcr viele Menschen zum Alltag. Viele fliehen vor Unterdr\u00fcckung, Krieg und Armut.<\/p>\n<p>Niemals zuvor war der Fl\u00fcchtlingsstrom nach Europa so gro\u00df<\/p>\n<p>Familien werden getrennt und am schlimmsten trifft es die Kinder<\/p>\n<h4>Was k\u00f6nnen wir tun, um es diesen Menschen leichter zu machen?<\/h4>\n<p>Wir engagieren uns f\u00fcr Umwelt\/Nachhaltigkeit und Integration. Unser st\u00e4rkstes Markenzeichen ist Rosendals Honig, aber wir arbeiten auch mit anderen Produkten innerhalb der Imkerei.<\/p>\n<p>So bieten wir unter anderem eine Ausbildung in der Imkerei an. Das Ausbildungsangebot richtet sich an Menschen, die sich weit weg vom Arbeitsmarkt befinden. Es gibt heute bereits Studienzirkel und Berufsausbildungen, aber diese richten sich mehr an Menschen, die schon ihren Platz in der Gesellschaft haben. Viele von denen, die sich weit weg vom Arbeitsmarkt befinden, sind Fl\u00fcchtlinge, Menschen mit psychischen St\u00f6rungen oder anderen Einschr\u00e4nkungen.<\/p>\n<p>Es sind diese Menschen, denen wir eine Chance auf Besch\u00e4ftigung und ein sinnvolles Dasein geben wollen.<\/p>\n<p>Und das zugleich mit einem gro\u00dfen Einsatz .f\u00fcr den Umweltschutz.<\/p>\n<p>Eine Gesellschaft, die au\u00dferdem auch R\u00fccksicht nimmt und alle Menschen unterschiedslos respektiert und an die jedem Menschen innewohnende Kraft glaubt.<\/p>\n<h4>Teilen Sie unsere Anspr\u00fcche?<\/h4>\n<p><span style=\"line-height: 1.5;\">Dann k\u00f6nnen wir gemeinsam Ver\u00e4nderungen herbeif\u00fchren!<\/span><\/p>\n<\/div>\n<p class=\"csColumnGap\" style=\"margin: 0px; padding: 0px; float: left; width: 4%;\"><img decoding=\"async\" style=\"border: none;\" src=\"https:\/\/rosendalshonung.se\/wp-content\/plugins\/advanced-wp-columns\/assets\/js\/plugins\/views\/img\/1x1-pixel.png\" alt=\"\" \/><\/p>\n<div class=\"csColumn\" style=\"margin: 0px; padding: 0px; float: left; width: 30%;\" data-csstartpoint=\"700\" data-csendpoint=\"1000\" data-cswidth=\"30.0%\" data-csid=\"ee07d1ca-7219-7b6e-97c3-3e2450545e13\">\n<p><a href=\"https:\/\/rosendalshonung.se\/wp-content\/uploads\/2015\/07\/utbildning1.jpg\"><img loading=\"lazy\" decoding=\"async\" class=\"alignnone size-full wp-image-715\" src=\"https:\/\/rosendalshonung.se\/wp-content\/uploads\/2015\/07\/utbildning1.jpg\" alt=\"utbildning1\" width=\"300\" height=\"390\" \/><br \/>\n<\/a>Jabbar arbeitet mit R\u00e4hmchen.<\/p>\n<p><img loading=\"lazy\" decoding=\"async\" class=\"alignnone size-full wp-image-716\" src=\"https:\/\/rosendalshonung.se\/wp-content\/uploads\/2015\/07\/utbildning2.jpg\" alt=\"utbildning2\" width=\"300\" height=\"390\" \/><br \/>\nFuad bereitet neue Zargen f\u00fcr die kommende Saison vor.<\/p>\n<\/div>\n<\/div>\n","protected":false},"excerpt":{"rendered":"<p>Die Lage ist ernst und alle m\u00fcssen mithelfen Wir leben in einer unruhigen Welt und Gegens\u00e4tzlichkeiten geh\u00f6ren f\u00fcr viele Menschen zum Alltag. Viele fliehen vor Unterdr\u00fcckung, Krieg und Armut. Niemals zuvor war der Fl\u00fcchtlingsstrom nach Europa so gro\u00df Familien werden<span class=\"ellipsis\">&hellip;<\/span><\/p>\n<div class=\"read-more\"><a href=\"https:\/\/rosendalshonung.se\/de\/angebote\/ausbildung\/\">Weiterlesen \u203a<\/a><\/div>\n<p><!-- end of .read-more --><\/p>\n","protected":false},"author":1,"featured_media":0,"parent":138,"menu_order":10,"comment_status":"closed","ping_status":"closed","template":"full-width-page.php","meta":{"footnotes":""},"class_list":["post-161","page","type-page","status-publish","hentry"],"yoast_head":"<!-- This site is optimized with the Yoast SEO plugin v26.0 - https:\/\/yoast.com\/wordpress\/plugins\/seo\/ -->\n<title>Ausbildung - Webview German Site<\/title>\n<meta name=\"robots\" content=\"index, follow, max-snippet:-1, max-image-preview:large, max-video-preview:-1\" \/>\n<link rel=\"canonical\" href=\"https:\/\/rosendalshonung.se\/de\/angebote\/ausbildung\/\" \/>\n<meta property=\"og:locale\" content=\"de_DE\" \/>\n<meta property=\"og:type\" content=\"article\" \/>\n<meta property=\"og:title\" content=\"Ausbildung - Webview German Site\" \/>\n<meta property=\"og:description\" content=\"Die Lage ist ernst und alle m\u00fcssen mithelfen Wir leben in einer unruhigen Welt und Gegens\u00e4tzlichkeiten geh\u00f6ren f\u00fcr viele Menschen zum Alltag. Viele fliehen vor Unterdr\u00fcckung, Krieg und Armut. Niemals zuvor war der Fl\u00fcchtlingsstrom nach Europa so gro\u00df Familien werden&hellip;Weiterlesen \u203a\" \/>\n<meta property=\"og:url\" content=\"https:\/\/rosendalshonung.se\/de\/angebote\/ausbildung\/\" \/>\n<meta property=\"og:site_name\" content=\"Webview German Site\" \/>\n<meta property=\"article:modified_time\" content=\"2015-11-14T15:28:04+00:00\" \/>\n<meta property=\"og:image\" content=\"https:\/\/rosendalshonung.se\/wp-content\/plugins\/advanced-wp-columns\/assets\/js\/plugins\/views\/img\/1x1-pixel.png\" \/>\n<meta name=\"twitter:card\" content=\"summary_large_image\" \/>\n<meta name=\"twitter:label1\" content=\"Gesch\u00e4tzte Lesezeit\" \/>\n\t<meta name=\"twitter:data1\" content=\"1\u00a0Minute\" \/>\n<script type=\"application\/ld+json\" class=\"yoast-schema-graph\">{\"@context\":\"https:\/\/schema.org\",\"@graph\":[{\"@type\":\"WebPage\",\"@id\":\"https:\/\/rosendalshonung.se\/de\/angebote\/ausbildung\/\",\"url\":\"https:\/\/rosendalshonung.se\/de\/angebote\/ausbildung\/\",\"name\":\"Ausbildung - Webview German Site\",\"isPartOf\":{\"@id\":\"https:\/\/rosendalshonung.se\/de\/#website\"},\"primaryImageOfPage\":{\"@id\":\"https:\/\/rosendalshonung.se\/de\/angebote\/ausbildung\/#primaryimage\"},\"image\":{\"@id\":\"https:\/\/rosendalshonung.se\/de\/angebote\/ausbildung\/#primaryimage\"},\"thumbnailUrl\":\"https:\/\/rosendalshonung.se\/wp-content\/plugins\/advanced-wp-columns\/assets\/js\/plugins\/views\/img\/1x1-pixel.png\",\"datePublished\":\"2015-11-14T14:14:04+00:00\",\"dateModified\":\"2015-11-14T15:28:04+00:00\",\"breadcrumb\":{\"@id\":\"https:\/\/rosendalshonung.se\/de\/angebote\/ausbildung\/#breadcrumb\"},\"inLanguage\":\"de\",\"potentialAction\":[{\"@type\":\"ReadAction\",\"target\":[\"https:\/\/rosendalshonung.se\/de\/angebote\/ausbildung\/\"]}]},{\"@type\":\"ImageObject\",\"inLanguage\":\"de\",\"@id\":\"https:\/\/rosendalshonung.se\/de\/angebote\/ausbildung\/#primaryimage\",\"url\":\"https:\/\/rosendalshonung.se\/wp-content\/plugins\/advanced-wp-columns\/assets\/js\/plugins\/views\/img\/1x1-pixel.png\",\"contentUrl\":\"https:\/\/rosendalshonung.se\/wp-content\/plugins\/advanced-wp-columns\/assets\/js\/plugins\/views\/img\/1x1-pixel.png\"},{\"@type\":\"BreadcrumbList\",\"@id\":\"https:\/\/rosendalshonung.se\/de\/angebote\/ausbildung\/#breadcrumb\",\"itemListElement\":[{\"@type\":\"ListItem\",\"position\":1,\"name\":\"Hem\",\"item\":\"https:\/\/rosendalshonung.se\/de\/\"},{\"@type\":\"ListItem\",\"position\":2,\"name\":\"Angebote\",\"item\":\"https:\/\/rosendalshonung.se\/de\/angebote\/\"},{\"@type\":\"ListItem\",\"position\":3,\"name\":\"Ausbildung\"}]},{\"@type\":\"WebSite\",\"@id\":\"https:\/\/rosendalshonung.se\/de\/#website\",\"url\":\"https:\/\/rosendalshonung.se\/de\/\",\"name\":\"Webview German Site\",\"description\":\"En till Webview Sites webbplats\",\"potentialAction\":[{\"@type\":\"SearchAction\",\"target\":{\"@type\":\"EntryPoint\",\"urlTemplate\":\"https:\/\/rosendalshonung.se\/de\/?s={search_term_string}\"},\"query-input\":{\"@type\":\"PropertyValueSpecification\",\"valueRequired\":true,\"valueName\":\"search_term_string\"}}],\"inLanguage\":\"de\"}]}<\/script>\n<!-- \/ Yoast SEO plugin. -->","yoast_head_json":{"title":"Ausbildung - Webview German Site","robots":{"index":"index","follow":"follow","max-snippet":"max-snippet:-1","max-image-preview":"max-image-preview:large","max-video-preview":"max-video-preview:-1"},"canonical":"https:\/\/rosendalshonung.se\/de\/angebote\/ausbildung\/","og_locale":"de_DE","og_type":"article","og_title":"Ausbildung - Webview German Site","og_description":"Die Lage ist ernst und alle m\u00fcssen mithelfen Wir leben in einer unruhigen Welt und Gegens\u00e4tzlichkeiten geh\u00f6ren f\u00fcr viele Menschen zum Alltag. Viele fliehen vor Unterdr\u00fcckung, Krieg und Armut. Niemals zuvor war der Fl\u00fcchtlingsstrom nach Europa so gro\u00df Familien werden&hellip;Weiterlesen \u203a","og_url":"https:\/\/rosendalshonung.se\/de\/angebote\/ausbildung\/","og_site_name":"Webview German Site","article_modified_time":"2015-11-14T15:28:04+00:00","og_image":[{"url":"https:\/\/rosendalshonung.se\/wp-content\/plugins\/advanced-wp-columns\/assets\/js\/plugins\/views\/img\/1x1-pixel.png","type":"","width":"","height":""}],"twitter_card":"summary_large_image","twitter_misc":{"Gesch\u00e4tzte Lesezeit":"1\u00a0Minute"},"schema":{"@context":"https:\/\/schema.org","@graph":[{"@type":"WebPage","@id":"https:\/\/rosendalshonung.se\/de\/angebote\/ausbildung\/","url":"https:\/\/rosendalshonung.se\/de\/angebote\/ausbildung\/","name":"Ausbildung - Webview German Site","isPartOf":{"@id":"https:\/\/rosendalshonung.se\/de\/#website"},"primaryImageOfPage":{"@id":"https:\/\/rosendalshonung.se\/de\/angebote\/ausbildung\/#primaryimage"},"image":{"@id":"https:\/\/rosendalshonung.se\/de\/angebote\/ausbildung\/#primaryimage"},"thumbnailUrl":"https:\/\/rosendalshonung.se\/wp-content\/plugins\/advanced-wp-columns\/assets\/js\/plugins\/views\/img\/1x1-pixel.png","datePublished":"2015-11-14T14:14:04+00:00","dateModified":"2015-11-14T15:28:04+00:00","breadcrumb":{"@id":"https:\/\/rosendalshonung.se\/de\/angebote\/ausbildung\/#breadcrumb"},"inLanguage":"de","potentialAction":[{"@type":"ReadAction","target":["https:\/\/rosendalshonung.se\/de\/angebote\/ausbildung\/"]}]},{"@type":"ImageObject","inLanguage":"de","@id":"https:\/\/rosendalshonung.se\/de\/angebote\/ausbildung\/#primaryimage","url":"https:\/\/rosendalshonung.se\/wp-content\/plugins\/advanced-wp-columns\/assets\/js\/plugins\/views\/img\/1x1-pixel.png","contentUrl":"https:\/\/rosendalshonung.se\/wp-content\/plugins\/advanced-wp-columns\/assets\/js\/plugins\/views\/img\/1x1-pixel.png"},{"@type":"BreadcrumbList","@id":"https:\/\/rosendalshonung.se\/de\/angebote\/ausbildung\/#breadcrumb","itemListElement":[{"@type":"ListItem","position":1,"name":"Hem","item":"https:\/\/rosendalshonung.se\/de\/"},{"@type":"ListItem","position":2,"name":"Angebote","item":"https:\/\/rosendalshonung.se\/de\/angebote\/"},{"@type":"ListItem","position":3,"name":"Ausbildung"}]},{"@type":"WebSite","@id":"https:\/\/rosendalshonung.se\/de\/#website","url":"https:\/\/rosendalshonung.se\/de\/","name":"Webview German Site","description":"En till Webview Sites webbplats","potentialAction":[{"@type":"SearchAction","target":{"@type":"EntryPoint","urlTemplate":"https:\/\/rosendalshonung.se\/de\/?s={search_term_string}"},"query-input":{"@type":"PropertyValueSpecification","valueRequired":true,"valueName":"search_term_string"}}],"inLanguage":"de"}]}},"_links":{"self":[{"href":"https:\/\/rosendalshonung.se\/de\/wp-json\/wp\/v2\/pages\/161","targetHints":{"allow":["GET"]}}],"collection":[{"href":"https:\/\/rosendalshonung.se\/de\/wp-json\/wp\/v2\/pages"}],"about":[{"href":"https:\/\/rosendalshonung.se\/de\/wp-json\/wp\/v2\/types\/page"}],"author":[{"embeddable":true,"href":"https:\/\/rosendalshonung.se\/de\/wp-json\/wp\/v2\/users\/1"}],"replies":[{"embeddable":true,"href":"https:\/\/rosendalshonung.se\/de\/wp-json\/wp\/v2\/comments?post=161"}],"version-history":[{"count":1,"href":"https:\/\/rosendalshonung.se\/de\/wp-json\/wp\/v2\/pages\/161\/revisions"}],"predecessor-version":[{"id":162,"href":"https:\/\/rosendalshonung.se\/de\/wp-json\/wp\/v2\/pages\/161\/revisions\/162"}],"up":[{"embeddable":true,"href":"https:\/\/rosendalshonung.se\/de\/wp-json\/wp\/v2\/pages\/138"}],"wp:attachment":[{"href":"https:\/\/rosendalshonung.se\/de\/wp-json\/wp\/v2\/media?parent=161"}],"curies":[{"name":"wp","href":"https:\/\/api.w.org\/{rel}","templated":true}]}}