{"id":2,"date":"2015-04-28T23:01:33","date_gmt":"2015-04-28T21:01:33","guid":{"rendered":"http:\/\/rosendalshonung.se\/de\/?page_id=2"},"modified":"2015-11-14T13:36:59","modified_gmt":"2015-11-14T12:36:59","slug":"uper-uns","status":"publish","type":"page","link":"https:\/\/rosendalshonung.se\/de\/firma\/uper-uns\/","title":{"rendered":"Wir \u00fcber uns"},"content":{"rendered":"<p style=\"text-align: left;\">Rosendals Bienenprodukte ist ein Familienunternehmen in Str\u00f6msn\u00e4sbruk, das 2005 gegr\u00fcndet wurde. Unsere Bieneng\u00e4rten befinden sich in Markaryd, Ljungby und in der Gemeinde \u00c4lmhult. Die Leitung des Unternehmens besteht aus Per, Veronica, Emil und Oskar.<\/p>\n<div class=\"csRow\">\n<div class=\"csColumn\" style=\"margin: 0px; padding: 0px; float: left; width: 40%;\" data-csstartpoint=\"0\" data-csendpoint=\"400\" data-cswidth=\"40.0%\" data-csid=\"0ab7f649-941e-5074-970a-fa38b02f663c\"><a href=\"https:\/\/rosendalshonung.se\/wp-content\/uploads\/2015\/04\/omoss-akvarell_660x360.jpg\"><img loading=\"lazy\" decoding=\"async\" class=\"alignnone size-full wp-image-674\" src=\"https:\/\/rosendalshonung.se\/wp-content\/uploads\/2015\/04\/omoss-akvarell_660x360.jpg\" alt=\"omoss-akvarell_660x360\" width=\"600\" height=\"360\" \/><\/a><\/div>\n<div class=\"csColumnGap\" style=\"margin: 0px; padding: 0px; float: left; width: 5%;\"><img decoding=\"async\" style=\"border: none;\" src=\"https:\/\/rosendalshonung.se\/wp-content\/plugins\/advanced-wp-columns\/assets\/js\/plugins\/views\/img\/1x1-pixel.png\" alt=\"\" \/><\/div>\n<div class=\"csColumn\" style=\"margin: 0px; padding: 0px; float: left; width: 55%;\" data-csstartpoint=\"450\" data-csendpoint=\"1000\" data-cswidth=\"55.0%\" data-csid=\"b5d45d16-96f7-c62d-8803-3af5198070a1\">\n<h2>Das Unternehmen begann 2005 mit 3 Bienenv\u00f6lkern<\/h2>\n<p>Es gab und gibt noch immer zu wenige Imker. Das Verst\u00e4ndnis f\u00fcr die Bedeutung der Best\u00e4ubung verschiedenster Pflanzen w\u00e4chst.<\/p>\n<p><span style=\"line-height: 1.5;\">Wenn es Bienen gibt, kommt die Best\u00e4ubung von Beeren und Fr\u00fcchten allen zu Gute.<\/span><\/p>\n<\/div>\n<div style=\"clear: both; float: none; display: block; visibility: hidden; width: 0px; font-size: 0px; line-height: 0;\"><\/div>\n<\/div>\n<div class=\"csRow\">\n<div class=\"csColumn\" style=\"margin: 0px; padding: 0px; float: left; width: 40%;\" data-csstartpoint=\"0\" data-csendpoint=\"400\" data-cswidth=\"40.0%\" data-csid=\"0ab7f649-941e-5074-970a-fa38b02f663c\"><a href=\"https:\/\/rosendalshonung.se\/wp-content\/uploads\/2015\/04\/omoss-biodlare_660x360.jpg\"><img loading=\"lazy\" decoding=\"async\" class=\"alignnone wp-image-673 size-full\" src=\"https:\/\/rosendalshonung.se\/wp-content\/uploads\/2015\/04\/omoss-biodlare_660x360.jpg\" alt=\"\" width=\"600\" height=\"360\" \/><\/a><\/div>\n<div class=\"csColumnGap\" style=\"margin: 0px; padding: 0px; float: left; width: 5%;\"><img decoding=\"async\" style=\"border: none;\" src=\"https:\/\/rosendalshonung.se\/wp-content\/plugins\/advanced-wp-columns\/assets\/js\/plugins\/views\/img\/1x1-pixel.png\" alt=\"\" \/><\/div>\n<div class=\"csColumn\" style=\"margin: 0px; padding: 0px; float: left; width: 55%;\" data-csstartpoint=\"450\" data-csendpoint=\"1000\" data-cswidth=\"55.0%\" data-csid=\"b5d45d16-96f7-c62d-8803-3af5198070a1\">\n<h2>Heute hat das Unternehmen mehr als 450 Bienenv\u00f6lker<\/h2>\n<p>Die Anzahl der V\u00f6lker wurde von 3 auf 450 erh\u00f6ht, indem die V\u00f6lker geteilt wurden.<\/p>\n<p><span style=\"line-height: 1.5;\">Sie sind verteilt zum einen auf etwa 35 feste Bieneng\u00e4rten, die sich in Markaryd, Ljungby und in der Gemeinde \u00c4lmhult befinden, zum anderen auf 10 Anh\u00e4nger, die zu verschieden Aufstellungspl\u00e4tzen gebracht werden.<\/span><\/p>\n<\/div>\n<div class=\"csColumn\" style=\"margin: 0px; padding: 0px; float: left; width: 55%;\" data-csstartpoint=\"450\" data-csendpoint=\"1000\" data-cswidth=\"55.0%\" data-csid=\"b5d45d16-96f7-c62d-8803-3af5198070a1\"><\/div>\n<div style=\"clear: both; float: none; display: block; visibility: hidden; width: 0px; font-size: 0px; line-height: 0;\"><\/div>\n<\/div>\n<div class=\"csRow\">\n<div class=\"csColumn\" style=\"margin: 0px; padding: 0px; float: left; width: 40%;\" data-csstartpoint=\"0\" data-csendpoint=\"400\" data-cswidth=\"40.0%\" data-csid=\"0ab7f649-941e-5074-970a-fa38b02f663c\"><a href=\"https:\/\/rosendalshonung.se\/wp-content\/uploads\/2015\/04\/per-fyhrlund.jpg\"><img loading=\"lazy\" decoding=\"async\" class=\"alignnone wp-image-669 size-full\" src=\"https:\/\/rosendalshonung.se\/wp-content\/uploads\/2015\/04\/per-fyhrlund.jpg\" alt=\"\" width=\"600\" height=\"360\" \/><\/a><\/div>\n<div class=\"csColumnGap\" style=\"margin: 0px; padding: 0px; float: left; width: 5%;\"><img decoding=\"async\" style=\"border: none;\" src=\"https:\/\/rosendalshonung.se\/wp-content\/plugins\/advanced-wp-columns\/assets\/js\/plugins\/views\/img\/1x1-pixel.png\" alt=\"\" \/><\/div>\n<div class=\"csColumn\" style=\"margin: 0px; padding: 0px; float: left; width: 55%;\" data-csstartpoint=\"450\" data-csendpoint=\"1000\" data-cswidth=\"55.0%\" data-csid=\"b5d45d16-96f7-c62d-8803-3af5198070a1\">\n<h2>Per Fyhrlund<\/h2>\n<p>Arbeitet seit 2015 Vollzeit im Unternehmen. Arbeitete fr\u00fcher als Lagerverantwortlicher bei Intersport.<\/p>\n<p><span style=\"line-height: 1.5;\">Er ist verantwortlich f\u00fcr die Produktion und die \u00d6konomie.<\/span><\/p>\n<\/div>\n<div style=\"clear: both; float: none; display: block; visibility: hidden; width: 0px; font-size: 0px; line-height: 0;\"><\/div>\n<\/div>\n<div class=\"csRow\">\n<div class=\"csColumn\" style=\"margin: 0px; padding: 0px; float: left; width: 40%;\" data-csstartpoint=\"0\" data-csendpoint=\"400\" data-cswidth=\"40.0%\" data-csid=\"0ab7f649-941e-5074-970a-fa38b02f663c\"><a href=\"https:\/\/rosendalshonung.se\/wp-content\/uploads\/2015\/04\/veronica-fyhrlund1.jpg\"><img loading=\"lazy\" decoding=\"async\" class=\"alignnone wp-image-728 size-full\" src=\"https:\/\/rosendalshonung.se\/wp-content\/uploads\/2015\/04\/veronica-fyhrlund1.jpg\" alt=\"\" width=\"600\" height=\"360\" \/><\/a><\/div>\n<div class=\"csColumnGap\" style=\"margin: 0px; padding: 0px; float: left; width: 5%;\"><img decoding=\"async\" style=\"border: none;\" src=\"https:\/\/rosendalshonung.se\/wp-content\/plugins\/advanced-wp-columns\/assets\/js\/plugins\/views\/img\/1x1-pixel.png\" alt=\"\" \/><\/div>\n<div class=\"csColumn\" style=\"margin: 0px; padding: 0px; float: left; width: 55%;\" data-csstartpoint=\"450\" data-csendpoint=\"1000\" data-cswidth=\"55.0%\" data-csid=\"b5d45d16-96f7-c62d-8803-3af5198070a1\">\n<h2>Veronica\u00a0Fyhrlund<\/h2>\n<p>Arbeitet 80% als Distriktskrankenschwester in der Gesundheitszentrale in Markaryd und au\u00dferdem etwa\u00a0 50% im Unternehmen.<\/p>\n<p><span style=\"line-height: 1.5;\">Sie ist verantwortlich f\u00fcr den Verkauf und die Qualit\u00e4t.<\/span><\/p>\n<\/div>\n<div style=\"clear: both; float: none; display: block; visibility: hidden; width: 0px; font-size: 0px; line-height: 0;\"><\/div>\n<\/div>\n<div class=\"csRow\">\n<div class=\"csColumn\" style=\"margin: 0px; padding: 0px; float: left; width: 40%;\" data-csstartpoint=\"0\" data-csendpoint=\"400\" data-cswidth=\"40.0%\" data-csid=\"0ab7f649-941e-5074-970a-fa38b02f663c\"><a href=\"https:\/\/rosendalshonung.se\/wp-content\/uploads\/2015\/04\/emil-oscar.jpg\"><img loading=\"lazy\" decoding=\"async\" class=\"alignnone wp-image-667 size-full\" src=\"https:\/\/rosendalshonung.se\/wp-content\/uploads\/2015\/04\/emil-oscar.jpg\" alt=\"\" width=\"600\" height=\"360\" \/><\/a><\/div>\n<div class=\"csColumnGap\" style=\"margin: 0px; padding: 0px; float: left; width: 5%;\"><img decoding=\"async\" style=\"border: none;\" src=\"https:\/\/rosendalshonung.se\/wp-content\/plugins\/advanced-wp-columns\/assets\/js\/plugins\/views\/img\/1x1-pixel.png\" alt=\"\" \/><\/div>\n<div class=\"csColumn\" style=\"margin: 0px; padding: 0px; float: left; width: 55%;\" data-csstartpoint=\"450\" data-csendpoint=\"1000\" data-cswidth=\"55.0%\" data-csid=\"b5d45d16-96f7-c62d-8803-3af5198070a1\">\n<h2>Emil\u00a0Fyhrlund<\/h2>\n<p>Arbeitet als Auftragsingenieur bei NCC.\u00a0Er ist verantwortlich f\u00fcr IT und Vermarktung.<\/p>\n<h2>Oscar\u00a0Fyhrlund<\/h2>\n<p>Arbeitet als Vorarbeiter bei NCC.\u00a0Er ist verantwortlich f\u00fcr die Geb\u00e4ude und das Material.<\/p>\n<\/div>\n<\/div>\n","protected":false},"excerpt":{"rendered":"<p>Rosendals Bienenprodukte ist ein Familienunternehmen in Str\u00f6msn\u00e4sbruk, das 2005 gegr\u00fcndet wurde. Unsere Bieneng\u00e4rten befinden sich in Markaryd, Ljungby und in der Gemeinde \u00c4lmhult. Die Leitung des Unternehmens besteht aus Per, Veronica, Emil und Oskar. Das Unternehmen begann 2005 mit 3<span class=\"ellipsis\">&hellip;<\/span><\/p>\n<div class=\"read-more\"><a href=\"https:\/\/rosendalshonung.se\/de\/firma\/uper-uns\/\">Weiterlesen \u203a<\/a><\/div>\n<p><!-- end of .read-more --><\/p>\n","protected":false},"author":1,"featured_media":0,"parent":41,"menu_order":10,"comment_status":"closed","ping_status":"closed","template":"full-width-page.php","meta":{"footnotes":""},"class_list":["post-2","page","type-page","status-publish","hentry"],"yoast_head":"<!-- This site is optimized with the Yoast SEO plugin v26.0 - https:\/\/yoast.com\/wordpress\/plugins\/seo\/ -->\n<title>Wir \u00fcber uns - Webview German Site<\/title>\n<meta name=\"robots\" content=\"index, follow, max-snippet:-1, max-image-preview:large, max-video-preview:-1\" \/>\n<link rel=\"canonical\" href=\"https:\/\/rosendalshonung.se\/de\/firma\/uper-uns\/\" \/>\n<meta property=\"og:locale\" content=\"de_DE\" \/>\n<meta property=\"og:type\" content=\"article\" \/>\n<meta property=\"og:title\" content=\"Wir \u00fcber uns - Webview German Site\" \/>\n<meta property=\"og:description\" content=\"Rosendals Bienenprodukte ist ein Familienunternehmen in Str\u00f6msn\u00e4sbruk, das 2005 gegr\u00fcndet wurde. Unsere Bieneng\u00e4rten befinden sich in Markaryd, Ljungby und in der Gemeinde \u00c4lmhult. Die Leitung des Unternehmens besteht aus Per, Veronica, Emil und Oskar. Das Unternehmen begann 2005 mit 3&hellip;Weiterlesen \u203a\" \/>\n<meta property=\"og:url\" content=\"https:\/\/rosendalshonung.se\/de\/firma\/uper-uns\/\" \/>\n<meta property=\"og:site_name\" content=\"Webview German Site\" \/>\n<meta property=\"article:modified_time\" content=\"2015-11-14T12:36:59+00:00\" \/>\n<meta property=\"og:image\" content=\"https:\/\/rosendalshonung.se\/wp-content\/uploads\/2015\/04\/omoss-akvarell_660x360.jpg\" \/>\n<meta name=\"twitter:card\" content=\"summary_large_image\" \/>\n<meta name=\"twitter:label1\" content=\"Gesch\u00e4tzte Lesezeit\" \/>\n\t<meta name=\"twitter:data1\" content=\"1\u00a0Minute\" \/>\n<script type=\"application\/ld+json\" class=\"yoast-schema-graph\">{\"@context\":\"https:\/\/schema.org\",\"@graph\":[{\"@type\":\"WebPage\",\"@id\":\"https:\/\/rosendalshonung.se\/de\/firma\/uper-uns\/\",\"url\":\"https:\/\/rosendalshonung.se\/de\/firma\/uper-uns\/\",\"name\":\"Wir \u00fcber uns - Webview German Site\",\"isPartOf\":{\"@id\":\"https:\/\/rosendalshonung.se\/de\/#website\"},\"primaryImageOfPage\":{\"@id\":\"https:\/\/rosendalshonung.se\/de\/firma\/uper-uns\/#primaryimage\"},\"image\":{\"@id\":\"https:\/\/rosendalshonung.se\/de\/firma\/uper-uns\/#primaryimage\"},\"thumbnailUrl\":\"https:\/\/rosendalshonung.se\/wp-content\/uploads\/2015\/04\/omoss-akvarell_660x360.jpg\",\"datePublished\":\"2015-04-28T21:01:33+00:00\",\"dateModified\":\"2015-11-14T12:36:59+00:00\",\"breadcrumb\":{\"@id\":\"https:\/\/rosendalshonung.se\/de\/firma\/uper-uns\/#breadcrumb\"},\"inLanguage\":\"de\",\"potentialAction\":[{\"@type\":\"ReadAction\",\"target\":[\"https:\/\/rosendalshonung.se\/de\/firma\/uper-uns\/\"]}]},{\"@type\":\"ImageObject\",\"inLanguage\":\"de\",\"@id\":\"https:\/\/rosendalshonung.se\/de\/firma\/uper-uns\/#primaryimage\",\"url\":\"https:\/\/rosendalshonung.se\/wp-content\/uploads\/2015\/04\/omoss-akvarell_660x360.jpg\",\"contentUrl\":\"https:\/\/rosendalshonung.se\/wp-content\/uploads\/2015\/04\/omoss-akvarell_660x360.jpg\"},{\"@type\":\"BreadcrumbList\",\"@id\":\"https:\/\/rosendalshonung.se\/de\/firma\/uper-uns\/#breadcrumb\",\"itemListElement\":[{\"@type\":\"ListItem\",\"position\":1,\"name\":\"Hem\",\"item\":\"https:\/\/rosendalshonung.se\/de\/\"},{\"@type\":\"ListItem\",\"position\":2,\"name\":\"Firma\",\"item\":\"https:\/\/rosendalshonung.se\/de\/firma\/\"},{\"@type\":\"ListItem\",\"position\":3,\"name\":\"Wir \u00fcber uns\"}]},{\"@type\":\"WebSite\",\"@id\":\"https:\/\/rosendalshonung.se\/de\/#website\",\"url\":\"https:\/\/rosendalshonung.se\/de\/\",\"name\":\"Webview German Site\",\"description\":\"En till Webview Sites webbplats\",\"potentialAction\":[{\"@type\":\"SearchAction\",\"target\":{\"@type\":\"EntryPoint\",\"urlTemplate\":\"https:\/\/rosendalshonung.se\/de\/?s={search_term_string}\"},\"query-input\":{\"@type\":\"PropertyValueSpecification\",\"valueRequired\":true,\"valueName\":\"search_term_string\"}}],\"inLanguage\":\"de\"}]}<\/script>\n<!-- \/ Yoast SEO plugin. -->","yoast_head_json":{"title":"Wir \u00fcber uns - Webview German Site","robots":{"index":"index","follow":"follow","max-snippet":"max-snippet:-1","max-image-preview":"max-image-preview:large","max-video-preview":"max-video-preview:-1"},"canonical":"https:\/\/rosendalshonung.se\/de\/firma\/uper-uns\/","og_locale":"de_DE","og_type":"article","og_title":"Wir \u00fcber uns - Webview German Site","og_description":"Rosendals Bienenprodukte ist ein Familienunternehmen in Str\u00f6msn\u00e4sbruk, das 2005 gegr\u00fcndet wurde. Unsere Bieneng\u00e4rten befinden sich in Markaryd, Ljungby und in der Gemeinde \u00c4lmhult. Die Leitung des Unternehmens besteht aus Per, Veronica, Emil und Oskar. Das Unternehmen begann 2005 mit 3&hellip;Weiterlesen \u203a","og_url":"https:\/\/rosendalshonung.se\/de\/firma\/uper-uns\/","og_site_name":"Webview German Site","article_modified_time":"2015-11-14T12:36:59+00:00","og_image":[{"url":"https:\/\/rosendalshonung.se\/wp-content\/uploads\/2015\/04\/omoss-akvarell_660x360.jpg","type":"","width":"","height":""}],"twitter_card":"summary_large_image","twitter_misc":{"Gesch\u00e4tzte Lesezeit":"1\u00a0Minute"},"schema":{"@context":"https:\/\/schema.org","@graph":[{"@type":"WebPage","@id":"https:\/\/rosendalshonung.se\/de\/firma\/uper-uns\/","url":"https:\/\/rosendalshonung.se\/de\/firma\/uper-uns\/","name":"Wir \u00fcber uns - Webview German Site","isPartOf":{"@id":"https:\/\/rosendalshonung.se\/de\/#website"},"primaryImageOfPage":{"@id":"https:\/\/rosendalshonung.se\/de\/firma\/uper-uns\/#primaryimage"},"image":{"@id":"https:\/\/rosendalshonung.se\/de\/firma\/uper-uns\/#primaryimage"},"thumbnailUrl":"https:\/\/rosendalshonung.se\/wp-content\/uploads\/2015\/04\/omoss-akvarell_660x360.jpg","datePublished":"2015-04-28T21:01:33+00:00","dateModified":"2015-11-14T12:36:59+00:00","breadcrumb":{"@id":"https:\/\/rosendalshonung.se\/de\/firma\/uper-uns\/#breadcrumb"},"inLanguage":"de","potentialAction":[{"@type":"ReadAction","target":["https:\/\/rosendalshonung.se\/de\/firma\/uper-uns\/"]}]},{"@type":"ImageObject","inLanguage":"de","@id":"https:\/\/rosendalshonung.se\/de\/firma\/uper-uns\/#primaryimage","url":"https:\/\/rosendalshonung.se\/wp-content\/uploads\/2015\/04\/omoss-akvarell_660x360.jpg","contentUrl":"https:\/\/rosendalshonung.se\/wp-content\/uploads\/2015\/04\/omoss-akvarell_660x360.jpg"},{"@type":"BreadcrumbList","@id":"https:\/\/rosendalshonung.se\/de\/firma\/uper-uns\/#breadcrumb","itemListElement":[{"@type":"ListItem","position":1,"name":"Hem","item":"https:\/\/rosendalshonung.se\/de\/"},{"@type":"ListItem","position":2,"name":"Firma","item":"https:\/\/rosendalshonung.se\/de\/firma\/"},{"@type":"ListItem","position":3,"name":"Wir \u00fcber uns"}]},{"@type":"WebSite","@id":"https:\/\/rosendalshonung.se\/de\/#website","url":"https:\/\/rosendalshonung.se\/de\/","name":"Webview German Site","description":"En till Webview Sites webbplats","potentialAction":[{"@type":"SearchAction","target":{"@type":"EntryPoint","urlTemplate":"https:\/\/rosendalshonung.se\/de\/?s={search_term_string}"},"query-input":{"@type":"PropertyValueSpecification","valueRequired":true,"valueName":"search_term_string"}}],"inLanguage":"de"}]}},"_links":{"self":[{"href":"https:\/\/rosendalshonung.se\/de\/wp-json\/wp\/v2\/pages\/2","targetHints":{"allow":["GET"]}}],"collection":[{"href":"https:\/\/rosendalshonung.se\/de\/wp-json\/wp\/v2\/pages"}],"about":[{"href":"https:\/\/rosendalshonung.se\/de\/wp-json\/wp\/v2\/types\/page"}],"author":[{"embeddable":true,"href":"https:\/\/rosendalshonung.se\/de\/wp-json\/wp\/v2\/users\/1"}],"replies":[{"embeddable":true,"href":"https:\/\/rosendalshonung.se\/de\/wp-json\/wp\/v2\/comments?post=2"}],"version-history":[{"count":6,"href":"https:\/\/rosendalshonung.se\/de\/wp-json\/wp\/v2\/pages\/2\/revisions"}],"predecessor-version":[{"id":239,"href":"https:\/\/rosendalshonung.se\/de\/wp-json\/wp\/v2\/pages\/2\/revisions\/239"}],"up":[{"embeddable":true,"href":"https:\/\/rosendalshonung.se\/de\/wp-json\/wp\/v2\/pages\/41"}],"wp:attachment":[{"href":"https:\/\/rosendalshonung.se\/de\/wp-json\/wp\/v2\/media?parent=2"}],"curies":[{"name":"wp","href":"https:\/\/api.w.org\/{rel}","templated":true}]}}