{"id":200,"date":"2015-11-23T20:06:44","date_gmt":"2015-11-23T19:06:44","guid":{"rendered":"http:\/\/rosendalshonung.se\/de\/?page_id=200"},"modified":"2015-11-23T20:06:44","modified_gmt":"2015-11-23T19:06:44","slug":"honig-mit-zitronengeschmack","status":"publish","type":"page","link":"https:\/\/rosendalshonung.se\/de\/produkten\/honig\/honig-mit-zitronengeschmack\/","title":{"rendered":"Honig mit Zitronengeschmack"},"content":{"rendered":"<p>Gut aufs Brot, in den Tee, in Marinaden, als Dressing: 1-2 TL in Creme fraiche.<\/p>\n<p style=\"text-align: left;\"><span style=\"line-height: 1.5;\">Ein St\u00fcck Lachs- oder H\u00fchnerbrustfilet braten, salzen und pfeffern, nach dem Braten mit etwas Zitronenhonig bestreichen. Das ergibt einen wunderbaren Geschmack.<\/span><\/p>\n<h3>Honigbonbons mit Zitronengeschmack<\/h3>\n<ul>\n<li>\u00bd dl Honig mit Zitronengeschmack<\/li>\n<li>100 g Butter<\/li>\n<li>2 dl Schlagsahne<\/li>\n<li>1 dl (85g) Zucker<\/li>\n<\/ul>\n<p>Die Butter in einen Topf mit dickem Boden schmelzen, Honig und Sahne dazu geben und ohne Deckel unter st\u00e4ndigem R\u00fchren bis zur Kugelprobe kochen. Die Masse auf ein ge\u00f6ltes Backblech gie\u00dfen, etwas abk\u00fchlen lassen und dann in St\u00fccke schneiden.<\/p>\n<p>Im K\u00fchlschrank aufbewahren.<\/p>\n","protected":false},"excerpt":{"rendered":"<p>Gut aufs Brot, in den Tee, in Marinaden, als Dressing: 1-2 TL in Creme fraiche. Ein St\u00fcck Lachs- oder H\u00fchnerbrustfilet braten, salzen und pfeffern, nach dem Braten mit etwas Zitronenhonig bestreichen. Das ergibt einen wunderbaren Geschmack. Honigbonbons mit Zitronengeschmack \u00bd<span class=\"ellipsis\">&hellip;<\/span><\/p>\n<div class=\"read-more\"><a href=\"https:\/\/rosendalshonung.se\/de\/produkten\/honig\/honig-mit-zitronengeschmack\/\">Weiterlesen \u203a<\/a><\/div>\n<p><!-- end of .read-more --><\/p>\n","protected":false},"author":1,"featured_media":0,"parent":24,"menu_order":30,"comment_status":"closed","ping_status":"closed","template":"full-width-page.php","meta":{"footnotes":""},"class_list":["post-200","page","type-page","status-publish","hentry"],"yoast_head":"<!-- This site is optimized with the Yoast SEO plugin v26.0 - https:\/\/yoast.com\/wordpress\/plugins\/seo\/ -->\n<title>Honig mit Zitronengeschmack - Webview German Site<\/title>\n<meta name=\"robots\" content=\"index, follow, max-snippet:-1, max-image-preview:large, max-video-preview:-1\" \/>\n<link rel=\"canonical\" href=\"https:\/\/rosendalshonung.se\/de\/produkten\/honig\/honig-mit-zitronengeschmack\/\" \/>\n<meta property=\"og:locale\" content=\"de_DE\" \/>\n<meta property=\"og:type\" content=\"article\" \/>\n<meta property=\"og:title\" content=\"Honig mit Zitronengeschmack - Webview German Site\" \/>\n<meta property=\"og:description\" content=\"Gut aufs Brot, in den Tee, in Marinaden, als Dressing: 1-2 TL in Creme fraiche. Ein St\u00fcck Lachs- oder H\u00fchnerbrustfilet braten, salzen und pfeffern, nach dem Braten mit etwas Zitronenhonig bestreichen. Das ergibt einen wunderbaren Geschmack. Honigbonbons mit Zitronengeschmack \u00bd&hellip;Weiterlesen \u203a\" \/>\n<meta property=\"og:url\" content=\"https:\/\/rosendalshonung.se\/de\/produkten\/honig\/honig-mit-zitronengeschmack\/\" \/>\n<meta property=\"og:site_name\" content=\"Webview German Site\" \/>\n<meta name=\"twitter:card\" content=\"summary_large_image\" \/>\n<meta name=\"twitter:label1\" content=\"Gesch\u00e4tzte Lesezeit\" \/>\n\t<meta name=\"twitter:data1\" content=\"1\u00a0Minute\" \/>\n<script type=\"application\/ld+json\" class=\"yoast-schema-graph\">{\"@context\":\"https:\/\/schema.org\",\"@graph\":[{\"@type\":\"WebPage\",\"@id\":\"https:\/\/rosendalshonung.se\/de\/produkten\/honig\/honig-mit-zitronengeschmack\/\",\"url\":\"https:\/\/rosendalshonung.se\/de\/produkten\/honig\/honig-mit-zitronengeschmack\/\",\"name\":\"Honig mit Zitronengeschmack - Webview German Site\",\"isPartOf\":{\"@id\":\"https:\/\/rosendalshonung.se\/de\/#website\"},\"datePublished\":\"2015-11-23T19:06:44+00:00\",\"breadcrumb\":{\"@id\":\"https:\/\/rosendalshonung.se\/de\/produkten\/honig\/honig-mit-zitronengeschmack\/#breadcrumb\"},\"inLanguage\":\"de\",\"potentialAction\":[{\"@type\":\"ReadAction\",\"target\":[\"https:\/\/rosendalshonung.se\/de\/produkten\/honig\/honig-mit-zitronengeschmack\/\"]}]},{\"@type\":\"BreadcrumbList\",\"@id\":\"https:\/\/rosendalshonung.se\/de\/produkten\/honig\/honig-mit-zitronengeschmack\/#breadcrumb\",\"itemListElement\":[{\"@type\":\"ListItem\",\"position\":1,\"name\":\"Hem\",\"item\":\"https:\/\/rosendalshonung.se\/de\/\"},{\"@type\":\"ListItem\",\"position\":2,\"name\":\"Produkten\",\"item\":\"https:\/\/rosendalshonung.se\/de\/produkten\/\"},{\"@type\":\"ListItem\",\"position\":3,\"name\":\"Honig\",\"item\":\"https:\/\/rosendalshonung.se\/de\/produkten\/honig\/\"},{\"@type\":\"ListItem\",\"position\":4,\"name\":\"Honig mit Zitronengeschmack\"}]},{\"@type\":\"WebSite\",\"@id\":\"https:\/\/rosendalshonung.se\/de\/#website\",\"url\":\"https:\/\/rosendalshonung.se\/de\/\",\"name\":\"Webview German Site\",\"description\":\"En till Webview Sites webbplats\",\"potentialAction\":[{\"@type\":\"SearchAction\",\"target\":{\"@type\":\"EntryPoint\",\"urlTemplate\":\"https:\/\/rosendalshonung.se\/de\/?s={search_term_string}\"},\"query-input\":{\"@type\":\"PropertyValueSpecification\",\"valueRequired\":true,\"valueName\":\"search_term_string\"}}],\"inLanguage\":\"de\"}]}<\/script>\n<!-- \/ Yoast SEO plugin. -->","yoast_head_json":{"title":"Honig mit Zitronengeschmack - Webview German Site","robots":{"index":"index","follow":"follow","max-snippet":"max-snippet:-1","max-image-preview":"max-image-preview:large","max-video-preview":"max-video-preview:-1"},"canonical":"https:\/\/rosendalshonung.se\/de\/produkten\/honig\/honig-mit-zitronengeschmack\/","og_locale":"de_DE","og_type":"article","og_title":"Honig mit Zitronengeschmack - Webview German Site","og_description":"Gut aufs Brot, in den Tee, in Marinaden, als Dressing: 1-2 TL in Creme fraiche. Ein St\u00fcck Lachs- oder H\u00fchnerbrustfilet braten, salzen und pfeffern, nach dem Braten mit etwas Zitronenhonig bestreichen. Das ergibt einen wunderbaren Geschmack. Honigbonbons mit Zitronengeschmack \u00bd&hellip;Weiterlesen \u203a","og_url":"https:\/\/rosendalshonung.se\/de\/produkten\/honig\/honig-mit-zitronengeschmack\/","og_site_name":"Webview German Site","twitter_card":"summary_large_image","twitter_misc":{"Gesch\u00e4tzte Lesezeit":"1\u00a0Minute"},"schema":{"@context":"https:\/\/schema.org","@graph":[{"@type":"WebPage","@id":"https:\/\/rosendalshonung.se\/de\/produkten\/honig\/honig-mit-zitronengeschmack\/","url":"https:\/\/rosendalshonung.se\/de\/produkten\/honig\/honig-mit-zitronengeschmack\/","name":"Honig mit Zitronengeschmack - Webview German Site","isPartOf":{"@id":"https:\/\/rosendalshonung.se\/de\/#website"},"datePublished":"2015-11-23T19:06:44+00:00","breadcrumb":{"@id":"https:\/\/rosendalshonung.se\/de\/produkten\/honig\/honig-mit-zitronengeschmack\/#breadcrumb"},"inLanguage":"de","potentialAction":[{"@type":"ReadAction","target":["https:\/\/rosendalshonung.se\/de\/produkten\/honig\/honig-mit-zitronengeschmack\/"]}]},{"@type":"BreadcrumbList","@id":"https:\/\/rosendalshonung.se\/de\/produkten\/honig\/honig-mit-zitronengeschmack\/#breadcrumb","itemListElement":[{"@type":"ListItem","position":1,"name":"Hem","item":"https:\/\/rosendalshonung.se\/de\/"},{"@type":"ListItem","position":2,"name":"Produkten","item":"https:\/\/rosendalshonung.se\/de\/produkten\/"},{"@type":"ListItem","position":3,"name":"Honig","item":"https:\/\/rosendalshonung.se\/de\/produkten\/honig\/"},{"@type":"ListItem","position":4,"name":"Honig mit Zitronengeschmack"}]},{"@type":"WebSite","@id":"https:\/\/rosendalshonung.se\/de\/#website","url":"https:\/\/rosendalshonung.se\/de\/","name":"Webview German Site","description":"En till Webview Sites webbplats","potentialAction":[{"@type":"SearchAction","target":{"@type":"EntryPoint","urlTemplate":"https:\/\/rosendalshonung.se\/de\/?s={search_term_string}"},"query-input":{"@type":"PropertyValueSpecification","valueRequired":true,"valueName":"search_term_string"}}],"inLanguage":"de"}]}},"_links":{"self":[{"href":"https:\/\/rosendalshonung.se\/de\/wp-json\/wp\/v2\/pages\/200","targetHints":{"allow":["GET"]}}],"collection":[{"href":"https:\/\/rosendalshonung.se\/de\/wp-json\/wp\/v2\/pages"}],"about":[{"href":"https:\/\/rosendalshonung.se\/de\/wp-json\/wp\/v2\/types\/page"}],"author":[{"embeddable":true,"href":"https:\/\/rosendalshonung.se\/de\/wp-json\/wp\/v2\/users\/1"}],"replies":[{"embeddable":true,"href":"https:\/\/rosendalshonung.se\/de\/wp-json\/wp\/v2\/comments?post=200"}],"version-history":[{"count":1,"href":"https:\/\/rosendalshonung.se\/de\/wp-json\/wp\/v2\/pages\/200\/revisions"}],"predecessor-version":[{"id":201,"href":"https:\/\/rosendalshonung.se\/de\/wp-json\/wp\/v2\/pages\/200\/revisions\/201"}],"up":[{"embeddable":true,"href":"https:\/\/rosendalshonung.se\/de\/wp-json\/wp\/v2\/pages\/24"}],"wp:attachment":[{"href":"https:\/\/rosendalshonung.se\/de\/wp-json\/wp\/v2\/media?parent=200"}],"curies":[{"name":"wp","href":"https:\/\/api.w.org\/{rel}","templated":true}]}}