{"id":202,"date":"2015-11-23T20:07:50","date_gmt":"2015-11-23T19:07:50","guid":{"rendered":"http:\/\/rosendalshonung.se\/de\/?page_id=202"},"modified":"2015-11-23T20:07:50","modified_gmt":"2015-11-23T19:07:50","slug":"honig-mit-eukalyptus-pfefferminzgeschmack","status":"publish","type":"page","link":"https:\/\/rosendalshonung.se\/de\/produkten\/honig\/honig-mit-eukalyptus-pfefferminzgeschmack\/","title":{"rendered":"Honig mit Eukalyptus- \/ Pfefferminzgeschmack"},"content":{"rendered":"<p>Passt in Tee oder nehmen Sie einen L\u00f6ffel voll bei Verk\u00fchlung.<\/p>\n<p>Wenn Sie Halsschmerzen haben, dann w\u00e4rmen sie den Honig nicht auf, denn da werden seine antibakteriellen Eigenschaften zerst\u00f6rt. Nehmen Sie einfach einen Teel\u00f6ffel voll Honig direkt in den Mund.<\/p>\n<p>&nbsp;<\/p>\n","protected":false},"excerpt":{"rendered":"<p>Passt in Tee oder nehmen Sie einen L\u00f6ffel voll bei Verk\u00fchlung. Wenn Sie Halsschmerzen haben, dann w\u00e4rmen sie den Honig nicht auf, denn da werden seine antibakteriellen Eigenschaften zerst\u00f6rt. Nehmen Sie einfach einen Teel\u00f6ffel voll Honig direkt in den Mund.<span class=\"ellipsis\">&hellip;<\/span><\/p>\n<div class=\"read-more\"><a href=\"https:\/\/rosendalshonung.se\/de\/produkten\/honig\/honig-mit-eukalyptus-pfefferminzgeschmack\/\">Weiterlesen \u203a<\/a><\/div>\n<p><!-- end of .read-more --><\/p>\n","protected":false},"author":1,"featured_media":0,"parent":24,"menu_order":40,"comment_status":"closed","ping_status":"closed","template":"full-width-page.php","meta":{"footnotes":""},"class_list":["post-202","page","type-page","status-publish","hentry"],"yoast_head":"<!-- This site is optimized with the Yoast SEO plugin v26.0 - https:\/\/yoast.com\/wordpress\/plugins\/seo\/ -->\n<title>Honig mit Eukalyptus- \/ Pfefferminzgeschmack - Webview German Site<\/title>\n<meta name=\"robots\" content=\"index, follow, max-snippet:-1, max-image-preview:large, max-video-preview:-1\" \/>\n<link rel=\"canonical\" href=\"https:\/\/rosendalshonung.se\/de\/produkten\/honig\/honig-mit-eukalyptus-pfefferminzgeschmack\/\" \/>\n<meta property=\"og:locale\" content=\"de_DE\" \/>\n<meta property=\"og:type\" content=\"article\" \/>\n<meta property=\"og:title\" content=\"Honig mit Eukalyptus- \/ Pfefferminzgeschmack - Webview German Site\" \/>\n<meta property=\"og:description\" content=\"Passt in Tee oder nehmen Sie einen L\u00f6ffel voll bei Verk\u00fchlung. Wenn Sie Halsschmerzen haben, dann w\u00e4rmen sie den Honig nicht auf, denn da werden seine antibakteriellen Eigenschaften zerst\u00f6rt. Nehmen Sie einfach einen Teel\u00f6ffel voll Honig direkt in den Mund.&hellip;Weiterlesen \u203a\" \/>\n<meta property=\"og:url\" content=\"https:\/\/rosendalshonung.se\/de\/produkten\/honig\/honig-mit-eukalyptus-pfefferminzgeschmack\/\" \/>\n<meta property=\"og:site_name\" content=\"Webview German Site\" \/>\n<meta name=\"twitter:card\" content=\"summary_large_image\" \/>\n<script type=\"application\/ld+json\" class=\"yoast-schema-graph\">{\"@context\":\"https:\/\/schema.org\",\"@graph\":[{\"@type\":\"WebPage\",\"@id\":\"https:\/\/rosendalshonung.se\/de\/produkten\/honig\/honig-mit-eukalyptus-pfefferminzgeschmack\/\",\"url\":\"https:\/\/rosendalshonung.se\/de\/produkten\/honig\/honig-mit-eukalyptus-pfefferminzgeschmack\/\",\"name\":\"Honig mit Eukalyptus- \/ Pfefferminzgeschmack - Webview German Site\",\"isPartOf\":{\"@id\":\"https:\/\/rosendalshonung.se\/de\/#website\"},\"datePublished\":\"2015-11-23T19:07:50+00:00\",\"breadcrumb\":{\"@id\":\"https:\/\/rosendalshonung.se\/de\/produkten\/honig\/honig-mit-eukalyptus-pfefferminzgeschmack\/#breadcrumb\"},\"inLanguage\":\"de\",\"potentialAction\":[{\"@type\":\"ReadAction\",\"target\":[\"https:\/\/rosendalshonung.se\/de\/produkten\/honig\/honig-mit-eukalyptus-pfefferminzgeschmack\/\"]}]},{\"@type\":\"BreadcrumbList\",\"@id\":\"https:\/\/rosendalshonung.se\/de\/produkten\/honig\/honig-mit-eukalyptus-pfefferminzgeschmack\/#breadcrumb\",\"itemListElement\":[{\"@type\":\"ListItem\",\"position\":1,\"name\":\"Hem\",\"item\":\"https:\/\/rosendalshonung.se\/de\/\"},{\"@type\":\"ListItem\",\"position\":2,\"name\":\"Produkten\",\"item\":\"https:\/\/rosendalshonung.se\/de\/produkten\/\"},{\"@type\":\"ListItem\",\"position\":3,\"name\":\"Honig\",\"item\":\"https:\/\/rosendalshonung.se\/de\/produkten\/honig\/\"},{\"@type\":\"ListItem\",\"position\":4,\"name\":\"Honig mit Eukalyptus- \/ Pfefferminzgeschmack\"}]},{\"@type\":\"WebSite\",\"@id\":\"https:\/\/rosendalshonung.se\/de\/#website\",\"url\":\"https:\/\/rosendalshonung.se\/de\/\",\"name\":\"Webview German Site\",\"description\":\"En till Webview Sites webbplats\",\"potentialAction\":[{\"@type\":\"SearchAction\",\"target\":{\"@type\":\"EntryPoint\",\"urlTemplate\":\"https:\/\/rosendalshonung.se\/de\/?s={search_term_string}\"},\"query-input\":{\"@type\":\"PropertyValueSpecification\",\"valueRequired\":true,\"valueName\":\"search_term_string\"}}],\"inLanguage\":\"de\"}]}<\/script>\n<!-- \/ Yoast SEO plugin. -->","yoast_head_json":{"title":"Honig mit Eukalyptus- \/ Pfefferminzgeschmack - Webview German Site","robots":{"index":"index","follow":"follow","max-snippet":"max-snippet:-1","max-image-preview":"max-image-preview:large","max-video-preview":"max-video-preview:-1"},"canonical":"https:\/\/rosendalshonung.se\/de\/produkten\/honig\/honig-mit-eukalyptus-pfefferminzgeschmack\/","og_locale":"de_DE","og_type":"article","og_title":"Honig mit Eukalyptus- \/ Pfefferminzgeschmack - Webview German Site","og_description":"Passt in Tee oder nehmen Sie einen L\u00f6ffel voll bei Verk\u00fchlung. Wenn Sie Halsschmerzen haben, dann w\u00e4rmen sie den Honig nicht auf, denn da werden seine antibakteriellen Eigenschaften zerst\u00f6rt. Nehmen Sie einfach einen Teel\u00f6ffel voll Honig direkt in den Mund.&hellip;Weiterlesen \u203a","og_url":"https:\/\/rosendalshonung.se\/de\/produkten\/honig\/honig-mit-eukalyptus-pfefferminzgeschmack\/","og_site_name":"Webview German Site","twitter_card":"summary_large_image","schema":{"@context":"https:\/\/schema.org","@graph":[{"@type":"WebPage","@id":"https:\/\/rosendalshonung.se\/de\/produkten\/honig\/honig-mit-eukalyptus-pfefferminzgeschmack\/","url":"https:\/\/rosendalshonung.se\/de\/produkten\/honig\/honig-mit-eukalyptus-pfefferminzgeschmack\/","name":"Honig mit Eukalyptus- \/ Pfefferminzgeschmack - Webview German Site","isPartOf":{"@id":"https:\/\/rosendalshonung.se\/de\/#website"},"datePublished":"2015-11-23T19:07:50+00:00","breadcrumb":{"@id":"https:\/\/rosendalshonung.se\/de\/produkten\/honig\/honig-mit-eukalyptus-pfefferminzgeschmack\/#breadcrumb"},"inLanguage":"de","potentialAction":[{"@type":"ReadAction","target":["https:\/\/rosendalshonung.se\/de\/produkten\/honig\/honig-mit-eukalyptus-pfefferminzgeschmack\/"]}]},{"@type":"BreadcrumbList","@id":"https:\/\/rosendalshonung.se\/de\/produkten\/honig\/honig-mit-eukalyptus-pfefferminzgeschmack\/#breadcrumb","itemListElement":[{"@type":"ListItem","position":1,"name":"Hem","item":"https:\/\/rosendalshonung.se\/de\/"},{"@type":"ListItem","position":2,"name":"Produkten","item":"https:\/\/rosendalshonung.se\/de\/produkten\/"},{"@type":"ListItem","position":3,"name":"Honig","item":"https:\/\/rosendalshonung.se\/de\/produkten\/honig\/"},{"@type":"ListItem","position":4,"name":"Honig mit Eukalyptus- \/ Pfefferminzgeschmack"}]},{"@type":"WebSite","@id":"https:\/\/rosendalshonung.se\/de\/#website","url":"https:\/\/rosendalshonung.se\/de\/","name":"Webview German Site","description":"En till Webview Sites webbplats","potentialAction":[{"@type":"SearchAction","target":{"@type":"EntryPoint","urlTemplate":"https:\/\/rosendalshonung.se\/de\/?s={search_term_string}"},"query-input":{"@type":"PropertyValueSpecification","valueRequired":true,"valueName":"search_term_string"}}],"inLanguage":"de"}]}},"_links":{"self":[{"href":"https:\/\/rosendalshonung.se\/de\/wp-json\/wp\/v2\/pages\/202","targetHints":{"allow":["GET"]}}],"collection":[{"href":"https:\/\/rosendalshonung.se\/de\/wp-json\/wp\/v2\/pages"}],"about":[{"href":"https:\/\/rosendalshonung.se\/de\/wp-json\/wp\/v2\/types\/page"}],"author":[{"embeddable":true,"href":"https:\/\/rosendalshonung.se\/de\/wp-json\/wp\/v2\/users\/1"}],"replies":[{"embeddable":true,"href":"https:\/\/rosendalshonung.se\/de\/wp-json\/wp\/v2\/comments?post=202"}],"version-history":[{"count":1,"href":"https:\/\/rosendalshonung.se\/de\/wp-json\/wp\/v2\/pages\/202\/revisions"}],"predecessor-version":[{"id":203,"href":"https:\/\/rosendalshonung.se\/de\/wp-json\/wp\/v2\/pages\/202\/revisions\/203"}],"up":[{"embeddable":true,"href":"https:\/\/rosendalshonung.se\/de\/wp-json\/wp\/v2\/pages\/24"}],"wp:attachment":[{"href":"https:\/\/rosendalshonung.se\/de\/wp-json\/wp\/v2\/media?parent=202"}],"curies":[{"name":"wp","href":"https:\/\/api.w.org\/{rel}","templated":true}]}}