{"id":24,"date":"2015-06-21T11:11:35","date_gmt":"2015-06-21T09:11:35","guid":{"rendered":"http:\/\/rosendalshonung.se\/de\/?page_id=24"},"modified":"2017-04-09T09:01:40","modified_gmt":"2017-04-09T07:01:40","slug":"honig","status":"publish","type":"page","link":"https:\/\/rosendalshonung.se\/de\/produkten\/honig\/","title":{"rendered":"Honig"},"content":{"rendered":"<p>Den Nektar, den Bienen von Bl\u00fcten sammeln, wandeln sie in Honig um. Hierbei entstehen\u00a0aus 3 kg Nektar circa 1 kg Honig. Abh\u00e4ngig von der jeweilig besuchten Bl\u00fctenart erh\u00e4lt der\u00a0Honig unterschiedliche Farbe und Geschmack. Der Honig wird in Wachswaben gelagert.\u00a0Wenn die Wachswaben mit Wachs zugedeckt sind, ist der Honig reif zur Ernte.\u00a0F\u00fcr ein Glas Honig haben die Bienen circa 5 Millionen Bl\u00fcten besucht und gleichzeitig\u00a0best\u00e4ubt.<\/p>\n<p>Neben Frucht- und Traubenzucker finden sich im Honig u.a. Mineralien, Enzyme,\u00a0Vitamine, Aminos\u00e4uren, Antioxydantien sowie bakterienabt\u00f6tende Substanzen.<\/p>\n<p>Mit Ihrem Erwerb an schwedischem Honig tragen Sie zum Erhalt lebendiger schwedischer\u00a0Natur bei!<\/p>\n<div class=\"csRow\">\n<div class=\"csColumn\" style=\"margin: 0px; padding: 0px; float: left; width: 14.1%;\" data-csid=\"d78b1798-4689-d0f0-9cc1-aa81aa8efa8a\" data-cswidth=\"14.1%\" data-csendpoint=\"140.5\" data-csstartpoint=\"0\"><a href=\"https:\/\/rosendalshonung.se\/wp-content\/uploads\/2015\/04\/SvensktSigill_logo.png\"><img loading=\"lazy\" decoding=\"async\" class=\"alignnone size-full wp-image-622\" src=\"https:\/\/rosendalshonung.se\/wp-content\/uploads\/2015\/04\/SvensktSigill_logo.png\" alt=\"SvensktSigill_logo\" width=\"129\" height=\"94\" \/><\/a><\/div>\n<div class=\"csColumnGap\" style=\"margin: 0px; padding: 0px; float: left; width: 0.95%;\"><img decoding=\"async\" src=\"https:\/\/rosendalshonung.se\/wp-content\/plugins\/advanced-wp-columns\/assets\/js\/plugins\/views\/img\/1x1-pixel.png\" alt=\"\" \/><\/div>\n<div class=\"csColumn\" style=\"margin: 0px; padding: 0px; float: left; width: 85%;\" data-csid=\"611d0d5b-42fe-b63d-862e-485f192ca253\" data-cswidth=\"85.0%\" data-csendpoint=\"1000\" data-csstartpoint=\"150\">Wir sind zertifiziert durch das \u201eSvenskt Sigill\u201c (Schwedisches Siegel), das hohe und gleich bleibende Qualit\u00e4t garantiert.<\/div>\n<div style=\"clear: both; float: none; display: block; visibility: hidden; width: 0px; font-size: 0px; line-height: 0;\"><\/div>\n<\/div>\n<h2>Produkte<\/h2>\n<div class=\"csRow\">\n<div class=\"csColumn\" style=\"margin: 0px; padding: 0px; float: left; width: 30%;\" data-csstartpoint=\"0\" data-csendpoint=\"280\" data-cswidth=\"30%\" data-csid=\"fa089b1e-ab77-8cba-9fcd-df219a083057\">\n<p><a href=\"https:\/\/rosendalshonung.se\/de\/produkten\/honig\/naturreiner-honig\/\"><img loading=\"lazy\" decoding=\"async\" class=\"alignnone wp-image-506 size-full\" src=\"https:\/\/rosendalshonung.se\/wp-content\/uploads\/2015\/04\/Neutral-honung-med-hink_385x300.jpg\" alt=\"\" width=\"385\" height=\"300\" \/><\/a><br \/>\nNat\u00fcrlicher Honig<br \/>\nGlasgr\u00f6\u00dfen: 500g, 250g, 150g<\/p>\n<p>Findet Verwendung in der Essenszubereitung und beim Backen. Es reicht in etwa halb so\u00a0viel Honig im Vergleich zu Zucker zu verwenden. Brot mit Honig gebacken bleibt saftiger.<\/p>\n<\/div>\n<div class=\"csColumnGap\" style=\"margin: 0px; padding: 0px; float: left; width: 5%;\"><img decoding=\"async\" style=\"border: none;\" src=\"https:\/\/rosendalshonung.se\/wp-content\/plugins\/advanced-wp-columns\/assets\/js\/plugins\/views\/img\/1x1-pixel.png\" alt=\"\" \/><\/div>\n<div class=\"csColumn\" style=\"margin: 0px; padding: 0px; float: left; width: 30%;\" data-csstartpoint=\"340\" data-csendpoint=\"620\" data-cswidth=\"30%\" data-csid=\"b1ccceb8-6742-87c5-8a2a-6f9f49802b76\">\n<p><a href=\"https:\/\/rosendalshonung.se\/de\/produkten\/honig\/honig-mit-orangengeschmack\/\"><img loading=\"lazy\" decoding=\"async\" class=\"alignnone wp-image-471 size-full\" src=\"https:\/\/rosendalshonung.se\/wp-content\/uploads\/2015\/04\/honung-apelsin.jpg\" alt=\"\" width=\"385\" height=\"300\" \/><\/a><br \/>\nHonig mit Apfelsinengeschmack<br \/>\nGlasgr\u00f6\u00dfen: 250g, 150g<\/p>\n<p>Passt gut zu ger\u00f6stetem Brot und scones. Kann auf allen Broten anstelle von Marmelade\u00a0verwendet werden.<\/p>\n<\/div>\n<div class=\"csColumnGap\" style=\"margin: 0px; padding: 0px; float: left; width: 5%;\"><img decoding=\"async\" style=\"border: none;\" src=\"https:\/\/rosendalshonung.se\/wp-content\/plugins\/advanced-wp-columns\/assets\/js\/plugins\/views\/img\/1x1-pixel.png\" alt=\"\" \/><\/div>\n<div class=\"csColumn\" style=\"margin: 0px; padding: 0px; float: left; width: 30%;\" data-csstartpoint=\"680\" data-csendpoint=\"960\" data-cswidth=\"30%\" data-csid=\"12519630-b220-76ca-aab2-10c777344392\">\n<p><a href=\"https:\/\/rosendalshonung.se\/de\/produkten\/honig\/honig-mit-zitronengeschmack\/\"><img loading=\"lazy\" decoding=\"async\" class=\"alignnone wp-image-470 size-full\" src=\"https:\/\/rosendalshonung.se\/wp-content\/uploads\/2015\/04\/honung-citron.jpg\" alt=\"\" width=\"385\" height=\"300\" \/><\/a><br \/>\nHonig mit Zitronengeschmack<br \/>\nGlasgr\u00f6\u00dfen: 250g, 150g<\/p>\n<p>Gut auf Brot, in Tee, Marinaden, mit 1-2 Teel\u00f6ffel in Cr\u00e8me fraiche als Dressing.<br \/>\nBraten Sie ein St\u00fcck Lachs oder Huhn, salzen und pfeffern, mit etwas Zitronenhonig<br \/>\nbestreichen. Das gibt einen herrlichen Geschmack.<\/p>\n<\/div>\n<\/div>\n<div class=\"csRow\">\n<div class=\"csColumn\" style=\"margin: 0px; padding: 0px; float: left; width: 30%;\" data-csstartpoint=\"0\" data-csendpoint=\"280\" data-cswidth=\"30%\" data-csid=\"fa089b1e-ab77-8cba-9fcd-df219a083057\">\n<p><a href=\"https:\/\/rosendalshonung.se\/de\/produkten\/honig\/honig-mit-eukalyptus-pfefferminzgeschmack\/\"><img loading=\"lazy\" decoding=\"async\" class=\"alignnone wp-image-469 size-full\" src=\"https:\/\/rosendalshonung.se\/wp-content\/uploads\/2015\/04\/honung-naturell.jpg\" alt=\"\" width=\"385\" height=\"300\" \/><\/a><br \/>\nHonig mit Eukalyptus\/Pfefferminzgeschmack<br \/>\nGlasgr\u00f6\u00dfen: 250g, 150g<\/p>\n<p>Gut in Tee. Oder nehmen Sie einen L\u00f6ffel Honig bei Erk\u00e4ltung.<br \/>\nBei Halsschmerzen w\u00e4rmen Sie nicht den Honig. Das verst\u00f6rt die antibakteriellen<br \/>\nEigenschaften. Nehmen Sie lieber einen Teel\u00f6ffel mit Honig direkt in den Mund.<\/p>\n<p>&nbsp;<\/p>\n<\/div>\n<div class=\"csColumnGap\" style=\"margin: 0px; padding: 0px; float: left; width: 5%;\"><img decoding=\"async\" style=\"border: none;\" src=\"https:\/\/rosendalshonung.se\/wp-content\/plugins\/advanced-wp-columns\/assets\/js\/plugins\/views\/img\/1x1-pixel.png\" alt=\"\" \/><\/div>\n<div class=\"csColumn\" style=\"margin: 0px; padding: 0px; float: left; width: 30%;\" data-csstartpoint=\"340\" data-csendpoint=\"620\" data-cswidth=\"30%\" data-csid=\"b1ccceb8-6742-87c5-8a2a-6f9f49802b76\">\n<p><img loading=\"lazy\" decoding=\"async\" class=\"alignnone wp-image-629 size-full\" src=\"https:\/\/rosendalshonung.se\/wp-content\/uploads\/2015\/04\/honung-present.jpg\" alt=\"\" width=\"385\" height=\"300\" \/><br \/>\nUnsere Geschenkverpackung enth\u00e4lt 1 Glas Honig naturell \u00e0 500g und 3 Gl\u00e4ser mit den\u00a0Geschmacksrichtungen Zitrone, Apfelsine, Eukalyptus \u00e0 150g.<\/p>\n<\/div>\n<div class=\"csColumnGap\" style=\"margin: 0px; padding: 0px; float: left; width: 5%;\"><img decoding=\"async\" style=\"border: none;\" src=\"https:\/\/rosendalshonung.se\/wp-content\/plugins\/advanced-wp-columns\/assets\/js\/plugins\/views\/img\/1x1-pixel.png\" alt=\"\" \/><\/div>\n<div style=\"clear: both; float: none; display: block; visibility: hidden; width: 0px; font-size: 0px; line-height: 0;\"><\/div>\n<\/div>\n","protected":false},"excerpt":{"rendered":"<p>Den Nektar, den Bienen von Bl\u00fcten sammeln, wandeln sie in Honig um. Hierbei entstehen\u00a0aus 3 kg Nektar circa 1 kg Honig. Abh\u00e4ngig von der jeweilig besuchten Bl\u00fctenart erh\u00e4lt der\u00a0Honig unterschiedliche Farbe und Geschmack. Der Honig wird in Wachswaben gelagert.\u00a0Wenn die<span class=\"ellipsis\">&hellip;<\/span><\/p>\n<div class=\"read-more\"><a href=\"https:\/\/rosendalshonung.se\/de\/produkten\/honig\/\">Weiterlesen \u203a<\/a><\/div>\n<p><!-- end of .read-more --><\/p>\n","protected":false},"author":1,"featured_media":0,"parent":22,"menu_order":10,"comment_status":"closed","ping_status":"closed","template":"full-width-page.php","meta":{"footnotes":""},"class_list":["post-24","page","type-page","status-publish","hentry"],"yoast_head":"<!-- This site is optimized with the Yoast SEO plugin v26.0 - https:\/\/yoast.com\/wordpress\/plugins\/seo\/ -->\n<title>Honig - Webview German Site<\/title>\n<meta name=\"robots\" content=\"index, follow, max-snippet:-1, max-image-preview:large, max-video-preview:-1\" \/>\n<link rel=\"canonical\" href=\"https:\/\/rosendalshonung.se\/de\/produkten\/honig\/\" \/>\n<meta property=\"og:locale\" content=\"de_DE\" \/>\n<meta property=\"og:type\" content=\"article\" \/>\n<meta property=\"og:title\" content=\"Honig - Webview German Site\" \/>\n<meta property=\"og:description\" content=\"Den Nektar, den Bienen von Bl\u00fcten sammeln, wandeln sie in Honig um. Hierbei entstehen\u00a0aus 3 kg Nektar circa 1 kg Honig. Abh\u00e4ngig von der jeweilig besuchten Bl\u00fctenart erh\u00e4lt der\u00a0Honig unterschiedliche Farbe und Geschmack. Der Honig wird in Wachswaben gelagert.\u00a0Wenn die&hellip;Weiterlesen \u203a\" \/>\n<meta property=\"og:url\" content=\"https:\/\/rosendalshonung.se\/de\/produkten\/honig\/\" \/>\n<meta property=\"og:site_name\" content=\"Webview German Site\" \/>\n<meta property=\"article:modified_time\" content=\"2017-04-09T07:01:40+00:00\" \/>\n<meta property=\"og:image\" content=\"https:\/\/rosendalshonung.se\/wp-content\/uploads\/2015\/04\/SvensktSigill_logo.png\" \/>\n<meta name=\"twitter:card\" content=\"summary_large_image\" \/>\n<meta name=\"twitter:label1\" content=\"Gesch\u00e4tzte Lesezeit\" \/>\n\t<meta name=\"twitter:data1\" content=\"1\u00a0Minute\" \/>\n<script type=\"application\/ld+json\" class=\"yoast-schema-graph\">{\"@context\":\"https:\/\/schema.org\",\"@graph\":[{\"@type\":\"WebPage\",\"@id\":\"https:\/\/rosendalshonung.se\/de\/produkten\/honig\/\",\"url\":\"https:\/\/rosendalshonung.se\/de\/produkten\/honig\/\",\"name\":\"Honig - Webview German Site\",\"isPartOf\":{\"@id\":\"https:\/\/rosendalshonung.se\/de\/#website\"},\"primaryImageOfPage\":{\"@id\":\"https:\/\/rosendalshonung.se\/de\/produkten\/honig\/#primaryimage\"},\"image\":{\"@id\":\"https:\/\/rosendalshonung.se\/de\/produkten\/honig\/#primaryimage\"},\"thumbnailUrl\":\"https:\/\/rosendalshonung.se\/wp-content\/uploads\/2015\/04\/SvensktSigill_logo.png\",\"datePublished\":\"2015-06-21T09:11:35+00:00\",\"dateModified\":\"2017-04-09T07:01:40+00:00\",\"breadcrumb\":{\"@id\":\"https:\/\/rosendalshonung.se\/de\/produkten\/honig\/#breadcrumb\"},\"inLanguage\":\"de\",\"potentialAction\":[{\"@type\":\"ReadAction\",\"target\":[\"https:\/\/rosendalshonung.se\/de\/produkten\/honig\/\"]}]},{\"@type\":\"ImageObject\",\"inLanguage\":\"de\",\"@id\":\"https:\/\/rosendalshonung.se\/de\/produkten\/honig\/#primaryimage\",\"url\":\"https:\/\/rosendalshonung.se\/wp-content\/uploads\/2015\/04\/SvensktSigill_logo.png\",\"contentUrl\":\"https:\/\/rosendalshonung.se\/wp-content\/uploads\/2015\/04\/SvensktSigill_logo.png\"},{\"@type\":\"BreadcrumbList\",\"@id\":\"https:\/\/rosendalshonung.se\/de\/produkten\/honig\/#breadcrumb\",\"itemListElement\":[{\"@type\":\"ListItem\",\"position\":1,\"name\":\"Hem\",\"item\":\"https:\/\/rosendalshonung.se\/de\/\"},{\"@type\":\"ListItem\",\"position\":2,\"name\":\"Produkten\",\"item\":\"https:\/\/rosendalshonung.se\/de\/produkten\/\"},{\"@type\":\"ListItem\",\"position\":3,\"name\":\"Honig\"}]},{\"@type\":\"WebSite\",\"@id\":\"https:\/\/rosendalshonung.se\/de\/#website\",\"url\":\"https:\/\/rosendalshonung.se\/de\/\",\"name\":\"Webview German Site\",\"description\":\"En till Webview Sites webbplats\",\"potentialAction\":[{\"@type\":\"SearchAction\",\"target\":{\"@type\":\"EntryPoint\",\"urlTemplate\":\"https:\/\/rosendalshonung.se\/de\/?s={search_term_string}\"},\"query-input\":{\"@type\":\"PropertyValueSpecification\",\"valueRequired\":true,\"valueName\":\"search_term_string\"}}],\"inLanguage\":\"de\"}]}<\/script>\n<!-- \/ Yoast SEO plugin. -->","yoast_head_json":{"title":"Honig - Webview German Site","robots":{"index":"index","follow":"follow","max-snippet":"max-snippet:-1","max-image-preview":"max-image-preview:large","max-video-preview":"max-video-preview:-1"},"canonical":"https:\/\/rosendalshonung.se\/de\/produkten\/honig\/","og_locale":"de_DE","og_type":"article","og_title":"Honig - Webview German Site","og_description":"Den Nektar, den Bienen von Bl\u00fcten sammeln, wandeln sie in Honig um. Hierbei entstehen\u00a0aus 3 kg Nektar circa 1 kg Honig. Abh\u00e4ngig von der jeweilig besuchten Bl\u00fctenart erh\u00e4lt der\u00a0Honig unterschiedliche Farbe und Geschmack. Der Honig wird in Wachswaben gelagert.\u00a0Wenn die&hellip;Weiterlesen \u203a","og_url":"https:\/\/rosendalshonung.se\/de\/produkten\/honig\/","og_site_name":"Webview German Site","article_modified_time":"2017-04-09T07:01:40+00:00","og_image":[{"url":"https:\/\/rosendalshonung.se\/wp-content\/uploads\/2015\/04\/SvensktSigill_logo.png","type":"","width":"","height":""}],"twitter_card":"summary_large_image","twitter_misc":{"Gesch\u00e4tzte Lesezeit":"1\u00a0Minute"},"schema":{"@context":"https:\/\/schema.org","@graph":[{"@type":"WebPage","@id":"https:\/\/rosendalshonung.se\/de\/produkten\/honig\/","url":"https:\/\/rosendalshonung.se\/de\/produkten\/honig\/","name":"Honig - Webview German Site","isPartOf":{"@id":"https:\/\/rosendalshonung.se\/de\/#website"},"primaryImageOfPage":{"@id":"https:\/\/rosendalshonung.se\/de\/produkten\/honig\/#primaryimage"},"image":{"@id":"https:\/\/rosendalshonung.se\/de\/produkten\/honig\/#primaryimage"},"thumbnailUrl":"https:\/\/rosendalshonung.se\/wp-content\/uploads\/2015\/04\/SvensktSigill_logo.png","datePublished":"2015-06-21T09:11:35+00:00","dateModified":"2017-04-09T07:01:40+00:00","breadcrumb":{"@id":"https:\/\/rosendalshonung.se\/de\/produkten\/honig\/#breadcrumb"},"inLanguage":"de","potentialAction":[{"@type":"ReadAction","target":["https:\/\/rosendalshonung.se\/de\/produkten\/honig\/"]}]},{"@type":"ImageObject","inLanguage":"de","@id":"https:\/\/rosendalshonung.se\/de\/produkten\/honig\/#primaryimage","url":"https:\/\/rosendalshonung.se\/wp-content\/uploads\/2015\/04\/SvensktSigill_logo.png","contentUrl":"https:\/\/rosendalshonung.se\/wp-content\/uploads\/2015\/04\/SvensktSigill_logo.png"},{"@type":"BreadcrumbList","@id":"https:\/\/rosendalshonung.se\/de\/produkten\/honig\/#breadcrumb","itemListElement":[{"@type":"ListItem","position":1,"name":"Hem","item":"https:\/\/rosendalshonung.se\/de\/"},{"@type":"ListItem","position":2,"name":"Produkten","item":"https:\/\/rosendalshonung.se\/de\/produkten\/"},{"@type":"ListItem","position":3,"name":"Honig"}]},{"@type":"WebSite","@id":"https:\/\/rosendalshonung.se\/de\/#website","url":"https:\/\/rosendalshonung.se\/de\/","name":"Webview German Site","description":"En till Webview Sites webbplats","potentialAction":[{"@type":"SearchAction","target":{"@type":"EntryPoint","urlTemplate":"https:\/\/rosendalshonung.se\/de\/?s={search_term_string}"},"query-input":{"@type":"PropertyValueSpecification","valueRequired":true,"valueName":"search_term_string"}}],"inLanguage":"de"}]}},"_links":{"self":[{"href":"https:\/\/rosendalshonung.se\/de\/wp-json\/wp\/v2\/pages\/24","targetHints":{"allow":["GET"]}}],"collection":[{"href":"https:\/\/rosendalshonung.se\/de\/wp-json\/wp\/v2\/pages"}],"about":[{"href":"https:\/\/rosendalshonung.se\/de\/wp-json\/wp\/v2\/types\/page"}],"author":[{"embeddable":true,"href":"https:\/\/rosendalshonung.se\/de\/wp-json\/wp\/v2\/users\/1"}],"replies":[{"embeddable":true,"href":"https:\/\/rosendalshonung.se\/de\/wp-json\/wp\/v2\/comments?post=24"}],"version-history":[{"count":9,"href":"https:\/\/rosendalshonung.se\/de\/wp-json\/wp\/v2\/pages\/24\/revisions"}],"predecessor-version":[{"id":234,"href":"https:\/\/rosendalshonung.se\/de\/wp-json\/wp\/v2\/pages\/24\/revisions\/234"}],"up":[{"embeddable":true,"href":"https:\/\/rosendalshonung.se\/de\/wp-json\/wp\/v2\/pages\/22"}],"wp:attachment":[{"href":"https:\/\/rosendalshonung.se\/de\/wp-json\/wp\/v2\/media?parent=24"}],"curies":[{"name":"wp","href":"https:\/\/api.w.org\/{rel}","templated":true}]}}