{"id":29,"date":"2015-06-21T11:27:21","date_gmt":"2015-06-21T09:27:21","guid":{"rendered":"http:\/\/rosendalshonung.se\/de\/?page_id=29"},"modified":"2017-04-29T09:46:58","modified_gmt":"2017-04-29T07:46:58","slug":"bienenwachssalbe","status":"publish","type":"page","link":"https:\/\/rosendalshonung.se\/de\/produkten\/bienenwachssalbe\/","title":{"rendered":"Bienenwachssalbe"},"content":{"rendered":"<div class=\"csRow\">\n<div class=\"csColumn\" style=\"margin: 0px;padding: 0px;float: left;width: 48%\">\n<h2 style=\"text-align: left\">Produktinformation<\/h2>\n<p>Die Basis ist kalt gepresstes Raps\u00f6l vom Gunnarh\u00f6gs G\u00e5rd, das auch \u201eOliven\u00f6l des Nordens\u201c genannt wird. Es enth\u00e4lt einen hohen Anteil an \u201eSterolen\u201c, die Juckreiz\u00a0 und Hautirritationen lindern. Das Bienenwachs macht die Haut weich, sch\u00fctzt vor Austrocknung und beruhigt gereizte Haut. Lavendel hat einen beruhigenden Effekt und wirkt Pilzbefall entgegen, zus\u00e4tzlich d\u00e4mpft Aloe Vera Entz\u00fcndungen der Haut. Die Salbe hat antiseptische Eigenschaften. Gut gegen Sonnebrand und Insektenstiche.<\/p>\n<p>Sehr ausgiebig.<\/p>\n<p style=\"text-align: left\"><span style=\"line-height: 1.5\">\u201eZwischen den H\u00e4nden aufw\u00e4rmen\u201c bevor man sie einmassiert. Kann auf dem ganzen K\u00f6rper von Kindern wie Erwachsenen angewendet werden.<\/span><\/p>\n<h3>Inhaltsstoffe<\/h3>\n<p><span style=\"font-size: 16px;line-height: 1.5\">Kaltgepresstes Raps\u00f6l, Bienenwachs von eigenen Bieneng\u00e4rten, Bio Sheabutter, E-Vitamin, Aloe Vera biologisches \u00e4therisches Lavendel\u00f6l.<\/span><\/p>\n<p style=\"text-align: left\"><strong>INCI:<\/strong> Brassica napus seed oil, cera flava, tocopherol, aloe barbadensis, lavandula agustifolia<\/p>\n<p style=\"text-align: left\">Registriert beim\u00a0 l\u00e4kermedelverket (Heilmittelamt).<br \/>\n<strong>Nr:<\/strong> 0098186<\/p>\n<p style=\"text-align: left\">Bei Interesse schicken Sie bitte eine Mail.<\/p>\n<\/div>\n<div class=\"csColumnGap\" style=\"margin: 0px;padding: 0px;float: left;width: 5%\"><img decoding=\"async\" src=\"https:\/\/rosendalshonung.se\/wp-content\/plugins\/advanced-wp-columns\/assets\/js\/plugins\/views\/img\/1x1-pixel.png\" alt=\"\" \/><\/div>\n<div class=\"csColumn\" style=\"margin: 0px;padding: 0px;float: left;width: 47%\">\n<p><a href=\"https:\/\/rosendalshonung.se\/wp-content\/uploads\/sites\/1\/2015\/04\/Bivaxsalva2.jpg\"><img loading=\"lazy\" decoding=\"async\" class=\"alignnone size-full wp-image-306\" src=\"https:\/\/rosendalshonung.se\/wp-content\/uploads\/sites\/1\/2015\/04\/Bivaxsalva2.jpg\" alt=\"Bivaxsalva2\" width=\"660\" height=\"468\" \/><\/a><\/p>\n<\/div>\n<\/div>\n","protected":false},"excerpt":{"rendered":"<p>Produktinformation Die Basis ist kalt gepresstes Raps\u00f6l vom Gunnarh\u00f6gs G\u00e5rd, das auch \u201eOliven\u00f6l des Nordens\u201c genannt wird. Es enth\u00e4lt einen hohen Anteil an \u201eSterolen\u201c, die Juckreiz\u00a0 und Hautirritationen lindern. Das Bienenwachs macht die Haut weich, sch\u00fctzt vor Austrocknung und beruhigt<span class=\"ellipsis\">&hellip;<\/span><\/p>\n<div class=\"read-more\"><a href=\"https:\/\/rosendalshonung.se\/de\/produkten\/bienenwachssalbe\/\">Weiterlesen \u203a<\/a><\/div>\n<p><!-- end of .read-more --><\/p>\n","protected":false},"author":1,"featured_media":0,"parent":22,"menu_order":20,"comment_status":"closed","ping_status":"closed","template":"full-width-page.php","meta":{"footnotes":""},"class_list":["post-29","page","type-page","status-publish","hentry"],"yoast_head":"<!-- This site is optimized with the Yoast SEO plugin v26.0 - https:\/\/yoast.com\/wordpress\/plugins\/seo\/ -->\n<title>Bienenwachssalbe - Webview German Site<\/title>\n<meta name=\"robots\" content=\"index, follow, max-snippet:-1, max-image-preview:large, max-video-preview:-1\" \/>\n<link rel=\"canonical\" href=\"https:\/\/rosendalshonung.se\/de\/produkten\/bienenwachssalbe\/\" \/>\n<meta property=\"og:locale\" content=\"de_DE\" \/>\n<meta property=\"og:type\" content=\"article\" \/>\n<meta property=\"og:title\" content=\"Bienenwachssalbe - Webview German Site\" \/>\n<meta property=\"og:description\" content=\"Produktinformation Die Basis ist kalt gepresstes Raps\u00f6l vom Gunnarh\u00f6gs G\u00e5rd, das auch \u201eOliven\u00f6l des Nordens\u201c genannt wird. Es enth\u00e4lt einen hohen Anteil an \u201eSterolen\u201c, die Juckreiz\u00a0 und Hautirritationen lindern. Das Bienenwachs macht die Haut weich, sch\u00fctzt vor Austrocknung und beruhigt&hellip;Weiterlesen \u203a\" \/>\n<meta property=\"og:url\" content=\"https:\/\/rosendalshonung.se\/de\/produkten\/bienenwachssalbe\/\" \/>\n<meta property=\"og:site_name\" content=\"Webview German Site\" \/>\n<meta property=\"article:modified_time\" content=\"2017-04-29T07:46:58+00:00\" \/>\n<meta property=\"og:image\" content=\"https:\/\/rosendalshonung.se\/wp-content\/plugins\/advanced-wp-columns\/assets\/js\/plugins\/views\/img\/1x1-pixel.png\" \/>\n<meta name=\"twitter:card\" content=\"summary_large_image\" \/>\n<meta name=\"twitter:label1\" content=\"Gesch\u00e4tzte Lesezeit\" \/>\n\t<meta name=\"twitter:data1\" content=\"1\u00a0Minute\" \/>\n<script type=\"application\/ld+json\" class=\"yoast-schema-graph\">{\"@context\":\"https:\/\/schema.org\",\"@graph\":[{\"@type\":\"WebPage\",\"@id\":\"https:\/\/rosendalshonung.se\/de\/produkten\/bienenwachssalbe\/\",\"url\":\"https:\/\/rosendalshonung.se\/de\/produkten\/bienenwachssalbe\/\",\"name\":\"Bienenwachssalbe - Webview German Site\",\"isPartOf\":{\"@id\":\"https:\/\/rosendalshonung.se\/de\/#website\"},\"primaryImageOfPage\":{\"@id\":\"https:\/\/rosendalshonung.se\/de\/produkten\/bienenwachssalbe\/#primaryimage\"},\"image\":{\"@id\":\"https:\/\/rosendalshonung.se\/de\/produkten\/bienenwachssalbe\/#primaryimage\"},\"thumbnailUrl\":\"https:\/\/rosendalshonung.se\/wp-content\/plugins\/advanced-wp-columns\/assets\/js\/plugins\/views\/img\/1x1-pixel.png\",\"datePublished\":\"2015-06-21T09:27:21+00:00\",\"dateModified\":\"2017-04-29T07:46:58+00:00\",\"breadcrumb\":{\"@id\":\"https:\/\/rosendalshonung.se\/de\/produkten\/bienenwachssalbe\/#breadcrumb\"},\"inLanguage\":\"de\",\"potentialAction\":[{\"@type\":\"ReadAction\",\"target\":[\"https:\/\/rosendalshonung.se\/de\/produkten\/bienenwachssalbe\/\"]}]},{\"@type\":\"ImageObject\",\"inLanguage\":\"de\",\"@id\":\"https:\/\/rosendalshonung.se\/de\/produkten\/bienenwachssalbe\/#primaryimage\",\"url\":\"https:\/\/rosendalshonung.se\/wp-content\/plugins\/advanced-wp-columns\/assets\/js\/plugins\/views\/img\/1x1-pixel.png\",\"contentUrl\":\"https:\/\/rosendalshonung.se\/wp-content\/plugins\/advanced-wp-columns\/assets\/js\/plugins\/views\/img\/1x1-pixel.png\"},{\"@type\":\"BreadcrumbList\",\"@id\":\"https:\/\/rosendalshonung.se\/de\/produkten\/bienenwachssalbe\/#breadcrumb\",\"itemListElement\":[{\"@type\":\"ListItem\",\"position\":1,\"name\":\"Hem\",\"item\":\"https:\/\/rosendalshonung.se\/de\/\"},{\"@type\":\"ListItem\",\"position\":2,\"name\":\"Produkten\",\"item\":\"https:\/\/rosendalshonung.se\/de\/produkten\/\"},{\"@type\":\"ListItem\",\"position\":3,\"name\":\"Bienenwachssalbe\"}]},{\"@type\":\"WebSite\",\"@id\":\"https:\/\/rosendalshonung.se\/de\/#website\",\"url\":\"https:\/\/rosendalshonung.se\/de\/\",\"name\":\"Webview German Site\",\"description\":\"En till Webview Sites webbplats\",\"potentialAction\":[{\"@type\":\"SearchAction\",\"target\":{\"@type\":\"EntryPoint\",\"urlTemplate\":\"https:\/\/rosendalshonung.se\/de\/?s={search_term_string}\"},\"query-input\":{\"@type\":\"PropertyValueSpecification\",\"valueRequired\":true,\"valueName\":\"search_term_string\"}}],\"inLanguage\":\"de\"}]}<\/script>\n<!-- \/ Yoast SEO plugin. -->","yoast_head_json":{"title":"Bienenwachssalbe - Webview German Site","robots":{"index":"index","follow":"follow","max-snippet":"max-snippet:-1","max-image-preview":"max-image-preview:large","max-video-preview":"max-video-preview:-1"},"canonical":"https:\/\/rosendalshonung.se\/de\/produkten\/bienenwachssalbe\/","og_locale":"de_DE","og_type":"article","og_title":"Bienenwachssalbe - Webview German Site","og_description":"Produktinformation Die Basis ist kalt gepresstes Raps\u00f6l vom Gunnarh\u00f6gs G\u00e5rd, das auch \u201eOliven\u00f6l des Nordens\u201c genannt wird. Es enth\u00e4lt einen hohen Anteil an \u201eSterolen\u201c, die Juckreiz\u00a0 und Hautirritationen lindern. Das Bienenwachs macht die Haut weich, sch\u00fctzt vor Austrocknung und beruhigt&hellip;Weiterlesen \u203a","og_url":"https:\/\/rosendalshonung.se\/de\/produkten\/bienenwachssalbe\/","og_site_name":"Webview German Site","article_modified_time":"2017-04-29T07:46:58+00:00","og_image":[{"url":"https:\/\/rosendalshonung.se\/wp-content\/plugins\/advanced-wp-columns\/assets\/js\/plugins\/views\/img\/1x1-pixel.png","type":"","width":"","height":""}],"twitter_card":"summary_large_image","twitter_misc":{"Gesch\u00e4tzte Lesezeit":"1\u00a0Minute"},"schema":{"@context":"https:\/\/schema.org","@graph":[{"@type":"WebPage","@id":"https:\/\/rosendalshonung.se\/de\/produkten\/bienenwachssalbe\/","url":"https:\/\/rosendalshonung.se\/de\/produkten\/bienenwachssalbe\/","name":"Bienenwachssalbe - Webview German Site","isPartOf":{"@id":"https:\/\/rosendalshonung.se\/de\/#website"},"primaryImageOfPage":{"@id":"https:\/\/rosendalshonung.se\/de\/produkten\/bienenwachssalbe\/#primaryimage"},"image":{"@id":"https:\/\/rosendalshonung.se\/de\/produkten\/bienenwachssalbe\/#primaryimage"},"thumbnailUrl":"https:\/\/rosendalshonung.se\/wp-content\/plugins\/advanced-wp-columns\/assets\/js\/plugins\/views\/img\/1x1-pixel.png","datePublished":"2015-06-21T09:27:21+00:00","dateModified":"2017-04-29T07:46:58+00:00","breadcrumb":{"@id":"https:\/\/rosendalshonung.se\/de\/produkten\/bienenwachssalbe\/#breadcrumb"},"inLanguage":"de","potentialAction":[{"@type":"ReadAction","target":["https:\/\/rosendalshonung.se\/de\/produkten\/bienenwachssalbe\/"]}]},{"@type":"ImageObject","inLanguage":"de","@id":"https:\/\/rosendalshonung.se\/de\/produkten\/bienenwachssalbe\/#primaryimage","url":"https:\/\/rosendalshonung.se\/wp-content\/plugins\/advanced-wp-columns\/assets\/js\/plugins\/views\/img\/1x1-pixel.png","contentUrl":"https:\/\/rosendalshonung.se\/wp-content\/plugins\/advanced-wp-columns\/assets\/js\/plugins\/views\/img\/1x1-pixel.png"},{"@type":"BreadcrumbList","@id":"https:\/\/rosendalshonung.se\/de\/produkten\/bienenwachssalbe\/#breadcrumb","itemListElement":[{"@type":"ListItem","position":1,"name":"Hem","item":"https:\/\/rosendalshonung.se\/de\/"},{"@type":"ListItem","position":2,"name":"Produkten","item":"https:\/\/rosendalshonung.se\/de\/produkten\/"},{"@type":"ListItem","position":3,"name":"Bienenwachssalbe"}]},{"@type":"WebSite","@id":"https:\/\/rosendalshonung.se\/de\/#website","url":"https:\/\/rosendalshonung.se\/de\/","name":"Webview German Site","description":"En till Webview Sites webbplats","potentialAction":[{"@type":"SearchAction","target":{"@type":"EntryPoint","urlTemplate":"https:\/\/rosendalshonung.se\/de\/?s={search_term_string}"},"query-input":{"@type":"PropertyValueSpecification","valueRequired":true,"valueName":"search_term_string"}}],"inLanguage":"de"}]}},"_links":{"self":[{"href":"https:\/\/rosendalshonung.se\/de\/wp-json\/wp\/v2\/pages\/29","targetHints":{"allow":["GET"]}}],"collection":[{"href":"https:\/\/rosendalshonung.se\/de\/wp-json\/wp\/v2\/pages"}],"about":[{"href":"https:\/\/rosendalshonung.se\/de\/wp-json\/wp\/v2\/types\/page"}],"author":[{"embeddable":true,"href":"https:\/\/rosendalshonung.se\/de\/wp-json\/wp\/v2\/users\/1"}],"replies":[{"embeddable":true,"href":"https:\/\/rosendalshonung.se\/de\/wp-json\/wp\/v2\/comments?post=29"}],"version-history":[{"count":8,"href":"https:\/\/rosendalshonung.se\/de\/wp-json\/wp\/v2\/pages\/29\/revisions"}],"predecessor-version":[{"id":241,"href":"https:\/\/rosendalshonung.se\/de\/wp-json\/wp\/v2\/pages\/29\/revisions\/241"}],"up":[{"embeddable":true,"href":"https:\/\/rosendalshonung.se\/de\/wp-json\/wp\/v2\/pages\/22"}],"wp:attachment":[{"href":"https:\/\/rosendalshonung.se\/de\/wp-json\/wp\/v2\/media?parent=29"}],"curies":[{"name":"wp","href":"https:\/\/api.w.org\/{rel}","templated":true}]}}