{"id":39,"date":"2015-06-21T11:51:13","date_gmt":"2015-06-21T09:51:13","guid":{"rendered":"http:\/\/rosendalshonung.se\/de\/?page_id=39"},"modified":"2015-11-14T15:19:49","modified_gmt":"2015-11-14T14:19:49","slug":"kontakt","status":"publish","type":"page","link":"https:\/\/rosendalshonung.se\/de\/kontakt\/","title":{"rendered":"Kontakt"},"content":{"rendered":"<p>Am besten nehmen Sie mit uns via E-Mail Kontakt auf, da wir telefonisch schwer zu erreichen sind.<\/p>\n<div style=\"width: 100%; height: 600px; display: inline-block; overflow: hidden; border: none;\">\n<div class=\"csRow\">\n<div class=\"csColumnGap\" style=\"margin: 0px; padding: 0px; float: left; width: 1%;\"><img decoding=\"async\" style=\"border: none;\" src=\"https:\/\/rosendalshonung.se\/wp-content\/plugins\/advanced-wp-columns\/assets\/js\/plugins\/views\/img\/1x1-pixel.png\" alt=\"\" \/><\/div>\n<div class=\"csColumn\" style=\"margin: 0px; padding: 0px; float: left; width: 15%;\" data-csstartpoint=\"10\" data-csendpoint=\"160\" data-cswidth=\"15.0%\" data-csid=\"d0e9a6aa-0264-299a-a7d0-e74b9972c52e\">\n<p><strong>B\u00fcro<\/strong><br \/>\nTjushultsgatan 19<br \/>\n287 32 Str\u00f6msn\u00e4sbruk<br \/>\nTel: +46 (0)433-20195<\/p>\n<\/div>\n<div class=\"csColumnGap\" style=\"margin: 0px; padding: 0px; float: left; width: 1%;\"><img decoding=\"async\" style=\"border: none;\" src=\"https:\/\/rosendalshonung.se\/wp-content\/plugins\/advanced-wp-columns\/assets\/js\/plugins\/views\/img\/1x1-pixel.png\" alt=\"\" \/><\/div>\n<div class=\"csColumn\" style=\"margin: 0px; padding: 0px; float: left; width: 22%;\" data-csstartpoint=\"170\" data-csendpoint=\"390\" data-cswidth=\"22.0%\" data-csid=\"3847fd7b-3065-7aed-99cc-fb262b665e20\">\n<p><strong>Herstellung<\/strong><br \/>\nLidhult,\u00a028793 Str\u00f6msn\u00e4sbruk<br \/>\nTel: +46 (0)433-41007<br \/>\nMob: +46 (0)70-3147333<br \/>\nMob:\u00a0+46 (0)73-0786256<\/p>\n<\/div>\n<div class=\"csColumnGap\" style=\"margin: 0px; padding: 0px; float: left; width: 1%;\"><img decoding=\"async\" style=\"border: none;\" src=\"https:\/\/rosendalshonung.se\/wp-content\/plugins\/advanced-wp-columns\/assets\/js\/plugins\/views\/img\/1x1-pixel.png\" alt=\"\" \/><\/div>\n<div class=\"csColumn\" style=\"margin: 0px; padding: 0px; float: left; width: 21%;\" data-csstartpoint=\"400\" data-csendpoint=\"610\" data-cswidth=\"21.0%\" data-csid=\"fe290fd9-bc16-91dd-802a-eef87c2debc7\">\n<p><strong>Veronica Fyhrlund<\/strong><br \/>\n<a href=\"mailto:veronica.fyhrlund@gmail.com\">veronica.fyhrlund@gmail.com<\/a><br \/>\nTel: +46 (0)433-20195<br \/>\nMob: +46 (0)70-3147333<\/p>\n<\/div>\n<div class=\"csColumnGap\" style=\"margin: 0px; padding: 0px; float: left; width: 1%;\"><img decoding=\"async\" style=\"border: none;\" src=\"https:\/\/rosendalshonung.se\/wp-content\/plugins\/advanced-wp-columns\/assets\/js\/plugins\/views\/img\/1x1-pixel.png\" alt=\"\" \/><\/div>\n<div class=\"csColumn\" style=\"margin: 0px; padding: 0px; float: left; width: 21%;\" data-csstartpoint=\"620\" data-csendpoint=\"830\" data-cswidth=\"21.0%\" data-csid=\"25031e11-8910-f839-b4e6-748c2c730f50\">\n<p><strong>Per Fyhrlund<\/strong><br \/>\n<a href=\"mailto:per.fyhrlund@gmail.com\">per.fyhrlund@gmail.com<\/a><br \/>\nTel: +46 (0)433-20195<br \/>\nMob: +46 (0)73-0786256<\/p>\n<\/div>\n<div style=\"width: 100%; height: 550px; display: inline-block; overflow: hidden; border: none;\"><iframe loading=\"lazy\" style=\"position: relative; top: -50px; border: none;\" src=\"https:\/\/mapsengine.google.com\/map\/embed?mid=zCr5OcIzb6dI.kSlUndN6QIWE\" width=\"100%\" height=\"600\"><\/iframe><\/div>\n<\/div>\n<\/div>\n","protected":false},"excerpt":{"rendered":"<p>Am besten nehmen Sie mit uns via E-Mail Kontakt auf, da wir telefonisch schwer zu erreichen sind. B\u00fcro Tjushultsgatan 19 287 32 Str\u00f6msn\u00e4sbruk Tel: +46 (0)433-20195 Herstellung Lidhult,\u00a028793 Str\u00f6msn\u00e4sbruk Tel: +46 (0)433-41007 Mob: +46 (0)70-3147333 Mob:\u00a0+46 (0)73-0786256 Veronica Fyhrlund veronica.fyhrlund@gmail.com<span class=\"ellipsis\">&hellip;<\/span><\/p>\n<div class=\"read-more\"><a href=\"https:\/\/rosendalshonung.se\/de\/kontakt\/\">Weiterlesen \u203a<\/a><\/div>\n<p><!-- end of .read-more --><\/p>\n","protected":false},"author":1,"featured_media":0,"parent":0,"menu_order":40,"comment_status":"closed","ping_status":"closed","template":"full-width-page.php","meta":{"footnotes":""},"class_list":["post-39","page","type-page","status-publish","hentry"],"yoast_head":"<!-- This site is optimized with the Yoast SEO plugin v26.0 - https:\/\/yoast.com\/wordpress\/plugins\/seo\/ -->\n<title>Kontakt - Webview German Site<\/title>\n<meta name=\"robots\" content=\"index, follow, max-snippet:-1, max-image-preview:large, max-video-preview:-1\" \/>\n<link rel=\"canonical\" href=\"https:\/\/rosendalshonung.se\/de\/kontakt\/\" \/>\n<meta property=\"og:locale\" content=\"de_DE\" \/>\n<meta property=\"og:type\" content=\"article\" \/>\n<meta property=\"og:title\" content=\"Kontakt - Webview German Site\" \/>\n<meta property=\"og:description\" content=\"Am besten nehmen Sie mit uns via E-Mail Kontakt auf, da wir telefonisch schwer zu erreichen sind. B\u00fcro Tjushultsgatan 19 287 32 Str\u00f6msn\u00e4sbruk Tel: +46 (0)433-20195 Herstellung Lidhult,\u00a028793 Str\u00f6msn\u00e4sbruk Tel: +46 (0)433-41007 Mob: +46 (0)70-3147333 Mob:\u00a0+46 (0)73-0786256 Veronica Fyhrlund veronica.fyhrlund@gmail.com&hellip;Weiterlesen \u203a\" \/>\n<meta property=\"og:url\" content=\"https:\/\/rosendalshonung.se\/de\/kontakt\/\" \/>\n<meta property=\"og:site_name\" content=\"Webview German Site\" \/>\n<meta property=\"article:modified_time\" content=\"2015-11-14T14:19:49+00:00\" \/>\n<meta property=\"og:image\" content=\"https:\/\/rosendalshonung.se\/wp-content\/plugins\/advanced-wp-columns\/assets\/js\/plugins\/views\/img\/1x1-pixel.png\" \/>\n<meta name=\"twitter:card\" content=\"summary_large_image\" \/>\n<script type=\"application\/ld+json\" class=\"yoast-schema-graph\">{\"@context\":\"https:\/\/schema.org\",\"@graph\":[{\"@type\":\"WebPage\",\"@id\":\"https:\/\/rosendalshonung.se\/de\/kontakt\/\",\"url\":\"https:\/\/rosendalshonung.se\/de\/kontakt\/\",\"name\":\"Kontakt - Webview German Site\",\"isPartOf\":{\"@id\":\"https:\/\/rosendalshonung.se\/de\/#website\"},\"primaryImageOfPage\":{\"@id\":\"https:\/\/rosendalshonung.se\/de\/kontakt\/#primaryimage\"},\"image\":{\"@id\":\"https:\/\/rosendalshonung.se\/de\/kontakt\/#primaryimage\"},\"thumbnailUrl\":\"https:\/\/rosendalshonung.se\/wp-content\/plugins\/advanced-wp-columns\/assets\/js\/plugins\/views\/img\/1x1-pixel.png\",\"datePublished\":\"2015-06-21T09:51:13+00:00\",\"dateModified\":\"2015-11-14T14:19:49+00:00\",\"breadcrumb\":{\"@id\":\"https:\/\/rosendalshonung.se\/de\/kontakt\/#breadcrumb\"},\"inLanguage\":\"de\",\"potentialAction\":[{\"@type\":\"ReadAction\",\"target\":[\"https:\/\/rosendalshonung.se\/de\/kontakt\/\"]}]},{\"@type\":\"ImageObject\",\"inLanguage\":\"de\",\"@id\":\"https:\/\/rosendalshonung.se\/de\/kontakt\/#primaryimage\",\"url\":\"https:\/\/rosendalshonung.se\/wp-content\/plugins\/advanced-wp-columns\/assets\/js\/plugins\/views\/img\/1x1-pixel.png\",\"contentUrl\":\"https:\/\/rosendalshonung.se\/wp-content\/plugins\/advanced-wp-columns\/assets\/js\/plugins\/views\/img\/1x1-pixel.png\"},{\"@type\":\"BreadcrumbList\",\"@id\":\"https:\/\/rosendalshonung.se\/de\/kontakt\/#breadcrumb\",\"itemListElement\":[{\"@type\":\"ListItem\",\"position\":1,\"name\":\"Hem\",\"item\":\"https:\/\/rosendalshonung.se\/de\/\"},{\"@type\":\"ListItem\",\"position\":2,\"name\":\"Kontakt\"}]},{\"@type\":\"WebSite\",\"@id\":\"https:\/\/rosendalshonung.se\/de\/#website\",\"url\":\"https:\/\/rosendalshonung.se\/de\/\",\"name\":\"Webview German Site\",\"description\":\"En till Webview Sites webbplats\",\"potentialAction\":[{\"@type\":\"SearchAction\",\"target\":{\"@type\":\"EntryPoint\",\"urlTemplate\":\"https:\/\/rosendalshonung.se\/de\/?s={search_term_string}\"},\"query-input\":{\"@type\":\"PropertyValueSpecification\",\"valueRequired\":true,\"valueName\":\"search_term_string\"}}],\"inLanguage\":\"de\"}]}<\/script>\n<!-- \/ Yoast SEO plugin. -->","yoast_head_json":{"title":"Kontakt - Webview German Site","robots":{"index":"index","follow":"follow","max-snippet":"max-snippet:-1","max-image-preview":"max-image-preview:large","max-video-preview":"max-video-preview:-1"},"canonical":"https:\/\/rosendalshonung.se\/de\/kontakt\/","og_locale":"de_DE","og_type":"article","og_title":"Kontakt - Webview German Site","og_description":"Am besten nehmen Sie mit uns via E-Mail Kontakt auf, da wir telefonisch schwer zu erreichen sind. B\u00fcro Tjushultsgatan 19 287 32 Str\u00f6msn\u00e4sbruk Tel: +46 (0)433-20195 Herstellung Lidhult,\u00a028793 Str\u00f6msn\u00e4sbruk Tel: +46 (0)433-41007 Mob: +46 (0)70-3147333 Mob:\u00a0+46 (0)73-0786256 Veronica Fyhrlund veronica.fyhrlund@gmail.com&hellip;Weiterlesen \u203a","og_url":"https:\/\/rosendalshonung.se\/de\/kontakt\/","og_site_name":"Webview German Site","article_modified_time":"2015-11-14T14:19:49+00:00","og_image":[{"url":"https:\/\/rosendalshonung.se\/wp-content\/plugins\/advanced-wp-columns\/assets\/js\/plugins\/views\/img\/1x1-pixel.png","type":"","width":"","height":""}],"twitter_card":"summary_large_image","schema":{"@context":"https:\/\/schema.org","@graph":[{"@type":"WebPage","@id":"https:\/\/rosendalshonung.se\/de\/kontakt\/","url":"https:\/\/rosendalshonung.se\/de\/kontakt\/","name":"Kontakt - Webview German Site","isPartOf":{"@id":"https:\/\/rosendalshonung.se\/de\/#website"},"primaryImageOfPage":{"@id":"https:\/\/rosendalshonung.se\/de\/kontakt\/#primaryimage"},"image":{"@id":"https:\/\/rosendalshonung.se\/de\/kontakt\/#primaryimage"},"thumbnailUrl":"https:\/\/rosendalshonung.se\/wp-content\/plugins\/advanced-wp-columns\/assets\/js\/plugins\/views\/img\/1x1-pixel.png","datePublished":"2015-06-21T09:51:13+00:00","dateModified":"2015-11-14T14:19:49+00:00","breadcrumb":{"@id":"https:\/\/rosendalshonung.se\/de\/kontakt\/#breadcrumb"},"inLanguage":"de","potentialAction":[{"@type":"ReadAction","target":["https:\/\/rosendalshonung.se\/de\/kontakt\/"]}]},{"@type":"ImageObject","inLanguage":"de","@id":"https:\/\/rosendalshonung.se\/de\/kontakt\/#primaryimage","url":"https:\/\/rosendalshonung.se\/wp-content\/plugins\/advanced-wp-columns\/assets\/js\/plugins\/views\/img\/1x1-pixel.png","contentUrl":"https:\/\/rosendalshonung.se\/wp-content\/plugins\/advanced-wp-columns\/assets\/js\/plugins\/views\/img\/1x1-pixel.png"},{"@type":"BreadcrumbList","@id":"https:\/\/rosendalshonung.se\/de\/kontakt\/#breadcrumb","itemListElement":[{"@type":"ListItem","position":1,"name":"Hem","item":"https:\/\/rosendalshonung.se\/de\/"},{"@type":"ListItem","position":2,"name":"Kontakt"}]},{"@type":"WebSite","@id":"https:\/\/rosendalshonung.se\/de\/#website","url":"https:\/\/rosendalshonung.se\/de\/","name":"Webview German Site","description":"En till Webview Sites webbplats","potentialAction":[{"@type":"SearchAction","target":{"@type":"EntryPoint","urlTemplate":"https:\/\/rosendalshonung.se\/de\/?s={search_term_string}"},"query-input":{"@type":"PropertyValueSpecification","valueRequired":true,"valueName":"search_term_string"}}],"inLanguage":"de"}]}},"_links":{"self":[{"href":"https:\/\/rosendalshonung.se\/de\/wp-json\/wp\/v2\/pages\/39","targetHints":{"allow":["GET"]}}],"collection":[{"href":"https:\/\/rosendalshonung.se\/de\/wp-json\/wp\/v2\/pages"}],"about":[{"href":"https:\/\/rosendalshonung.se\/de\/wp-json\/wp\/v2\/types\/page"}],"author":[{"embeddable":true,"href":"https:\/\/rosendalshonung.se\/de\/wp-json\/wp\/v2\/users\/1"}],"replies":[{"embeddable":true,"href":"https:\/\/rosendalshonung.se\/de\/wp-json\/wp\/v2\/comments?post=39"}],"version-history":[{"count":2,"href":"https:\/\/rosendalshonung.se\/de\/wp-json\/wp\/v2\/pages\/39\/revisions"}],"predecessor-version":[{"id":167,"href":"https:\/\/rosendalshonung.se\/de\/wp-json\/wp\/v2\/pages\/39\/revisions\/167"}],"wp:attachment":[{"href":"https:\/\/rosendalshonung.se\/de\/wp-json\/wp\/v2\/media?parent=39"}],"curies":[{"name":"wp","href":"https:\/\/api.w.org\/{rel}","templated":true}]}}