{"id":74,"date":"2015-08-14T10:40:08","date_gmt":"2015-08-14T08:40:08","guid":{"rendered":"http:\/\/rosendalshonung.se\/de\/?page_id=74"},"modified":"2017-04-29T09:51:48","modified_gmt":"2017-04-29T07:51:48","slug":"tiersalbe","status":"publish","type":"page","link":"https:\/\/rosendalshonung.se\/de\/produkten\/tiersalbe\/","title":{"rendered":"Tiersalbe"},"content":{"rendered":"<div class=\"csRow\">\n<div class=\"csColumnGap\" style=\"margin: 0px;padding: 0px;float: left;width: 0.00108%\"><img decoding=\"async\" style=\"border: none\" src=\"https:\/\/rosendalshonung.se\/de\/wp-content\/plugins\/advanced-wp-columns\/assets\/js\/plugins\/views\/img\/1x1-pixel.png\" alt=\"\" \/><\/div>\n<div class=\"csColumnGap\" style=\"margin: 0px;padding: 0px;float: left;width: 0.212%\"><img decoding=\"async\" style=\"border: none\" src=\"https:\/\/rosendalshonung.se\/de\/wp-content\/plugins\/advanced-wp-columns\/assets\/js\/plugins\/views\/img\/1x1-pixel.png\" alt=\"\" \/><\/div>\n<div class=\"csRow\">\n<div class=\"csColumnGap\" style=\"margin: 0px;padding: 0px;float: left;width: 1.56%\"><img decoding=\"async\" style=\"border: none\" src=\"https:\/\/rosendalshonung.se\/de\/wp-content\/plugins\/advanced-wp-columns\/assets\/js\/plugins\/views\/img\/1x1-pixel.png\" alt=\"\" \/><\/div>\n<div class=\"csColumn\" style=\"margin: 0px;padding: 0px;float: left;width: 47.7%\">\n<h2>Produktinformation<\/h2>\n<p style=\"text-align: left\">Unsere Tiersalbe wird gefertigt auf der Basis von kaltgepresstem Raps\u00f6l, auch benannt als \u201eNordens Oliven\u00f6l\u201c.Dieses hat einen hohen Gehalt von \u201aSterolen\u2018, was Jucken und Hautirritationen mildert.\u00a0Der Bienenwachs l\u00e4sst Wasser abweisen, macht unempfindlicher f\u00fcr K\u00e4lte,\u00a0l\u00e4sst trockene Haut weicher werden und hat zudem einen gewissen bakterient\u00f6tenden Effekt.\u00a0Lavendel und Aleo Vera sind entz\u00fcndungshemmend und wirken auf die Haut beruhigend.<\/p>\n<p style=\"text-align: left\">Wird an den Pfoten der Tiere und anderen beanspruchten K\u00f6rperstellen angewendet.<\/p>\n<h3>Inhaltsstoffe<\/h3>\n<p>Kalt gepresstes Raps\u00f6l, Bienenwachs von eigenen Bieneng\u00e4rten, Lavendel, E-Vitamin,\u00a0Aloe Vera<\/p>\n<p>Zuz\u00fcglich Frachtkosten.<br \/>\nBei Interesse schicken Sie bitte eine Mail<\/p>\n<\/div>\n<div class=\"csColumnGap\" style=\"margin: 0px;padding: 0px;float: left;width: 1.56%\"><img decoding=\"async\" style=\"border: none\" src=\"https:\/\/rosendalshonung.se\/de\/wp-content\/plugins\/advanced-wp-columns\/assets\/js\/plugins\/views\/img\/1x1-pixel.png\" alt=\"\" \/><\/div>\n<div class=\"csColumn\" style=\"margin: 0px;padding: 0px;float: left;width: 47.7%\">\u00a0<img loading=\"lazy\" decoding=\"async\" class=\"aligncenter wp-image-76 size-full\" src=\"https:\/\/rosendalshonung.se\/de\/wp-content\/uploads\/sites\/3\/2015\/08\/djursalva.jpg\" alt=\"djursalva\" width=\"660\" height=\"506\" srcset=\"https:\/\/rosendalshonung.se\/de\/wp-content\/uploads\/sites\/3\/2015\/08\/djursalva.jpg 660w, https:\/\/rosendalshonung.se\/de\/wp-content\/uploads\/sites\/3\/2015\/08\/djursalva-300x230.jpg 300w, https:\/\/rosendalshonung.se\/de\/wp-content\/uploads\/sites\/3\/2015\/08\/djursalva-100x77.jpg 100w, https:\/\/rosendalshonung.se\/de\/wp-content\/uploads\/sites\/3\/2015\/08\/djursalva-150x115.jpg 150w, https:\/\/rosendalshonung.se\/de\/wp-content\/uploads\/sites\/3\/2015\/08\/djursalva-200x153.jpg 200w, https:\/\/rosendalshonung.se\/de\/wp-content\/uploads\/sites\/3\/2015\/08\/djursalva-450x345.jpg 450w, https:\/\/rosendalshonung.se\/de\/wp-content\/uploads\/sites\/3\/2015\/08\/djursalva-600x460.jpg 600w\" sizes=\"auto, (max-width: 660px) 100vw, 660px\" \/><\/div>\n<div class=\"csColumnGap\" style=\"margin: 0px;padding: 0px;float: left;width: 1.56%\"><img decoding=\"async\" style=\"border: none\" src=\"https:\/\/rosendalshonung.se\/de\/wp-content\/plugins\/advanced-wp-columns\/assets\/js\/plugins\/views\/img\/1x1-pixel.png\" alt=\"\" \/><\/div>\n<div style=\"clear: both;float: none;width: 0px;font-size: 0px;line-height: 0\"><\/div>\n<\/div>\n<p>&nbsp;<\/p>\n<\/div>\n<div class=\"csRow\"><\/div>\n<p style=\"text-align: justify\">\n","protected":false},"excerpt":{"rendered":"<p>Produktinformation Unsere Tiersalbe wird gefertigt auf der Basis von kaltgepresstem Raps\u00f6l, auch benannt als \u201eNordens Oliven\u00f6l\u201c.Dieses hat einen hohen Gehalt von \u201aSterolen\u2018, was Jucken und Hautirritationen mildert.\u00a0Der Bienenwachs l\u00e4sst Wasser abweisen, macht unempfindlicher f\u00fcr K\u00e4lte,\u00a0l\u00e4sst trockene Haut weicher werden und<span class=\"ellipsis\">&hellip;<\/span><\/p>\n<div class=\"read-more\"><a href=\"https:\/\/rosendalshonung.se\/de\/produkten\/tiersalbe\/\">Weiterlesen \u203a<\/a><\/div>\n<p><!-- end of .read-more --><\/p>\n","protected":false},"author":3,"featured_media":0,"parent":22,"menu_order":70,"comment_status":"closed","ping_status":"closed","template":"full-width-page.php","meta":{"footnotes":""},"class_list":["post-74","page","type-page","status-publish","hentry"],"yoast_head":"<!-- This site is optimized with the Yoast SEO plugin v26.0 - https:\/\/yoast.com\/wordpress\/plugins\/seo\/ -->\n<title>Tiersalbe - Webview German Site<\/title>\n<meta name=\"robots\" content=\"index, follow, max-snippet:-1, max-image-preview:large, max-video-preview:-1\" \/>\n<link rel=\"canonical\" href=\"https:\/\/rosendalshonung.se\/de\/produkten\/tiersalbe\/\" \/>\n<meta property=\"og:locale\" content=\"de_DE\" \/>\n<meta property=\"og:type\" content=\"article\" \/>\n<meta property=\"og:title\" content=\"Tiersalbe - Webview German Site\" \/>\n<meta property=\"og:description\" content=\"Produktinformation Unsere Tiersalbe wird gefertigt auf der Basis von kaltgepresstem Raps\u00f6l, auch benannt als \u201eNordens Oliven\u00f6l\u201c.Dieses hat einen hohen Gehalt von \u201aSterolen\u2018, was Jucken und Hautirritationen mildert.\u00a0Der Bienenwachs l\u00e4sst Wasser abweisen, macht unempfindlicher f\u00fcr K\u00e4lte,\u00a0l\u00e4sst trockene Haut weicher werden und&hellip;Weiterlesen \u203a\" \/>\n<meta property=\"og:url\" content=\"https:\/\/rosendalshonung.se\/de\/produkten\/tiersalbe\/\" \/>\n<meta property=\"og:site_name\" content=\"Webview German Site\" \/>\n<meta property=\"article:modified_time\" content=\"2017-04-29T07:51:48+00:00\" \/>\n<meta property=\"og:image\" content=\"https:\/\/rosendalshonung.se\/de\/wp-content\/plugins\/advanced-wp-columns\/assets\/js\/plugins\/views\/img\/1x1-pixel.png\" \/>\n<meta name=\"twitter:card\" content=\"summary_large_image\" \/>\n<meta name=\"twitter:label1\" content=\"Gesch\u00e4tzte Lesezeit\" \/>\n\t<meta name=\"twitter:data1\" content=\"1\u00a0Minute\" \/>\n<script type=\"application\/ld+json\" class=\"yoast-schema-graph\">{\"@context\":\"https:\/\/schema.org\",\"@graph\":[{\"@type\":\"WebPage\",\"@id\":\"https:\/\/rosendalshonung.se\/de\/produkten\/tiersalbe\/\",\"url\":\"https:\/\/rosendalshonung.se\/de\/produkten\/tiersalbe\/\",\"name\":\"Tiersalbe - Webview German Site\",\"isPartOf\":{\"@id\":\"https:\/\/rosendalshonung.se\/de\/#website\"},\"primaryImageOfPage\":{\"@id\":\"https:\/\/rosendalshonung.se\/de\/produkten\/tiersalbe\/#primaryimage\"},\"image\":{\"@id\":\"https:\/\/rosendalshonung.se\/de\/produkten\/tiersalbe\/#primaryimage\"},\"thumbnailUrl\":\"https:\/\/rosendalshonung.se\/de\/wp-content\/plugins\/advanced-wp-columns\/assets\/js\/plugins\/views\/img\/1x1-pixel.png\",\"datePublished\":\"2015-08-14T08:40:08+00:00\",\"dateModified\":\"2017-04-29T07:51:48+00:00\",\"breadcrumb\":{\"@id\":\"https:\/\/rosendalshonung.se\/de\/produkten\/tiersalbe\/#breadcrumb\"},\"inLanguage\":\"de\",\"potentialAction\":[{\"@type\":\"ReadAction\",\"target\":[\"https:\/\/rosendalshonung.se\/de\/produkten\/tiersalbe\/\"]}]},{\"@type\":\"ImageObject\",\"inLanguage\":\"de\",\"@id\":\"https:\/\/rosendalshonung.se\/de\/produkten\/tiersalbe\/#primaryimage\",\"url\":\"https:\/\/rosendalshonung.se\/de\/wp-content\/plugins\/advanced-wp-columns\/assets\/js\/plugins\/views\/img\/1x1-pixel.png\",\"contentUrl\":\"https:\/\/rosendalshonung.se\/de\/wp-content\/plugins\/advanced-wp-columns\/assets\/js\/plugins\/views\/img\/1x1-pixel.png\"},{\"@type\":\"BreadcrumbList\",\"@id\":\"https:\/\/rosendalshonung.se\/de\/produkten\/tiersalbe\/#breadcrumb\",\"itemListElement\":[{\"@type\":\"ListItem\",\"position\":1,\"name\":\"Hem\",\"item\":\"https:\/\/rosendalshonung.se\/de\/\"},{\"@type\":\"ListItem\",\"position\":2,\"name\":\"Produkten\",\"item\":\"https:\/\/rosendalshonung.se\/de\/produkten\/\"},{\"@type\":\"ListItem\",\"position\":3,\"name\":\"Tiersalbe\"}]},{\"@type\":\"WebSite\",\"@id\":\"https:\/\/rosendalshonung.se\/de\/#website\",\"url\":\"https:\/\/rosendalshonung.se\/de\/\",\"name\":\"Webview German Site\",\"description\":\"En till Webview Sites webbplats\",\"potentialAction\":[{\"@type\":\"SearchAction\",\"target\":{\"@type\":\"EntryPoint\",\"urlTemplate\":\"https:\/\/rosendalshonung.se\/de\/?s={search_term_string}\"},\"query-input\":{\"@type\":\"PropertyValueSpecification\",\"valueRequired\":true,\"valueName\":\"search_term_string\"}}],\"inLanguage\":\"de\"}]}<\/script>\n<!-- \/ Yoast SEO plugin. -->","yoast_head_json":{"title":"Tiersalbe - Webview German Site","robots":{"index":"index","follow":"follow","max-snippet":"max-snippet:-1","max-image-preview":"max-image-preview:large","max-video-preview":"max-video-preview:-1"},"canonical":"https:\/\/rosendalshonung.se\/de\/produkten\/tiersalbe\/","og_locale":"de_DE","og_type":"article","og_title":"Tiersalbe - Webview German Site","og_description":"Produktinformation Unsere Tiersalbe wird gefertigt auf der Basis von kaltgepresstem Raps\u00f6l, auch benannt als \u201eNordens Oliven\u00f6l\u201c.Dieses hat einen hohen Gehalt von \u201aSterolen\u2018, was Jucken und Hautirritationen mildert.\u00a0Der Bienenwachs l\u00e4sst Wasser abweisen, macht unempfindlicher f\u00fcr K\u00e4lte,\u00a0l\u00e4sst trockene Haut weicher werden und&hellip;Weiterlesen \u203a","og_url":"https:\/\/rosendalshonung.se\/de\/produkten\/tiersalbe\/","og_site_name":"Webview German Site","article_modified_time":"2017-04-29T07:51:48+00:00","og_image":[{"url":"https:\/\/rosendalshonung.se\/de\/wp-content\/plugins\/advanced-wp-columns\/assets\/js\/plugins\/views\/img\/1x1-pixel.png","type":"","width":"","height":""}],"twitter_card":"summary_large_image","twitter_misc":{"Gesch\u00e4tzte Lesezeit":"1\u00a0Minute"},"schema":{"@context":"https:\/\/schema.org","@graph":[{"@type":"WebPage","@id":"https:\/\/rosendalshonung.se\/de\/produkten\/tiersalbe\/","url":"https:\/\/rosendalshonung.se\/de\/produkten\/tiersalbe\/","name":"Tiersalbe - Webview German Site","isPartOf":{"@id":"https:\/\/rosendalshonung.se\/de\/#website"},"primaryImageOfPage":{"@id":"https:\/\/rosendalshonung.se\/de\/produkten\/tiersalbe\/#primaryimage"},"image":{"@id":"https:\/\/rosendalshonung.se\/de\/produkten\/tiersalbe\/#primaryimage"},"thumbnailUrl":"https:\/\/rosendalshonung.se\/de\/wp-content\/plugins\/advanced-wp-columns\/assets\/js\/plugins\/views\/img\/1x1-pixel.png","datePublished":"2015-08-14T08:40:08+00:00","dateModified":"2017-04-29T07:51:48+00:00","breadcrumb":{"@id":"https:\/\/rosendalshonung.se\/de\/produkten\/tiersalbe\/#breadcrumb"},"inLanguage":"de","potentialAction":[{"@type":"ReadAction","target":["https:\/\/rosendalshonung.se\/de\/produkten\/tiersalbe\/"]}]},{"@type":"ImageObject","inLanguage":"de","@id":"https:\/\/rosendalshonung.se\/de\/produkten\/tiersalbe\/#primaryimage","url":"https:\/\/rosendalshonung.se\/de\/wp-content\/plugins\/advanced-wp-columns\/assets\/js\/plugins\/views\/img\/1x1-pixel.png","contentUrl":"https:\/\/rosendalshonung.se\/de\/wp-content\/plugins\/advanced-wp-columns\/assets\/js\/plugins\/views\/img\/1x1-pixel.png"},{"@type":"BreadcrumbList","@id":"https:\/\/rosendalshonung.se\/de\/produkten\/tiersalbe\/#breadcrumb","itemListElement":[{"@type":"ListItem","position":1,"name":"Hem","item":"https:\/\/rosendalshonung.se\/de\/"},{"@type":"ListItem","position":2,"name":"Produkten","item":"https:\/\/rosendalshonung.se\/de\/produkten\/"},{"@type":"ListItem","position":3,"name":"Tiersalbe"}]},{"@type":"WebSite","@id":"https:\/\/rosendalshonung.se\/de\/#website","url":"https:\/\/rosendalshonung.se\/de\/","name":"Webview German Site","description":"En till Webview Sites webbplats","potentialAction":[{"@type":"SearchAction","target":{"@type":"EntryPoint","urlTemplate":"https:\/\/rosendalshonung.se\/de\/?s={search_term_string}"},"query-input":{"@type":"PropertyValueSpecification","valueRequired":true,"valueName":"search_term_string"}}],"inLanguage":"de"}]}},"_links":{"self":[{"href":"https:\/\/rosendalshonung.se\/de\/wp-json\/wp\/v2\/pages\/74","targetHints":{"allow":["GET"]}}],"collection":[{"href":"https:\/\/rosendalshonung.se\/de\/wp-json\/wp\/v2\/pages"}],"about":[{"href":"https:\/\/rosendalshonung.se\/de\/wp-json\/wp\/v2\/types\/page"}],"author":[{"embeddable":true,"href":"https:\/\/rosendalshonung.se\/de\/wp-json\/wp\/v2\/users\/3"}],"replies":[{"embeddable":true,"href":"https:\/\/rosendalshonung.se\/de\/wp-json\/wp\/v2\/comments?post=74"}],"version-history":[{"count":9,"href":"https:\/\/rosendalshonung.se\/de\/wp-json\/wp\/v2\/pages\/74\/revisions"}],"predecessor-version":[{"id":243,"href":"https:\/\/rosendalshonung.se\/de\/wp-json\/wp\/v2\/pages\/74\/revisions\/243"}],"up":[{"embeddable":true,"href":"https:\/\/rosendalshonung.se\/de\/wp-json\/wp\/v2\/pages\/22"}],"wp:attachment":[{"href":"https:\/\/rosendalshonung.se\/de\/wp-json\/wp\/v2\/media?parent=74"}],"curies":[{"name":"wp","href":"https:\/\/api.w.org\/{rel}","templated":true}]}}