{"id":81,"date":"2015-08-14T11:02:37","date_gmt":"2015-08-14T09:02:37","guid":{"rendered":"http:\/\/rosendalshonung.se\/de\/?page_id=81"},"modified":"2015-11-15T14:01:59","modified_gmt":"2015-11-15T13:01:59","slug":"bienenpollen","status":"publish","type":"page","link":"https:\/\/rosendalshonung.se\/de\/produkten\/bienenpollen\/","title":{"rendered":"Bienenpollen"},"content":{"rendered":"<div class=\"csRow\">\n<div class=\"csColumnGap\" style=\"margin: 0px; padding: 0px; float: left; width: 0.417%;\"><img decoding=\"async\" style=\"border: none;\" src=\"https:\/\/rosendalshonung.se\/de\/wp-content\/plugins\/advanced-wp-columns\/assets\/js\/plugins\/views\/img\/1x1-pixel.png\" alt=\"\" \/><\/div>\n<div class=\"csColumn\" style=\"margin: 0px; padding: 0px; float: left; width: 63.4%;\">Bienenpollen ist eine wunderbares Produkt, da er alles enth\u00e4lt, was der K\u00f6rper ben\u00f6tigt.Im Pollen finden sich Kohlenhydrate, Fett und Proteine sowie 16 verschiedene Vitamine,\u00a0Antioxidantien und 27 unterschiedliche Mineralien.Studien haben gezeigt, dass Bienenpollen die Immunabwehr steigert. Es hat sich auch\u00a0gezeigt, dass die Pollen sogar die Bakterien, wie Staphylokokken und Streptokokken,\u00a0gegen die wir zunehmend resistent werden, abwehren.<br \/>\nCharlotte Erlandson-Albertsson, Professorin f\u00fcr Chemie an der Universit\u00e4t Lund, glaubt,\u00a0dass das ,kleine Korn\u2018 uns in Zukunft helfen kann, wenn Antibiotika nicht mehr\u00a0funktionieren.\u00a0Sie empfiehlt, vorbeugend jeden Tag eine kleine Menge zu sich zu nehmen, in Yoghurt,\u00a0Smoothies oder zusammen mit frischen Fr\u00fcchten.\u201eDie Pollen sind hochkonzentriert, man sollte also nicht zuviel davon zu sich nehmen. Beginnen sie vorsichtig\u00a0 mit \u00bc Teel\u00f6ffel um zu sehen, wie der K\u00f6rper reagiert. Erh\u00f6hen Sie dann auf 1-3 Teel\u00f6ffel pro Tag\u201cDer Proteingehalt kann 35% erreichen. 100g Pollen enthalten ungef\u00e4hr gleich viel Protein\u00a0wie 7 Eier oder 1,5 kg Rindfleisch.<\/p>\n<p>Die Pollen haben unterschiedliche Farben, abh\u00e4ngig davon, welche der Blumen die\u00a0Bienen besuchen. Je gr\u00f6\u00dfer die Sortenvielfalt der Pollen, desto vollst\u00e4ndiger ist der N\u00e4hrstoffgehalt<\/p>\n<p>Mehr n\u00fctzliche und detaillierte Information finden Sie auf<br \/>\n<a href=\"http:\/\/www.bibladet.se\/content\/bipollen\">www.bibladet.se\/content\/bipollen<\/a><\/p>\n<p>Auf den Bildern sehen sie einige bekannte B\u00e4ume und Blumen, die unsere Bienen lieben.<\/p>\n<p><strong>Nun k\u00f6nnen wir getrocknete Pollen in P\u00e4ckchen zu 100g liefern.<br \/>\n<\/strong><strong>Bei Interesse schicken sie bitte eine Mail.<\/strong><\/p>\n<\/div>\n<div class=\"csColumnGap\" style=\"margin: 0px; padding: 0px; float: left; width: 1.25%;\"><img decoding=\"async\" style=\"border: none;\" src=\"https:\/\/rosendalshonung.se\/de\/wp-content\/plugins\/advanced-wp-columns\/assets\/js\/plugins\/views\/img\/1x1-pixel.png\" alt=\"\" \/><\/div>\n<div class=\"csColumn\" style=\"margin: 0px; padding: 0px; float: left; width: 34.9%;\"><div id=\"metaslider-id-183\" style=\"max-width: 400px;\" class=\"ml-slider-3-101-0 ml-slider-pro-2-24-0 metaslider metaslider-flex metaslider-183 ml-slider ms-theme-default nav-hidden\" role=\"region\" aria-label=\"Bienen Pollen\" data-height=\"600\" data-width=\"400\">\n    <div id=\"metaslider_container_183\">\n        <div id=\"metaslider_183\">\n            <ul class='slides'>\n                <li style=\"display: block; width: 100%;\" class=\"slide-184 ms-image \" aria-roledescription=\"slide\" data-date=\"2015-11-15 13:59:52\"><img loading=\"lazy\" decoding=\"async\" src=\"https:\/\/rosendalshonung.se\/de\/wp-content\/uploads\/sites\/3\/2015\/11\/pollenpase-266x400.jpg\" height=\"600\" width=\"400\" alt=\"\" class=\"slider-183 slide-184 msDefaultImage\" \/><\/li>\n                <li style=\"display: none; width: 100%;\" class=\"slide-87 ms-image \" aria-roledescription=\"slide\" data-date=\"2015-08-14 11:04:43\"><img loading=\"lazy\" decoding=\"async\" src=\"https:\/\/rosendalshonung.se\/de\/wp-content\/uploads\/sites\/3\/2015\/08\/maskros_400x600.jpg\" height=\"600\" width=\"400\" alt=\"\" class=\"slider-183 slide-87 msDefaultImage\" \/><\/li>\n                <li style=\"display: none; width: 100%;\" class=\"slide-89 ms-image \" aria-roledescription=\"slide\" data-date=\"2015-08-14 11:06:01\"><img loading=\"lazy\" decoding=\"async\" src=\"https:\/\/rosendalshonung.se\/de\/wp-content\/uploads\/sites\/3\/2015\/08\/hassel_400x600.jpg\" height=\"600\" width=\"400\" alt=\"\" class=\"slider-183 slide-89 msDefaultImage\" \/><\/li>\n                <li style=\"display: none; width: 100%;\" class=\"slide-88 ms-image \" aria-roledescription=\"slide\" data-date=\"2015-08-14 11:05:46\"><img loading=\"lazy\" decoding=\"async\" src=\"https:\/\/rosendalshonung.se\/de\/wp-content\/uploads\/sites\/3\/2015\/08\/vide_400x600.jpg\" height=\"600\" width=\"400\" alt=\"\" class=\"slider-183 slide-88 msDefaultImage\" \/><\/li>\n                <li style=\"display: none; width: 100%;\" class=\"slide-82 ms-image \" aria-roledescription=\"slide\" data-date=\"2015-08-14 10:58:35\"><img loading=\"lazy\" decoding=\"async\" src=\"https:\/\/rosendalshonung.se\/de\/wp-content\/uploads\/sites\/3\/2015\/08\/Bipollen.jpg\" height=\"600\" width=\"400\" alt=\"\" class=\"slider-183 slide-82 msDefaultImage\" \/><\/li>\n            <\/ul>\n        <\/div>\n        \n    <\/div>\n<\/div><\/div>\n<div class=\"csColumnGap\" style=\"margin: 0px; padding: 0px; float: left; width: 0.000721%;\"><img decoding=\"async\" style=\"border: none;\" src=\"https:\/\/rosendalshonung.se\/de\/wp-content\/plugins\/advanced-wp-columns\/assets\/js\/plugins\/views\/img\/1x1-pixel.png\" alt=\"\" \/><\/div>\n<div style=\"clear: both; float: none; width: 0px; font-size: 0px; line-height: 0;\"><\/div>\n<\/div>\n<p>&nbsp;<\/p>\n<p>&nbsp;<\/p>\n","protected":false},"excerpt":{"rendered":"<p>Bienenpollen ist eine wunderbares Produkt, da er alles enth\u00e4lt, was der K\u00f6rper ben\u00f6tigt.Im Pollen finden sich Kohlenhydrate, Fett und Proteine sowie 16 verschiedene Vitamine,\u00a0Antioxidantien und 27 unterschiedliche Mineralien.Studien haben gezeigt, dass Bienenpollen die Immunabwehr steigert. Es hat sich auch\u00a0gezeigt, dass<span class=\"ellipsis\">&hellip;<\/span><\/p>\n<div class=\"read-more\"><a href=\"https:\/\/rosendalshonung.se\/de\/produkten\/bienenpollen\/\">Weiterlesen \u203a<\/a><\/div>\n<p><!-- end of .read-more --><\/p>\n","protected":false},"author":3,"featured_media":0,"parent":22,"menu_order":60,"comment_status":"closed","ping_status":"closed","template":"full-width-page.php","meta":{"footnotes":""},"class_list":["post-81","page","type-page","status-publish","hentry"],"yoast_head":"<!-- This site is optimized with the Yoast SEO plugin v26.0 - https:\/\/yoast.com\/wordpress\/plugins\/seo\/ -->\n<title>Bienenpollen - Webview German Site<\/title>\n<meta name=\"robots\" content=\"index, follow, max-snippet:-1, max-image-preview:large, max-video-preview:-1\" \/>\n<link rel=\"canonical\" href=\"https:\/\/rosendalshonung.se\/de\/produkten\/bienenpollen\/\" \/>\n<meta property=\"og:locale\" content=\"de_DE\" \/>\n<meta property=\"og:type\" content=\"article\" \/>\n<meta property=\"og:title\" content=\"Bienenpollen - Webview German Site\" \/>\n<meta property=\"og:description\" content=\"Bienenpollen ist eine wunderbares Produkt, da er alles enth\u00e4lt, was der K\u00f6rper ben\u00f6tigt.Im Pollen finden sich Kohlenhydrate, Fett und Proteine sowie 16 verschiedene Vitamine,\u00a0Antioxidantien und 27 unterschiedliche Mineralien.Studien haben gezeigt, dass Bienenpollen die Immunabwehr steigert. Es hat sich auch\u00a0gezeigt, dass&hellip;Weiterlesen \u203a\" \/>\n<meta property=\"og:url\" content=\"https:\/\/rosendalshonung.se\/de\/produkten\/bienenpollen\/\" \/>\n<meta property=\"og:site_name\" content=\"Webview German Site\" \/>\n<meta property=\"article:modified_time\" content=\"2015-11-15T13:01:59+00:00\" \/>\n<meta property=\"og:image\" content=\"https:\/\/rosendalshonung.se\/de\/wp-content\/plugins\/advanced-wp-columns\/assets\/js\/plugins\/views\/img\/1x1-pixel.png\" \/>\n<meta name=\"twitter:card\" content=\"summary_large_image\" \/>\n<meta name=\"twitter:label1\" content=\"Gesch\u00e4tzte Lesezeit\" \/>\n\t<meta name=\"twitter:data1\" content=\"1\u00a0Minute\" \/>\n<script type=\"application\/ld+json\" class=\"yoast-schema-graph\">{\"@context\":\"https:\/\/schema.org\",\"@graph\":[{\"@type\":\"WebPage\",\"@id\":\"https:\/\/rosendalshonung.se\/de\/produkten\/bienenpollen\/\",\"url\":\"https:\/\/rosendalshonung.se\/de\/produkten\/bienenpollen\/\",\"name\":\"Bienenpollen - Webview German Site\",\"isPartOf\":{\"@id\":\"https:\/\/rosendalshonung.se\/de\/#website\"},\"primaryImageOfPage\":{\"@id\":\"https:\/\/rosendalshonung.se\/de\/produkten\/bienenpollen\/#primaryimage\"},\"image\":{\"@id\":\"https:\/\/rosendalshonung.se\/de\/produkten\/bienenpollen\/#primaryimage\"},\"thumbnailUrl\":\"https:\/\/rosendalshonung.se\/de\/wp-content\/plugins\/advanced-wp-columns\/assets\/js\/plugins\/views\/img\/1x1-pixel.png\",\"datePublished\":\"2015-08-14T09:02:37+00:00\",\"dateModified\":\"2015-11-15T13:01:59+00:00\",\"breadcrumb\":{\"@id\":\"https:\/\/rosendalshonung.se\/de\/produkten\/bienenpollen\/#breadcrumb\"},\"inLanguage\":\"de\",\"potentialAction\":[{\"@type\":\"ReadAction\",\"target\":[\"https:\/\/rosendalshonung.se\/de\/produkten\/bienenpollen\/\"]}]},{\"@type\":\"ImageObject\",\"inLanguage\":\"de\",\"@id\":\"https:\/\/rosendalshonung.se\/de\/produkten\/bienenpollen\/#primaryimage\",\"url\":\"https:\/\/rosendalshonung.se\/de\/wp-content\/plugins\/advanced-wp-columns\/assets\/js\/plugins\/views\/img\/1x1-pixel.png\",\"contentUrl\":\"https:\/\/rosendalshonung.se\/de\/wp-content\/plugins\/advanced-wp-columns\/assets\/js\/plugins\/views\/img\/1x1-pixel.png\"},{\"@type\":\"BreadcrumbList\",\"@id\":\"https:\/\/rosendalshonung.se\/de\/produkten\/bienenpollen\/#breadcrumb\",\"itemListElement\":[{\"@type\":\"ListItem\",\"position\":1,\"name\":\"Hem\",\"item\":\"https:\/\/rosendalshonung.se\/de\/\"},{\"@type\":\"ListItem\",\"position\":2,\"name\":\"Produkten\",\"item\":\"https:\/\/rosendalshonung.se\/de\/produkten\/\"},{\"@type\":\"ListItem\",\"position\":3,\"name\":\"Bienenpollen\"}]},{\"@type\":\"WebSite\",\"@id\":\"https:\/\/rosendalshonung.se\/de\/#website\",\"url\":\"https:\/\/rosendalshonung.se\/de\/\",\"name\":\"Webview German Site\",\"description\":\"En till Webview Sites webbplats\",\"potentialAction\":[{\"@type\":\"SearchAction\",\"target\":{\"@type\":\"EntryPoint\",\"urlTemplate\":\"https:\/\/rosendalshonung.se\/de\/?s={search_term_string}\"},\"query-input\":{\"@type\":\"PropertyValueSpecification\",\"valueRequired\":true,\"valueName\":\"search_term_string\"}}],\"inLanguage\":\"de\"}]}<\/script>\n<!-- \/ Yoast SEO plugin. -->","yoast_head_json":{"title":"Bienenpollen - Webview German Site","robots":{"index":"index","follow":"follow","max-snippet":"max-snippet:-1","max-image-preview":"max-image-preview:large","max-video-preview":"max-video-preview:-1"},"canonical":"https:\/\/rosendalshonung.se\/de\/produkten\/bienenpollen\/","og_locale":"de_DE","og_type":"article","og_title":"Bienenpollen - Webview German Site","og_description":"Bienenpollen ist eine wunderbares Produkt, da er alles enth\u00e4lt, was der K\u00f6rper ben\u00f6tigt.Im Pollen finden sich Kohlenhydrate, Fett und Proteine sowie 16 verschiedene Vitamine,\u00a0Antioxidantien und 27 unterschiedliche Mineralien.Studien haben gezeigt, dass Bienenpollen die Immunabwehr steigert. Es hat sich auch\u00a0gezeigt, dass&hellip;Weiterlesen \u203a","og_url":"https:\/\/rosendalshonung.se\/de\/produkten\/bienenpollen\/","og_site_name":"Webview German Site","article_modified_time":"2015-11-15T13:01:59+00:00","og_image":[{"url":"https:\/\/rosendalshonung.se\/de\/wp-content\/plugins\/advanced-wp-columns\/assets\/js\/plugins\/views\/img\/1x1-pixel.png","type":"","width":"","height":""}],"twitter_card":"summary_large_image","twitter_misc":{"Gesch\u00e4tzte Lesezeit":"1\u00a0Minute"},"schema":{"@context":"https:\/\/schema.org","@graph":[{"@type":"WebPage","@id":"https:\/\/rosendalshonung.se\/de\/produkten\/bienenpollen\/","url":"https:\/\/rosendalshonung.se\/de\/produkten\/bienenpollen\/","name":"Bienenpollen - Webview German Site","isPartOf":{"@id":"https:\/\/rosendalshonung.se\/de\/#website"},"primaryImageOfPage":{"@id":"https:\/\/rosendalshonung.se\/de\/produkten\/bienenpollen\/#primaryimage"},"image":{"@id":"https:\/\/rosendalshonung.se\/de\/produkten\/bienenpollen\/#primaryimage"},"thumbnailUrl":"https:\/\/rosendalshonung.se\/de\/wp-content\/plugins\/advanced-wp-columns\/assets\/js\/plugins\/views\/img\/1x1-pixel.png","datePublished":"2015-08-14T09:02:37+00:00","dateModified":"2015-11-15T13:01:59+00:00","breadcrumb":{"@id":"https:\/\/rosendalshonung.se\/de\/produkten\/bienenpollen\/#breadcrumb"},"inLanguage":"de","potentialAction":[{"@type":"ReadAction","target":["https:\/\/rosendalshonung.se\/de\/produkten\/bienenpollen\/"]}]},{"@type":"ImageObject","inLanguage":"de","@id":"https:\/\/rosendalshonung.se\/de\/produkten\/bienenpollen\/#primaryimage","url":"https:\/\/rosendalshonung.se\/de\/wp-content\/plugins\/advanced-wp-columns\/assets\/js\/plugins\/views\/img\/1x1-pixel.png","contentUrl":"https:\/\/rosendalshonung.se\/de\/wp-content\/plugins\/advanced-wp-columns\/assets\/js\/plugins\/views\/img\/1x1-pixel.png"},{"@type":"BreadcrumbList","@id":"https:\/\/rosendalshonung.se\/de\/produkten\/bienenpollen\/#breadcrumb","itemListElement":[{"@type":"ListItem","position":1,"name":"Hem","item":"https:\/\/rosendalshonung.se\/de\/"},{"@type":"ListItem","position":2,"name":"Produkten","item":"https:\/\/rosendalshonung.se\/de\/produkten\/"},{"@type":"ListItem","position":3,"name":"Bienenpollen"}]},{"@type":"WebSite","@id":"https:\/\/rosendalshonung.se\/de\/#website","url":"https:\/\/rosendalshonung.se\/de\/","name":"Webview German Site","description":"En till Webview Sites webbplats","potentialAction":[{"@type":"SearchAction","target":{"@type":"EntryPoint","urlTemplate":"https:\/\/rosendalshonung.se\/de\/?s={search_term_string}"},"query-input":{"@type":"PropertyValueSpecification","valueRequired":true,"valueName":"search_term_string"}}],"inLanguage":"de"}]}},"_links":{"self":[{"href":"https:\/\/rosendalshonung.se\/de\/wp-json\/wp\/v2\/pages\/81","targetHints":{"allow":["GET"]}}],"collection":[{"href":"https:\/\/rosendalshonung.se\/de\/wp-json\/wp\/v2\/pages"}],"about":[{"href":"https:\/\/rosendalshonung.se\/de\/wp-json\/wp\/v2\/types\/page"}],"author":[{"embeddable":true,"href":"https:\/\/rosendalshonung.se\/de\/wp-json\/wp\/v2\/users\/3"}],"replies":[{"embeddable":true,"href":"https:\/\/rosendalshonung.se\/de\/wp-json\/wp\/v2\/comments?post=81"}],"version-history":[{"count":8,"href":"https:\/\/rosendalshonung.se\/de\/wp-json\/wp\/v2\/pages\/81\/revisions"}],"predecessor-version":[{"id":185,"href":"https:\/\/rosendalshonung.se\/de\/wp-json\/wp\/v2\/pages\/81\/revisions\/185"}],"up":[{"embeddable":true,"href":"https:\/\/rosendalshonung.se\/de\/wp-json\/wp\/v2\/pages\/22"}],"wp:attachment":[{"href":"https:\/\/rosendalshonung.se\/de\/wp-json\/wp\/v2\/media?parent=81"}],"curies":[{"name":"wp","href":"https:\/\/api.w.org\/{rel}","templated":true}]}}