{"id":125,"date":"2015-11-14T08:20:02","date_gmt":"2015-11-14T08:20:02","guid":{"rendered":"http:\/\/rosendalshonung.se\/en\/?page_id=125"},"modified":"2015-11-15T12:10:32","modified_gmt":"2015-11-15T12:10:32","slug":"sales-channels","status":"publish","type":"page","link":"https:\/\/rosendalshonung.se\/en\/the-company\/sales-channels\/","title":{"rendered":"Sales Channels"},"content":{"rendered":"<p>We mostly sell through our retailers, but we have also been at fairs.<\/p>\n<div class=\"csRow\">\n<div class=\"csColumnGap\" style=\"margin: 0px; padding: 0px; float: left; width: 2.08%;\"><img decoding=\"async\" src=\"https:\/\/rosendalshonung.se\/wp-content\/plugins\/advanced-wp-columns\/assets\/js\/plugins\/views\/img\/1x1-pixel.png\" alt=\"\" \/><\/div>\n<div class=\"csColumn\" style=\"margin: 0px; padding: 0px; float: left; width: 54.2%;\" data-csid=\"81b9f24b-aa54-86b4-b5a1-224b8c7d1eb5\" data-cswidth=\"54.2%\" data-csendpoint=\"540\" data-csstartpoint=\"20\">\n<p><img loading=\"lazy\" decoding=\"async\" class=\"alignnone size-full wp-image-171\" src=\"https:\/\/rosendalshonung.se\/wp-content\/uploads\/2015\/04\/farslappardagen2013no3.jpg\" alt=\"farslappardagen2013no3\" width=\"667\" height=\"441\" \/><br \/>\nOn May 1<sup>st<\/sup> we were at the release of the sheep (F\u00e5rsl\u00e4ppardagen) at S\u00e5nna G\u00e5rd outside of Axhult in Str\u00f6msn\u00e4sbruk. Both the mood and the weather were at their best in scenic Sm\u00e5land.<\/p>\n<\/div>\n<div class=\"csColumnGap\" style=\"margin: 0px; padding: 0px; float: left; width: 5.21%;\"><img decoding=\"async\" src=\"https:\/\/rosendalshonung.se\/wp-content\/plugins\/advanced-wp-columns\/assets\/js\/plugins\/views\/img\/1x1-pixel.png\" alt=\"\" \/><\/div>\n<div class=\"csColumn\" style=\"margin: 0px; padding: 0px; float: left; width: 36.5%;\" data-csid=\"a3cfcde1-66ec-8722-8806-30e40fb38621\" data-cswidth=\"36.5%\" data-csendpoint=\"940\" data-csstartpoint=\"590\">\n<p>\u00a0<a href=\"https:\/\/rosendalshonung.se\/wp-content\/uploads\/sites\/1\/2015\/04\/massa.jpg\"><img loading=\"lazy\" decoding=\"async\" class=\"alignnone size-full wp-image-288\" src=\"https:\/\/rosendalshonung.se\/wp-content\/uploads\/sites\/1\/2015\/04\/massa.jpg\" alt=\"massa\" width=\"370\" height=\"319\" \/><\/a><br \/>\nWe have participated at Sveriges Fotterapeuters (Swedish Chiropodists) Annual General Meeting in Karlskrona.<\/p>\n<p><img loading=\"lazy\" decoding=\"async\" class=\"alignnone size-full wp-image-287\" src=\"https:\/\/rosendalshonung.se\/wp-content\/uploads\/sites\/1\/2015\/04\/julmarknad2014.jpg\" alt=\"julmarknad2014\" width=\"370\" height=\"372\" \/><br \/>\nChristmas fair at the Old Square. Together with <em>Lokal mat i Sunnerbo<\/em>.<\/p>\n<\/div>\n<\/div>\n","protected":false},"excerpt":{"rendered":"<p>We mostly sell through our retailers, but we have also been at fairs. On May 1st we were at the release of the sheep (F\u00e5rsl\u00e4ppardagen) at S\u00e5nna G\u00e5rd outside of Axhult in Str\u00f6msn\u00e4sbruk. Both the mood and the weather were<span class=\"ellipsis\">&hellip;<\/span><\/p>\n<div class=\"read-more\"><a href=\"https:\/\/rosendalshonung.se\/en\/the-company\/sales-channels\/\">Read more &#8250;<\/a><\/div>\n<p><!-- end of .read-more --><\/p>\n","protected":false},"author":1,"featured_media":0,"parent":2,"menu_order":50,"comment_status":"closed","ping_status":"closed","template":"full-width-page.php","meta":{"footnotes":""},"class_list":["post-125","page","type-page","status-publish","hentry"],"yoast_head":"<!-- This site is optimized with the Yoast SEO plugin v26.0 - https:\/\/yoast.com\/wordpress\/plugins\/seo\/ -->\n<title>Sales Channels - Webview English<\/title>\n<meta name=\"robots\" content=\"index, follow, max-snippet:-1, max-image-preview:large, max-video-preview:-1\" \/>\n<link rel=\"canonical\" href=\"https:\/\/rosendalshonung.se\/en\/the-company\/sales-channels\/\" \/>\n<meta property=\"og:locale\" content=\"en_US\" \/>\n<meta property=\"og:type\" content=\"article\" \/>\n<meta property=\"og:title\" content=\"Sales Channels - Webview English\" \/>\n<meta property=\"og:description\" content=\"We mostly sell through our retailers, but we have also been at fairs. On May 1st we were at the release of the sheep (F\u00e5rsl\u00e4ppardagen) at S\u00e5nna G\u00e5rd outside of Axhult in Str\u00f6msn\u00e4sbruk. Both the mood and the weather were&hellip;Read more &#8250;\" \/>\n<meta property=\"og:url\" content=\"https:\/\/rosendalshonung.se\/en\/the-company\/sales-channels\/\" \/>\n<meta property=\"og:site_name\" content=\"Webview English\" \/>\n<meta property=\"article:modified_time\" content=\"2015-11-15T12:10:32+00:00\" \/>\n<meta property=\"og:image\" content=\"https:\/\/rosendalshonung.se\/wp-content\/plugins\/advanced-wp-columns\/assets\/js\/plugins\/views\/img\/1x1-pixel.png\" \/>\n<meta name=\"twitter:card\" content=\"summary_large_image\" \/>\n<script type=\"application\/ld+json\" class=\"yoast-schema-graph\">{\"@context\":\"https:\/\/schema.org\",\"@graph\":[{\"@type\":\"WebPage\",\"@id\":\"https:\/\/rosendalshonung.se\/en\/the-company\/sales-channels\/\",\"url\":\"https:\/\/rosendalshonung.se\/en\/the-company\/sales-channels\/\",\"name\":\"Sales Channels - Webview English\",\"isPartOf\":{\"@id\":\"https:\/\/rosendalshonung.se\/en\/#website\"},\"primaryImageOfPage\":{\"@id\":\"https:\/\/rosendalshonung.se\/en\/the-company\/sales-channels\/#primaryimage\"},\"image\":{\"@id\":\"https:\/\/rosendalshonung.se\/en\/the-company\/sales-channels\/#primaryimage\"},\"thumbnailUrl\":\"https:\/\/rosendalshonung.se\/wp-content\/plugins\/advanced-wp-columns\/assets\/js\/plugins\/views\/img\/1x1-pixel.png\",\"datePublished\":\"2015-11-14T08:20:02+00:00\",\"dateModified\":\"2015-11-15T12:10:32+00:00\",\"breadcrumb\":{\"@id\":\"https:\/\/rosendalshonung.se\/en\/the-company\/sales-channels\/#breadcrumb\"},\"inLanguage\":\"en-US\",\"potentialAction\":[{\"@type\":\"ReadAction\",\"target\":[\"https:\/\/rosendalshonung.se\/en\/the-company\/sales-channels\/\"]}]},{\"@type\":\"ImageObject\",\"inLanguage\":\"en-US\",\"@id\":\"https:\/\/rosendalshonung.se\/en\/the-company\/sales-channels\/#primaryimage\",\"url\":\"https:\/\/rosendalshonung.se\/wp-content\/plugins\/advanced-wp-columns\/assets\/js\/plugins\/views\/img\/1x1-pixel.png\",\"contentUrl\":\"https:\/\/rosendalshonung.se\/wp-content\/plugins\/advanced-wp-columns\/assets\/js\/plugins\/views\/img\/1x1-pixel.png\"},{\"@type\":\"BreadcrumbList\",\"@id\":\"https:\/\/rosendalshonung.se\/en\/the-company\/sales-channels\/#breadcrumb\",\"itemListElement\":[{\"@type\":\"ListItem\",\"position\":1,\"name\":\"Hem\",\"item\":\"https:\/\/rosendalshonung.se\/en\/\"},{\"@type\":\"ListItem\",\"position\":2,\"name\":\"The company\",\"item\":\"https:\/\/rosendalshonung.se\/en\/the-company\/\"},{\"@type\":\"ListItem\",\"position\":3,\"name\":\"Sales Channels\"}]},{\"@type\":\"WebSite\",\"@id\":\"https:\/\/rosendalshonung.se\/en\/#website\",\"url\":\"https:\/\/rosendalshonung.se\/en\/\",\"name\":\"Webview English\",\"description\":\"\",\"potentialAction\":[{\"@type\":\"SearchAction\",\"target\":{\"@type\":\"EntryPoint\",\"urlTemplate\":\"https:\/\/rosendalshonung.se\/en\/?s={search_term_string}\"},\"query-input\":{\"@type\":\"PropertyValueSpecification\",\"valueRequired\":true,\"valueName\":\"search_term_string\"}}],\"inLanguage\":\"en-US\"}]}<\/script>\n<!-- \/ Yoast SEO plugin. -->","yoast_head_json":{"title":"Sales Channels - Webview English","robots":{"index":"index","follow":"follow","max-snippet":"max-snippet:-1","max-image-preview":"max-image-preview:large","max-video-preview":"max-video-preview:-1"},"canonical":"https:\/\/rosendalshonung.se\/en\/the-company\/sales-channels\/","og_locale":"en_US","og_type":"article","og_title":"Sales Channels - Webview English","og_description":"We mostly sell through our retailers, but we have also been at fairs. On May 1st we were at the release of the sheep (F\u00e5rsl\u00e4ppardagen) at S\u00e5nna G\u00e5rd outside of Axhult in Str\u00f6msn\u00e4sbruk. Both the mood and the weather were&hellip;Read more &#8250;","og_url":"https:\/\/rosendalshonung.se\/en\/the-company\/sales-channels\/","og_site_name":"Webview English","article_modified_time":"2015-11-15T12:10:32+00:00","og_image":[{"url":"https:\/\/rosendalshonung.se\/wp-content\/plugins\/advanced-wp-columns\/assets\/js\/plugins\/views\/img\/1x1-pixel.png","type":"","width":"","height":""}],"twitter_card":"summary_large_image","schema":{"@context":"https:\/\/schema.org","@graph":[{"@type":"WebPage","@id":"https:\/\/rosendalshonung.se\/en\/the-company\/sales-channels\/","url":"https:\/\/rosendalshonung.se\/en\/the-company\/sales-channels\/","name":"Sales Channels - Webview English","isPartOf":{"@id":"https:\/\/rosendalshonung.se\/en\/#website"},"primaryImageOfPage":{"@id":"https:\/\/rosendalshonung.se\/en\/the-company\/sales-channels\/#primaryimage"},"image":{"@id":"https:\/\/rosendalshonung.se\/en\/the-company\/sales-channels\/#primaryimage"},"thumbnailUrl":"https:\/\/rosendalshonung.se\/wp-content\/plugins\/advanced-wp-columns\/assets\/js\/plugins\/views\/img\/1x1-pixel.png","datePublished":"2015-11-14T08:20:02+00:00","dateModified":"2015-11-15T12:10:32+00:00","breadcrumb":{"@id":"https:\/\/rosendalshonung.se\/en\/the-company\/sales-channels\/#breadcrumb"},"inLanguage":"en-US","potentialAction":[{"@type":"ReadAction","target":["https:\/\/rosendalshonung.se\/en\/the-company\/sales-channels\/"]}]},{"@type":"ImageObject","inLanguage":"en-US","@id":"https:\/\/rosendalshonung.se\/en\/the-company\/sales-channels\/#primaryimage","url":"https:\/\/rosendalshonung.se\/wp-content\/plugins\/advanced-wp-columns\/assets\/js\/plugins\/views\/img\/1x1-pixel.png","contentUrl":"https:\/\/rosendalshonung.se\/wp-content\/plugins\/advanced-wp-columns\/assets\/js\/plugins\/views\/img\/1x1-pixel.png"},{"@type":"BreadcrumbList","@id":"https:\/\/rosendalshonung.se\/en\/the-company\/sales-channels\/#breadcrumb","itemListElement":[{"@type":"ListItem","position":1,"name":"Hem","item":"https:\/\/rosendalshonung.se\/en\/"},{"@type":"ListItem","position":2,"name":"The company","item":"https:\/\/rosendalshonung.se\/en\/the-company\/"},{"@type":"ListItem","position":3,"name":"Sales Channels"}]},{"@type":"WebSite","@id":"https:\/\/rosendalshonung.se\/en\/#website","url":"https:\/\/rosendalshonung.se\/en\/","name":"Webview English","description":"","potentialAction":[{"@type":"SearchAction","target":{"@type":"EntryPoint","urlTemplate":"https:\/\/rosendalshonung.se\/en\/?s={search_term_string}"},"query-input":{"@type":"PropertyValueSpecification","valueRequired":true,"valueName":"search_term_string"}}],"inLanguage":"en-US"}]}},"_links":{"self":[{"href":"https:\/\/rosendalshonung.se\/en\/wp-json\/wp\/v2\/pages\/125","targetHints":{"allow":["GET"]}}],"collection":[{"href":"https:\/\/rosendalshonung.se\/en\/wp-json\/wp\/v2\/pages"}],"about":[{"href":"https:\/\/rosendalshonung.se\/en\/wp-json\/wp\/v2\/types\/page"}],"author":[{"embeddable":true,"href":"https:\/\/rosendalshonung.se\/en\/wp-json\/wp\/v2\/users\/1"}],"replies":[{"embeddable":true,"href":"https:\/\/rosendalshonung.se\/en\/wp-json\/wp\/v2\/comments?post=125"}],"version-history":[{"count":2,"href":"https:\/\/rosendalshonung.se\/en\/wp-json\/wp\/v2\/pages\/125\/revisions"}],"predecessor-version":[{"id":174,"href":"https:\/\/rosendalshonung.se\/en\/wp-json\/wp\/v2\/pages\/125\/revisions\/174"}],"up":[{"embeddable":true,"href":"https:\/\/rosendalshonung.se\/en\/wp-json\/wp\/v2\/pages\/2"}],"wp:attachment":[{"href":"https:\/\/rosendalshonung.se\/en\/wp-json\/wp\/v2\/media?parent=125"}],"curies":[{"name":"wp","href":"https:\/\/api.w.org\/{rel}","templated":true}]}}