{"id":16,"date":"2015-04-29T21:09:36","date_gmt":"2015-04-29T21:09:36","guid":{"rendered":"http:\/\/rosendalshonung.se\/en\/?page_id=16"},"modified":"2019-06-03T17:01:16","modified_gmt":"2019-06-03T17:01:16","slug":"retailers","status":"publish","type":"page","link":"https:\/\/rosendalshonung.se\/en\/retailers\/","title":{"rendered":"Retailers"},"content":{"rendered":"<div class=\"csColumn\" style=\"margin: 0px;padding: 0px;float: left;width: 12%\">\n<h3><strong>Location<\/strong><\/h3>\n<hr \/>\n<p>Aneby<\/p>\n<p>Berlin, Germany<\/p>\n<p style=\"text-align: left\">Bromma<\/p>\n<p style=\"text-align: left\">Halmstad<\/p>\n<p>Hamburg, Germany<\/p>\n<p style=\"text-align: left\">Hammenh\u00f6g<\/p>\n<p style=\"text-align: left\">Hamneda<\/p>\n<p style=\"text-align: left\">Hamneda<\/p>\n<p>Hedekas<\/p>\n<p style=\"text-align: left\">H\u00f6\u00f6r<\/p>\n<p style=\"text-align: left\">Kn\u00e4red<\/p>\n<p>Knislinge<\/p>\n<p style=\"text-align: left\">Kristianstad<\/p>\n<p style=\"text-align: left\">Kristianstad<\/p>\n<p style=\"text-align: left\">Liatorp<\/p>\n<p style=\"text-align: left\">Liatorp<\/p>\n<p style=\"text-align: left\">Lidhult<\/p>\n<p>Lidhult<\/p>\n<p style=\"text-align: left\">Ljungby<\/p>\n<p style=\"text-align: left\">Ljungby<\/p>\n<p style=\"text-align: left\">Ljungby<\/p>\n<p style=\"text-align: left\">Ljungby<\/p>\n<p>Lund<\/p>\n<p style=\"text-align: left\">Markaryd<\/p>\n<p style=\"text-align: left\">Markaryd<\/p>\n<p style=\"text-align: left\">Markaryd<\/p>\n<p style=\"text-align: left\">Markaryd<\/p>\n<p style=\"text-align: left\">Markaryd<\/p>\n<p style=\"text-align: left\">Markaryd<\/p>\n<p style=\"text-align: left\">Moheda<\/p>\n<p>Oskarshamn<\/p>\n<p style=\"text-align: left\">Ryssby<\/p>\n<p style=\"text-align: left\">R\u00f6deby<\/p>\n<p style=\"text-align: left\">Sala<\/p>\n<p>Skurup<\/p>\n<p style=\"text-align: left\">Skurup<\/p>\n<p style=\"text-align: left\">Stockholm<\/p>\n<p style=\"text-align: left\">Str\u00f6msn\u00e4sbruk<\/p>\n<p style=\"text-align: left\">Str\u00f6msn\u00e4sbruk<\/p>\n<p style=\"text-align: left\">Str\u00f6msn\u00e4sbruk<\/p>\n<p style=\"text-align: left\">Tomelilla<\/p>\n<p style=\"text-align: left\">Traryd<\/p>\n<p style=\"text-align: left\">Veber\u00f6d<\/p>\n<p style=\"text-align: left\">V\u00e4xj\u00f6<\/p>\n<p style=\"text-align: left\">V\u00e4xj\u00f6<\/p>\n<p style=\"text-align: left\">V\u00e4xj\u00f6<\/p>\n<p style=\"text-align: left\">\u00c4lmhult<\/p>\n<\/div>\n<div class=\"csColumnGap\" style=\"margin: 0px;padding: 0px;float: left;width: 2%\"><img decoding=\"async\" style=\"border: none\" src=\"https:\/\/rosendalshonung.se\/wp-content\/plugins\/advanced-wp-columns\/assets\/js\/plugins\/views\/img\/1x1-pixel.png\" alt=\"\" \/><\/div>\n<div class=\"csColumn\" style=\"margin: 0px;padding: 0px;float: left;width: 31%\">\n<h3><strong>Retailer<\/strong><\/h3>\n<hr \/>\n<p>Grodans Fotv\u00e5rd<\/p>\n<p>Regale Center<\/p>\n<p>Linus Friskv\u00e5rd<\/p>\n<p>Brogatan 52<\/p>\n<p>Regale Center<\/p>\n<p>Gunnarsh\u00f6gs G\u00e5rd<\/p>\n<p>Bolmen Fisk, Trafikplats E4:an<\/p>\n<p>Sunnerborg G\u00e5rdsbutik<\/p>\n<p>Gr\u00f6n G\u00e5va<\/p>\n<p>H\u00f6\u00f6rs H\u00e4lsokost<\/p>\n<p>Bruddalens Hantverk<\/p>\n<p>Wan\u00e5s Konst<\/p>\n<p>Goa F\u00f6tter<\/p>\n<p>Viby Potatis G\u00e5rdsbutik<\/p>\n<p>ICA N\u00e4ra<\/p>\n<p>Mariannes Fotv\u00e5rd<\/p>\n<p>ICA N\u00e4ra<\/p>\n<p>Lidhults Bygg &amp; Lantm\u00e4n<\/p>\n<p>ICA MAXI<\/p>\n<p>Kastebergs G\u00e5rd<\/p>\n<p>Ljungr\u00e4ttens kiosk &amp; caf\u00e9, Lasarettet<\/p>\n<p>Mj\u00e4rydsgrisen<\/p>\n<p>Bantorgets Fotv\u00e5rd<\/p>\n<p>Coop Konsum<\/p>\n<p>Gr\u00e4ddhyllan<\/p>\n<p>Gr\u00e4nsbygdens K\u00f6pcentrum<\/p>\n<p>ICA Kvantum<\/p>\n<p>Sm\u00e5landet, Markaryds \u00c4lgsafari<\/p>\n<p>Team Sportia<\/p>\n<p>Foth\u00e4lsan<\/p>\n<p>Vardagliga Ting<\/p>\n<p>ICA N\u00e4ra<\/p>\n<p>Fossingen<\/p>\n<p>H\u00e4lsokraft<\/p>\n<p>Kropp &amp; Sj\u00e4l AB<\/p>\n<p>Skurups H\u00e4lsokost<\/p>\n<p>\u00d6rtagubben<\/p>\n<p>Christins Fotv\u00e5rd<\/p>\n<p>ICA N\u00e4ra<\/p>\n<p>Lugg<\/p>\n<p>Ingrids Fotv\u00e5rd<\/p>\n<p>Coop N\u00e4ra<\/p>\n<p>Veber\u00f6ds H\u00e4lsokostbutik<\/p>\n<p>Johannebutiken<\/p>\n<p>Toftastrand Hotell &amp; Konditori<\/p>\n<p>V\u00e4xj\u00f6 H\u00e4lsokost<\/p>\n<p>ICA Maxi<\/p>\n<\/div>\n<div class=\"csColumnGap\" style=\"margin: 0px;padding: 0px;float: left;width: 2%\"><img decoding=\"async\" style=\"border: none\" src=\"https:\/\/rosendalshonung.se\/wp-content\/plugins\/advanced-wp-columns\/assets\/js\/plugins\/views\/img\/1x1-pixel.png\" alt=\"\" \/><\/div>\n<div class=\"csColumn\" style=\"margin: 0px;padding: 0px;float: left;width: 27%\">\n<h3><strong>Contact<\/strong><\/h3>\n<hr \/>\n<p><a href=\"http:\/\/www.mariesmedicinskafotvard.se\/\" target=\"_blank\" rel=\"noopener noreferrer\">http:\/\/www.mariesmedicinskafotvard.se\/<\/a><\/p>\n<p><a href=\"https:\/\/www.regale-berlin.de\/\">https:\/\/www.regale-berlin.de\/<\/a><\/p>\n<p><a href=\"http:\/\/www.linusfriskvard.se\/\" target=\"_blank\" rel=\"noopener noreferrer\">http:\/\/www.linusfriskvard.se\/<\/a><\/p>\n<p><a href=\"http:\/\/www.brogatan52.se\/\" target=\"_blank\" rel=\"noopener noreferrer\">http:\/\/www.brogatan52.se\/<\/a><\/p>\n<p><a href=\"https:\/\/www.regale-hamburg.de\/\">https:\/\/www.regale-hamburg.de\/<\/a><\/p>\n<p><a href=\"http:\/\/www.gunnarshog.se\/\">http:\/\/www.gunnarshog.se\/<\/a><\/p>\n<p><a href=\"http:\/\/www.bolmenfisk.se\/\">http:\/\/www.bolmenfisk.se\/<\/a><\/p>\n<p><a href=\"https:\/\/www.facebook.com\/SunnerborgsViltkott\" target=\"_blank\" rel=\"noopener noreferrer\">facebook.com\/SunnerborgsViltkott<\/a><\/p>\n<p><a href=\"https:\/\/grongava.se\/\">https:\/\/grongava.se\/<\/a><\/p>\n<p>0413-206 00<\/p>\n<p><a href=\"http:\/\/www.bruddalenshantverk.se\/\">http:\/\/www.bruddalenshantverk.se\/<\/a><\/p>\n<p><a href=\"https:\/\/www.wanaskonst.se\/en-us\/\" target=\"_blank\" rel=\"noopener noreferrer\">https:\/\/www.wanaskonst.se\/en-us\/<\/a><\/p>\n<p>044-24 41 29<\/p>\n<p><a href=\"http:\/\/www.vibypotatis.se\/\" target=\"_blank\" rel=\"noopener noreferrer\">http:\/\/www.vibypotatis.se\/<\/a><\/p>\n<p><a href=\"http:\/\/www.ica.se\/liatorp\">http:\/\/www.ica.se\/liatorp<\/a><\/p>\n<p>070-530 05 08<\/p>\n<p><a href=\"http:\/\/www.ica.se\/butiker\/nara\/ljungby\/ica-nara-lidhult-2298\/start\/\" target=\"_blank\" rel=\"noopener noreferrer\">http:\/\/www.ica.se\/butiker\/lidhult<\/a><\/p>\n<p><a href=\"http:\/\/www.lidhultsbygg.se\/\" target=\"_blank\" rel=\"noopener noreferrer\">http:\/\/www.lidhultsbygg.se\/<\/a><\/p>\n<p><a href=\"http:\/\/www.ica.se\/ljungby\/\">http:\/\/www.ica.se\/ljungby\/<\/a><\/p>\n<p><a href=\"http:\/\/www.kasteberg.com\/\">http:\/\/www.kasteberg.com\/<\/a><\/p>\n<p>0372-58 55 52<\/p>\n<p><a href=\"http:\/\/www.mjarydsgrisen.se\/\">http:\/\/www.mjarydsgrisen.se\/<\/a><\/p>\n<p><a href=\"http:\/\/www.bantorgetsfotvard.com\/\" target=\"_blank\" rel=\"noopener noreferrer\">http:\/\/www.bantorgetsfotvard.com\/<\/a><\/p>\n<p><a href=\"https:\/\/www.coop.se\/Markaryd\/\">https:\/\/www.coop.se\/Markaryd\/<\/a><\/p>\n<p><a href=\"http:\/\/www.graddhyllan.net\/\">http:\/\/www.graddhyllan.net\/<\/a><\/p>\n<p><a href=\"https:\/\/www.gransbygden.se\/\">https:\/\/www.gransbygden.se\/<\/a><\/p>\n<p><a href=\"http:\/\/www.ica.se\/markaryd\/\">http:\/\/www.ica.se\/markaryd\/<\/a><\/p>\n<p><a href=\"http:\/\/www.smalandet.se\/\">http:\/\/www.smalandet.se\/<\/a><\/p>\n<p><a href=\"https:\/\/www.teamsportia.se\/team-sportia-markaryd\" target=\"_blank\" rel=\"noopener noreferrer\">https:\/\/www.teamsportia.se\/markaryd<\/a><\/p>\n<p>070-386 22 50<\/p>\n<p><a href=\"https:\/\/www.facebook.com\/VardagligaTing\/\" target=\"_blank\" rel=\"noopener noreferrer\">https:\/\/www.facebook.com\/VardagligaTing\/<\/a><\/p>\n<p><a href=\"http:\/\/www.ica.se\/ryssby\">http:\/\/www.ica.se\/ryssby<\/a><\/p>\n<p>0455-404 48<\/p>\n<p><a href=\"http:\/\/www.halsokraft.se\/\">http:\/\/www.halsokraft.se\/<\/a><\/p>\n<p><a href=\"http:\/\/www.kroppochsjal.org\/\">http:\/\/www.kroppochsjal.org\/<\/a><\/p>\n<p><a href=\"https:\/\/www.facebook.com\/pages\/Skurups-H%C3%A4lsokost\/537836862986858\" target=\"_blank\" rel=\"noopener noreferrer\">facebook.com\/Skurups<\/a><\/p>\n<p><a href=\"http:\/\/www.ortagubben.se\/\" target=\"_blank\" rel=\"noopener noreferrer\">http:\/\/www.ortagubben.se\/<\/a><\/p>\n<p>0433-211 33<\/p>\n<p><a href=\"http:\/\/www.ica.se\/stromsnasbruk\">http:\/\/www.ica.se\/stromsnasbruk<\/a>\/<\/p>\n<p><a href=\"https:\/\/www.facebook.com\/lugg.se\">facebook.com\/lugg<\/a><\/p>\n<p><a href=\"http:\/\/www.ingridsfotvard.se\/\">http:\/\/www.ingridsfotvard.se\/<\/a><\/p>\n<p><a href=\"https:\/\/www.coop.se\/Butiker-varor--erbjudanden\/Butiker-import\/Coop-Nara\/Coop-Nara-Traryd\/\">https:\/\/www.coop.se\/Traryd\/<\/a><\/p>\n<p><a href=\"http:\/\/www.veberodshalsobutik.se\/\">http:\/\/www.veberodshalsobutik.se\/<\/a><\/p>\n<p><a href=\"http:\/\/www.johanne.se\/\">http:\/\/www.johanne.se\/<\/a><\/p>\n<p><a href=\"http:\/\/www.villavik.se\/\">http:\/\/www.villavik.se\/<\/a><\/p>\n<p><a href=\"http:\/\/vaxjohalsokost.se\/\">http:\/\/vaxjohalsokost.se\/<\/a><\/p>\n<p><a href=\"http:\/\/www.ica.se\/\/maxi\/almhult\/\" target=\"_blank\" rel=\"noopener noreferrer\">http:\/\/www.ica.se\/maxi\/almhult\/<\/a><\/p>\n<\/div>\n<div class=\"csColumn\" style=\"margin: 0px;padding: 0px;float: left;width: 24%\"><\/div>\n","protected":false},"excerpt":{"rendered":"<p>Location Aneby Berlin, Germany Bromma Halmstad Hamburg, Germany Hammenh\u00f6g Hamneda Hamneda Hedekas H\u00f6\u00f6r Kn\u00e4red Knislinge Kristianstad Kristianstad Liatorp Liatorp Lidhult Lidhult Ljungby Ljungby Ljungby Ljungby Lund Markaryd Markaryd Markaryd Markaryd Markaryd Markaryd Moheda Oskarshamn Ryssby R\u00f6deby Sala Skurup Skurup Stockholm<span class=\"ellipsis\">&hellip;<\/span><\/p>\n<div class=\"read-more\"><a href=\"https:\/\/rosendalshonung.se\/en\/retailers\/\">Read more &#8250;<\/a><\/div>\n<p><!-- end of .read-more --><\/p>\n","protected":false},"author":1,"featured_media":0,"parent":0,"menu_order":40,"comment_status":"closed","ping_status":"closed","template":"full-width-page.php","meta":{"footnotes":""},"class_list":["post-16","page","type-page","status-publish","hentry"],"yoast_head":"<!-- This site is optimized with the Yoast SEO plugin v26.0 - https:\/\/yoast.com\/wordpress\/plugins\/seo\/ -->\n<title>Retailers - Webview English<\/title>\n<meta name=\"robots\" content=\"index, follow, max-snippet:-1, max-image-preview:large, max-video-preview:-1\" \/>\n<link rel=\"canonical\" href=\"https:\/\/rosendalshonung.se\/en\/retailers\/\" \/>\n<meta property=\"og:locale\" content=\"en_US\" \/>\n<meta property=\"og:type\" content=\"article\" \/>\n<meta property=\"og:title\" content=\"Retailers - Webview English\" \/>\n<meta property=\"og:description\" content=\"Location Aneby Berlin, Germany Bromma Halmstad Hamburg, Germany Hammenh\u00f6g Hamneda Hamneda Hedekas H\u00f6\u00f6r Kn\u00e4red Knislinge Kristianstad Kristianstad Liatorp Liatorp Lidhult Lidhult Ljungby Ljungby Ljungby Ljungby Lund Markaryd Markaryd Markaryd Markaryd Markaryd Markaryd Moheda Oskarshamn Ryssby R\u00f6deby Sala Skurup Skurup Stockholm&hellip;Read more &#8250;\" \/>\n<meta property=\"og:url\" content=\"https:\/\/rosendalshonung.se\/en\/retailers\/\" \/>\n<meta property=\"og:site_name\" content=\"Webview English\" \/>\n<meta property=\"article:modified_time\" content=\"2019-06-03T17:01:16+00:00\" \/>\n<meta property=\"og:image\" content=\"https:\/\/rosendalshonung.se\/wp-content\/plugins\/advanced-wp-columns\/assets\/js\/plugins\/views\/img\/1x1-pixel.png\" \/>\n<meta name=\"twitter:card\" content=\"summary_large_image\" \/>\n<meta name=\"twitter:label1\" content=\"Est. reading time\" \/>\n\t<meta name=\"twitter:data1\" content=\"2 minutes\" \/>\n<script type=\"application\/ld+json\" class=\"yoast-schema-graph\">{\"@context\":\"https:\/\/schema.org\",\"@graph\":[{\"@type\":\"WebPage\",\"@id\":\"https:\/\/rosendalshonung.se\/en\/retailers\/\",\"url\":\"https:\/\/rosendalshonung.se\/en\/retailers\/\",\"name\":\"Retailers - Webview English\",\"isPartOf\":{\"@id\":\"https:\/\/rosendalshonung.se\/en\/#website\"},\"primaryImageOfPage\":{\"@id\":\"https:\/\/rosendalshonung.se\/en\/retailers\/#primaryimage\"},\"image\":{\"@id\":\"https:\/\/rosendalshonung.se\/en\/retailers\/#primaryimage\"},\"thumbnailUrl\":\"https:\/\/rosendalshonung.se\/wp-content\/plugins\/advanced-wp-columns\/assets\/js\/plugins\/views\/img\/1x1-pixel.png\",\"datePublished\":\"2015-04-29T21:09:36+00:00\",\"dateModified\":\"2019-06-03T17:01:16+00:00\",\"breadcrumb\":{\"@id\":\"https:\/\/rosendalshonung.se\/en\/retailers\/#breadcrumb\"},\"inLanguage\":\"en-US\",\"potentialAction\":[{\"@type\":\"ReadAction\",\"target\":[\"https:\/\/rosendalshonung.se\/en\/retailers\/\"]}]},{\"@type\":\"ImageObject\",\"inLanguage\":\"en-US\",\"@id\":\"https:\/\/rosendalshonung.se\/en\/retailers\/#primaryimage\",\"url\":\"https:\/\/rosendalshonung.se\/wp-content\/plugins\/advanced-wp-columns\/assets\/js\/plugins\/views\/img\/1x1-pixel.png\",\"contentUrl\":\"https:\/\/rosendalshonung.se\/wp-content\/plugins\/advanced-wp-columns\/assets\/js\/plugins\/views\/img\/1x1-pixel.png\"},{\"@type\":\"BreadcrumbList\",\"@id\":\"https:\/\/rosendalshonung.se\/en\/retailers\/#breadcrumb\",\"itemListElement\":[{\"@type\":\"ListItem\",\"position\":1,\"name\":\"Hem\",\"item\":\"https:\/\/rosendalshonung.se\/en\/\"},{\"@type\":\"ListItem\",\"position\":2,\"name\":\"Retailers\"}]},{\"@type\":\"WebSite\",\"@id\":\"https:\/\/rosendalshonung.se\/en\/#website\",\"url\":\"https:\/\/rosendalshonung.se\/en\/\",\"name\":\"Webview English\",\"description\":\"\",\"potentialAction\":[{\"@type\":\"SearchAction\",\"target\":{\"@type\":\"EntryPoint\",\"urlTemplate\":\"https:\/\/rosendalshonung.se\/en\/?s={search_term_string}\"},\"query-input\":{\"@type\":\"PropertyValueSpecification\",\"valueRequired\":true,\"valueName\":\"search_term_string\"}}],\"inLanguage\":\"en-US\"}]}<\/script>\n<!-- \/ Yoast SEO plugin. -->","yoast_head_json":{"title":"Retailers - Webview English","robots":{"index":"index","follow":"follow","max-snippet":"max-snippet:-1","max-image-preview":"max-image-preview:large","max-video-preview":"max-video-preview:-1"},"canonical":"https:\/\/rosendalshonung.se\/en\/retailers\/","og_locale":"en_US","og_type":"article","og_title":"Retailers - Webview English","og_description":"Location Aneby Berlin, Germany Bromma Halmstad Hamburg, Germany Hammenh\u00f6g Hamneda Hamneda Hedekas H\u00f6\u00f6r Kn\u00e4red Knislinge Kristianstad Kristianstad Liatorp Liatorp Lidhult Lidhult Ljungby Ljungby Ljungby Ljungby Lund Markaryd Markaryd Markaryd Markaryd Markaryd Markaryd Moheda Oskarshamn Ryssby R\u00f6deby Sala Skurup Skurup Stockholm&hellip;Read more &#8250;","og_url":"https:\/\/rosendalshonung.se\/en\/retailers\/","og_site_name":"Webview English","article_modified_time":"2019-06-03T17:01:16+00:00","og_image":[{"url":"https:\/\/rosendalshonung.se\/wp-content\/plugins\/advanced-wp-columns\/assets\/js\/plugins\/views\/img\/1x1-pixel.png","type":"","width":"","height":""}],"twitter_card":"summary_large_image","twitter_misc":{"Est. reading time":"2 minutes"},"schema":{"@context":"https:\/\/schema.org","@graph":[{"@type":"WebPage","@id":"https:\/\/rosendalshonung.se\/en\/retailers\/","url":"https:\/\/rosendalshonung.se\/en\/retailers\/","name":"Retailers - Webview English","isPartOf":{"@id":"https:\/\/rosendalshonung.se\/en\/#website"},"primaryImageOfPage":{"@id":"https:\/\/rosendalshonung.se\/en\/retailers\/#primaryimage"},"image":{"@id":"https:\/\/rosendalshonung.se\/en\/retailers\/#primaryimage"},"thumbnailUrl":"https:\/\/rosendalshonung.se\/wp-content\/plugins\/advanced-wp-columns\/assets\/js\/plugins\/views\/img\/1x1-pixel.png","datePublished":"2015-04-29T21:09:36+00:00","dateModified":"2019-06-03T17:01:16+00:00","breadcrumb":{"@id":"https:\/\/rosendalshonung.se\/en\/retailers\/#breadcrumb"},"inLanguage":"en-US","potentialAction":[{"@type":"ReadAction","target":["https:\/\/rosendalshonung.se\/en\/retailers\/"]}]},{"@type":"ImageObject","inLanguage":"en-US","@id":"https:\/\/rosendalshonung.se\/en\/retailers\/#primaryimage","url":"https:\/\/rosendalshonung.se\/wp-content\/plugins\/advanced-wp-columns\/assets\/js\/plugins\/views\/img\/1x1-pixel.png","contentUrl":"https:\/\/rosendalshonung.se\/wp-content\/plugins\/advanced-wp-columns\/assets\/js\/plugins\/views\/img\/1x1-pixel.png"},{"@type":"BreadcrumbList","@id":"https:\/\/rosendalshonung.se\/en\/retailers\/#breadcrumb","itemListElement":[{"@type":"ListItem","position":1,"name":"Hem","item":"https:\/\/rosendalshonung.se\/en\/"},{"@type":"ListItem","position":2,"name":"Retailers"}]},{"@type":"WebSite","@id":"https:\/\/rosendalshonung.se\/en\/#website","url":"https:\/\/rosendalshonung.se\/en\/","name":"Webview English","description":"","potentialAction":[{"@type":"SearchAction","target":{"@type":"EntryPoint","urlTemplate":"https:\/\/rosendalshonung.se\/en\/?s={search_term_string}"},"query-input":{"@type":"PropertyValueSpecification","valueRequired":true,"valueName":"search_term_string"}}],"inLanguage":"en-US"}]}},"_links":{"self":[{"href":"https:\/\/rosendalshonung.se\/en\/wp-json\/wp\/v2\/pages\/16","targetHints":{"allow":["GET"]}}],"collection":[{"href":"https:\/\/rosendalshonung.se\/en\/wp-json\/wp\/v2\/pages"}],"about":[{"href":"https:\/\/rosendalshonung.se\/en\/wp-json\/wp\/v2\/types\/page"}],"author":[{"embeddable":true,"href":"https:\/\/rosendalshonung.se\/en\/wp-json\/wp\/v2\/users\/1"}],"replies":[{"embeddable":true,"href":"https:\/\/rosendalshonung.se\/en\/wp-json\/wp\/v2\/comments?post=16"}],"version-history":[{"count":52,"href":"https:\/\/rosendalshonung.se\/en\/wp-json\/wp\/v2\/pages\/16\/revisions"}],"predecessor-version":[{"id":275,"href":"https:\/\/rosendalshonung.se\/en\/wp-json\/wp\/v2\/pages\/16\/revisions\/275"}],"wp:attachment":[{"href":"https:\/\/rosendalshonung.se\/en\/wp-json\/wp\/v2\/media?parent=16"}],"curies":[{"name":"wp","href":"https:\/\/api.w.org\/{rel}","templated":true}]}}